{"id":736834,"date":"2025-08-27T23:16:21","date_gmt":"2025-08-27T20:16:21","guid":{"rendered":"https:\/\/roveyayinevi.com.tr\/index.php\/urun\/fil-kadar-kucuk\/"},"modified":"2026-04-16T02:45:52","modified_gmt":"2026-04-15T23:45:52","slug":"fil-kadar-kucuk","status":"publish","type":"product","link":"https:\/\/roveyayinevi.com.tr\/index.php\/urun\/fil-kadar-kucuk\/","title":{"rendered":"Fil Kadar K\u00fc\u00e7\u00fck"},"content":{"rendered":"<p>\u201cFiller tehlikeyi sezebilir. Onlar, yakla\u015fan tsunamiyi ya da depremi \u00f6nceden hissedebilme kabiliyetine sahiptir. Ne yaz\u0131k ki Jack bu yetene\u011fe sahip de\u011fildi. Bu y\u00fczden, hayat\u0131n\u0131n tepetaklak oldu\u011fu g\u00fcn, haz\u0131rl\u0131ks\u0131z yakalanm\u0131\u015ft\u0131.\u201d   11 ya\u015f\u0131ndaki Jack sabah uyand\u0131\u011f\u0131nda, \u00f6nceki g\u00fcn annesiyle geldi\u011fi kamp alan\u0131nda yaln\u0131z oldu\u011funu fark etti. Psikolojik baz\u0131 sorunlar\u0131 olan annesinin daha \u00f6nce de ortadan kayboldu\u011funu bilen Jack, di\u011fer \u00e7ocuklar\u0131n yapaca\u011f\u0131 gibi birilerine haber vermek yerine kendi ba\u015f\u0131n\u0131n \u00e7aresine bakmaya karar verdi. Annesini aray\u0131p bulacakt\u0131. B\u00f6ylece ona e\u015flik eden k\u00fc\u00e7\u00fck bir oyuncak fille birlikte; inanc\u0131n\u0131, sadakatini ve zek\u00e2s\u0131n\u0131 test eden bir yolculu\u011fa \u00e7\u0131kt\u0131. <\/p>\n","protected":false},"excerpt":{"rendered":"<p>\u201cFiller tehlikeyi sezebilir. Onlar, yakla\u015fan tsunamiyi ya da depremi \u00f6nceden hissedebilme kabiliyetine sahiptir. Ne yaz\u0131k ki Jack bu yetene\u011fe sahip de\u011fildi. Bu y\u00fczden, hayat\u0131n\u0131n tepetaklak oldu\u011fu<span class=\"excerpt-hellip\"> [\u2026]<\/span><\/p>\n","protected":false},"featured_media":0,"template":"","meta":{"_monsterinsights_skip_tracking":false,"_monsterinsights_sitenote_active":false,"_monsterinsights_sitenote_note":"","_monsterinsights_sitenote_category":0},"product_brand":[],"product_cat":[12275,12274],"product_tag":[],"class_list":{"0":"post-736834","1":"product","2":"type-product","3":"status-publish","5":"product_cat-6-12-yas-kitaplari","6":"product_cat-cocuk-ve-genclik-kitaplari","7":"pa_cilt-ciltsiz","8":"pa_tur-kitap","9":"pa_yayinevi-ithaki-yayinlari","10":"pa_yazar-jennifer-richard-jacobson","12":"first","13":"instock","14":"sale","15":"shipping-taxable","16":"purchasable","17":"product-type-simple"},"_links":{"self":[{"href":"https:\/\/roveyayinevi.com.tr\/index.php\/wp-json\/wp\/v2\/product\/736834","targetHints":{"allow":["GET"]}}],"collection":[{"href":"https:\/\/roveyayinevi.com.tr\/index.php\/wp-json\/wp\/v2\/product"}],"about":[{"href":"https:\/\/roveyayinevi.com.tr\/index.php\/wp-json\/wp\/v2\/types\/product"}],"wp:attachment":[{"href":"https:\/\/roveyayinevi.com.tr\/index.php\/wp-json\/wp\/v2\/media?parent=736834"}],"wp:term":[{"taxonomy":"product_brand","embeddable":true,"href":"https:\/\/roveyayinevi.com.tr\/index.php\/wp-json\/wp\/v2\/product_brand?post=736834"},{"taxonomy":"product_cat","embeddable":true,"href":"https:\/\/roveyayinevi.com.tr\/index.php\/wp-json\/wp\/v2\/product_cat?post=736834"},{"taxonomy":"product_tag","embeddable":true,"href":"https:\/\/roveyayinevi.com.tr\/index.php\/wp-json\/wp\/v2\/product_tag?post=736834"}],"curies":[{"name":"wp","href":"https:\/\/api.w.org\/{rel}","templated":true}]}}