{"id":736833,"date":"2025-08-27T23:16:20","date_gmt":"2025-08-27T20:16:20","guid":{"rendered":"https:\/\/roveyayinevi.com.tr\/index.php\/urun\/etkili-nlp-becerileri\/"},"modified":"2026-03-16T02:48:43","modified_gmt":"2026-03-15T23:48:43","slug":"etkili-nlp-becerileri","status":"publish","type":"product","link":"https:\/\/roveyayinevi.com.tr\/index.php\/urun\/etkili-nlp-becerileri\/","title":{"rendered":"Etkili NLP Becerileri"},"content":{"rendered":"<p>\u2022              Neden baz\u0131 insanlarla ge\u00e7inmekte zorland\u0131\u011f\u0131n\u0131z\u0131 ya da baz\u0131lar\u0131n\u0131n neden sizden farkl\u0131 \u015fekilde du\u0308\u015fu\u0308nu\u0308yormu\u015f gibi geldi\u011fini merak etti\u011finiz oldu mu? \u2022              Neden i\u015f hayat\u0131n\u0131zdaki baz\u0131 insanlar\u0131 zorlay\u0131c\u0131 ya da agresif bulurken baz\u0131lar\u0131n\u0131 pasif veya uysal buldu\u011funuzu d\u00fc\u015f\u00fcnd\u00fcn\u00fcz m\u00fc? \u2022              Peki ya hi\u00e7 bir toplant\u0131y\u0131 nas\u0131l daha iyi y\u00f6netebilece\u011finizi \u00f6\u011frenmek istedi\u011finiz ya da neden baz\u0131 insanlar\u0131n yapt\u0131\u011f\u0131n\u0131z veya s\u00f6yledi\u011fi bir \u015feye belirli bir \u015fekilde tepki verdiklerini anlamak istedi\u011finiz oldu mu?   N\u00f6ro Linguistik Programlama (NLP), yani T\u00fcrk\u00e7e ismiyle Sinir Dili Programlamas\u0131 mevcut en g\u00fc\u00e7l\u00fc ileti\u015fim ara\u00e7lar\u0131ndan biridir. \u0130nsanlar\u0131 neyin harekete ge\u00e7irdi\u011fini anlamam\u0131za, insanlar\u0131 etkilememize ve ikna etmemize yard\u0131mc\u0131 oldu\u011fu gibi biriyle ileti\u015fim kurdu\u011fumuzda ger\u00e7ekte neler oldu\u011funa dair de bir fikir verir.   \u0130\u015fte Etkili NLP Becerileri, ihtiyac\u0131n\u0131z olan t\u00fcm bu NLP modellerini, ara\u00e7lar\u0131n\u0131, becerilerini ve davran\u0131\u015flar\u0131n\u0131 kaps\u0131yor ve bu bilgiyi i\u015fyerindeki performans\u0131n\u0131z\u0131 iyile\u015ftirmeye nas\u0131l kanalize edece\u011finizi anlat\u0131yor. Bu kitapla kendinizi ve ba\u015fkalar\u0131n\u0131 nas\u0131l y\u00f6netece\u011finizi, istedi\u011finizi elde etmek i\u00e7in dili nas\u0131l kullanaca\u011f\u0131n\u0131z\u0131, sonu\u00e7 odakl\u0131 d\u00fc\u015f\u00fcnmeyi, biriyle nas\u0131l yak\u0131nl\u0131k kuraca\u011f\u0131n\u0131z\u0131 ve ba\u015fkalar\u0131n\u0131 nas\u0131l motive edece\u011finizi ke\u015ffedeceksiniz.   Beynin i\u015fleyi\u015fine dair \u00f6nemli bilgiler ve \u00f6\u011frenmenizi geli\u015ftirmeye y\u00f6nelik olmazsa olmaz teknikler i\u00e7eren Etkili NLP Becerileri, NLP modelini kullanarak kariyerinde ilerlemek isteyen herkese hitap edecek bir kitap.   \u201cNLP\u2019ye ili\u015fkin yepyeni bir bak\u0131\u015f. Bu kitab\u0131 t\u00fcm meslekta\u015flar\u0131ma tavsiye edece\u011fim.\u201d \u2013Tania Bennett, NLP Kariyer Ko\u00e7u <\/p>\n","protected":false},"excerpt":{"rendered":"<p>\u2022 Neden baz\u0131 insanlarla ge\u00e7inmekte zorland\u0131\u011f\u0131n\u0131z\u0131 ya da baz\u0131lar\u0131n\u0131n neden sizden farkl\u0131 \u015fekilde du\u0308\u015fu\u0308nu\u0308yormu\u015f gibi geldi\u011fini merak etti\u011finiz oldu mu? \u2022 Neden i\u015f hayat\u0131n\u0131zdaki baz\u0131 insanlar\u0131<span class=\"excerpt-hellip\"> [\u2026]<\/span><\/p>\n","protected":false},"featured_media":0,"template":"","meta":{"_monsterinsights_skip_tracking":false,"_monsterinsights_sitenote_active":false,"_monsterinsights_sitenote_note":"","_monsterinsights_sitenote_category":0},"product_brand":[],"product_cat":[12364,12376],"product_tag":[],"class_list":{"0":"post-736833","1":"product","2":"type-product","3":"status-publish","5":"product_cat-genel-konular","6":"product_cat-kisisel-gelisim","7":"pa_cilt-ciltsiz","8":"pa_tur-kitap","9":"pa_yayinevi-nova-kitap","10":"pa_yazar-richard-youell-christina-youell","12":"first","13":"instock","14":"sale","15":"shipping-taxable","16":"purchasable","17":"product-type-simple"},"_links":{"self":[{"href":"https:\/\/roveyayinevi.com.tr\/index.php\/wp-json\/wp\/v2\/product\/736833","targetHints":{"allow":["GET"]}}],"collection":[{"href":"https:\/\/roveyayinevi.com.tr\/index.php\/wp-json\/wp\/v2\/product"}],"about":[{"href":"https:\/\/roveyayinevi.com.tr\/index.php\/wp-json\/wp\/v2\/types\/product"}],"wp:attachment":[{"href":"https:\/\/roveyayinevi.com.tr\/index.php\/wp-json\/wp\/v2\/media?parent=736833"}],"wp:term":[{"taxonomy":"product_brand","embeddable":true,"href":"https:\/\/roveyayinevi.com.tr\/index.php\/wp-json\/wp\/v2\/product_brand?post=736833"},{"taxonomy":"product_cat","embeddable":true,"href":"https:\/\/roveyayinevi.com.tr\/index.php\/wp-json\/wp\/v2\/product_cat?post=736833"},{"taxonomy":"product_tag","embeddable":true,"href":"https:\/\/roveyayinevi.com.tr\/index.php\/wp-json\/wp\/v2\/product_tag?post=736833"}],"curies":[{"name":"wp","href":"https:\/\/api.w.org\/{rel}","templated":true}]}}