{"id":736832,"date":"2025-08-27T23:16:20","date_gmt":"2025-08-27T20:16:20","guid":{"rendered":"https:\/\/roveyayinevi.com.tr\/index.php\/urun\/warren-buffett-para-kurdunun-zihninde\/"},"modified":"2026-04-16T02:45:52","modified_gmt":"2026-04-15T23:45:52","slug":"warren-buffett-para-kurdunun-zihninde","status":"publish","type":"product","link":"https:\/\/roveyayinevi.com.tr\/index.php\/urun\/warren-buffett-para-kurdunun-zihninde\/","title":{"rendered":"Warren Buffett &#8211; Para Kurdunun Zihninde"},"content":{"rendered":"<p>Warren Buffett: Para Kurdunun Zihninde\u2019de Hagstrom, Buffett\u2019\u0131n bilgeli\u011fini derin bir analize tabi tutarak geni\u015f kapsaml\u0131 fikir ve kavramlardan olu\u015fan karma\u015f\u0131k bir mozai\u011fi, bizzat Buffett\u2019\u0131n \u201cPara Kurdu Zihniyeti\u201d dedi\u011fi d\u00fc\u015f\u00fcnce yap\u0131s\u0131n\u0131 g\u00f6zler \u00f6n\u00fcne seriyor.   Peki ama \u201cPara Kurdu Zihniyeti\u201d tam olarak ne demek? Bu ifade asl\u0131nda bir a\u00e7\u0131dan sermaye tahsisi gibi bu\u0308yu\u0308k finansal meseleler hakk\u0131nda d\u00fc\u015f\u00fcnmenin bir yoluna i\u015faret ederken, di\u011fer bir a\u00e7\u0131dan da g\u00fcn\u00fcm\u00fcz\u00fcn h\u0131zl\u0131 kararlar vermeyi gerektiren borsalar\u0131nda ba\u015far\u0131l\u0131 yat\u0131r\u0131mlar yapmay\u0131 sa\u011flayan genel bir d\u00fc\u015f\u00fcnce yap\u0131s\u0131n\u0131 \u00f6zetler. Bu d\u00fc\u015f\u00fcnce yap\u0131s\u0131 ise, \u00f6\u011frenmeyi, kendini yeni durumlara uyarlama becerisini ve i\u015fe yaramaz g\u00fcr\u00fclt\u00fclere kulak t\u0131kamay\u0131 gerektirir.   \u0130\u015fte elinizdeki kitap \u00f6zg\u00fcven, stoac\u0131l\u0131k, rasyonalizm ve pragmatizm felsefeleri ile bu felsefelerin ak\u0131ll\u0131 yat\u0131r\u0131m kararlar\u0131 almaya olan katk\u0131lar\u0131n\u0131 a\u00e7\u0131klamas\u0131n\u0131n yan\u0131 s\u0131ra hem de\u011fer yat\u0131r\u0131m\u0131n\u0131n evrimini anlat\u0131yor, hem nas\u0131l \u201c\u0130\u015f Odakl\u0131 Yat\u0131r\u0131m\u201d zihniyeti geli\u015ftirebilece\u011finizin y\u00f6ntemlerine i\u015faret ediyor hem de ba\u015far\u0131l\u0131 ve aktif bir y\u00f6netim tarz\u0131n\u0131n olmazsa olmaz \u00f6zelliklerini betimliyor.K\u0131sacas\u0131 Warren Buffett: Para Kurdunun Zihninde\u2019de Hagstrom, okurlar\u0131n Para Kurdu Zihniyeti\u2019nin yap\u0131ta\u015flar\u0131n\u0131 kavramas\u0131na yard\u0131mc\u0131 olarak onlara bu ilkeleri kendi ya\u015famlar\u0131n\u0131n de\u011ferini art\u0131racak \u015fekilde kullanman\u0131n yollar\u0131n\u0131 g\u00f6steriyor.   \u201cBilgelik dolu bir ba\u015fyap\u0131t. Robert Hagstrom nadir bulunan bir ki\u015fi: Derin bir d\u00fc\u015f\u00fcn\u00fcr ve net bir yazar. Becerileri, \u00e7a\u011f\u0131m\u0131z\u0131n en zeki yat\u0131r\u0131mc\u0131s\u0131 Warren Buffett&#8217;\u0131n felsefesini ve d\u00fc\u015f\u00fcncesini ba\u011flama oturtmak i\u00e7in ideal. Hissedarlar\u0131n katabilecekleri \u00f6zel de\u011ferle ilgili b\u00f6l\u00fcm ba\u015fl\u0131 ba\u015f\u0131na yetenek g\u00f6sterisi.\u201d \u2014LAWRENCE A. CUNNINGHAM, Hayat Denen Kartopu kitab\u0131n\u0131n derleyicisi <\/p>\n","protected":false},"excerpt":{"rendered":"<p>Warren Buffett: Para Kurdunun Zihninde\u2019de Hagstrom, Buffett\u2019\u0131n bilgeli\u011fini derin bir analize tabi tutarak geni\u015f kapsaml\u0131 fikir ve kavramlardan olu\u015fan karma\u015f\u0131k bir mozai\u011fi, bizzat Buffett\u2019\u0131n \u201cPara Kurdu<span class=\"excerpt-hellip\"> [\u2026]<\/span><\/p>\n","protected":false},"featured_media":0,"template":"","meta":{"_monsterinsights_skip_tracking":false,"_monsterinsights_sitenote_active":false,"_monsterinsights_sitenote_note":"","_monsterinsights_sitenote_category":0},"product_brand":[],"product_cat":[13043,19008],"product_tag":[],"class_list":{"0":"post-736832","1":"product","2":"type-product","3":"status-publish","5":"product_cat-ekonomi","6":"product_cat-yonetim","7":"pa_cilt-ciltsiz","8":"pa_tur-kitap","9":"pa_yayinevi-nova-kitap","10":"pa_yazar-robert-g-hagstrom","12":"first","13":"instock","14":"sale","15":"shipping-taxable","16":"purchasable","17":"product-type-simple"},"_links":{"self":[{"href":"https:\/\/roveyayinevi.com.tr\/index.php\/wp-json\/wp\/v2\/product\/736832","targetHints":{"allow":["GET"]}}],"collection":[{"href":"https:\/\/roveyayinevi.com.tr\/index.php\/wp-json\/wp\/v2\/product"}],"about":[{"href":"https:\/\/roveyayinevi.com.tr\/index.php\/wp-json\/wp\/v2\/types\/product"}],"wp:attachment":[{"href":"https:\/\/roveyayinevi.com.tr\/index.php\/wp-json\/wp\/v2\/media?parent=736832"}],"wp:term":[{"taxonomy":"product_brand","embeddable":true,"href":"https:\/\/roveyayinevi.com.tr\/index.php\/wp-json\/wp\/v2\/product_brand?post=736832"},{"taxonomy":"product_cat","embeddable":true,"href":"https:\/\/roveyayinevi.com.tr\/index.php\/wp-json\/wp\/v2\/product_cat?post=736832"},{"taxonomy":"product_tag","embeddable":true,"href":"https:\/\/roveyayinevi.com.tr\/index.php\/wp-json\/wp\/v2\/product_tag?post=736832"}],"curies":[{"name":"wp","href":"https:\/\/api.w.org\/{rel}","templated":true}]}}