{"id":736829,"date":"2025-08-27T23:15:43","date_gmt":"2025-08-27T20:15:43","guid":{"rendered":"https:\/\/roveyayinevi.com.tr\/index.php\/urun\/curuk-ayvalar\/"},"modified":"2026-04-16T02:45:52","modified_gmt":"2026-04-15T23:45:52","slug":"curuk-ayvalar","status":"publish","type":"product","link":"https:\/\/roveyayinevi.com.tr\/index.php\/urun\/curuk-ayvalar\/","title":{"rendered":"\u00c7\u00fcr\u00fck Ayvalar"},"content":{"rendered":"<p>Mezar ziyaretleri, cinai itiraflar, k\u00f6kten ve kanl\u0131 \u00e7\u00f6z\u00fcmler, muallakta kalanlar, hesab\u0131n\u0131 kendi kapayanlar, yar\u0131m kalan \u015fiirler, ruha yap\u0131\u015fan g\u00fcnahlar, kasaba karas\u0131, ta\u015fra noir\u2026   U\u011fur K\u0131l\u0131n\u00e7, \u00c7\u00fcr\u00fck Ayvalar\u2019da bir araya gelen \u00f6yk\u00fclerinde aile i\u00e7i ili\u015fkilerin, nesiller aras\u0131ndaki k\u00f6pr\u00fclerin perde arkas\u0131ndaki karanl\u0131\u011f\u0131 g\u00fcn y\u00fcz\u00fcne \u00e7\u0131kar\u0131rken ta\u015fra insan\u0131n\u0131n i\u00e7 d\u00fcnyas\u0131nda tekinsiz bir yolculuk yap\u0131yor. Babao\u011fullar\u0131n, dedetorunlar\u0131n, annek\u0131zlar\u0131n payla\u015ft\u0131\u011f\u0131 masumiyetin alt\u0131nda yatan k\u00f6t\u00fcl\u00fc\u011f\u00fcn, \u00f6fkenin, intikam arzular\u0131n\u0131n, \u00f6l\u00fcmc\u00fcl hesapla\u015fmalar\u0131n, insan\u0131n i\u00e7indeki \u00e7\u00fcr\u00fcm\u00fc\u015fl\u00fc\u011f\u00fcn verdi\u011fi bunal\u0131m\u0131n hik\u00e2yesini anlat\u0131yor.   \u201cBeni topra\u011f\u0131n alt\u0131nda beklerken \u00fc\u015f\u00fcd\u00fcn m\u00fc? Dur, \u015fu duvar\u0131n dibindeki otlar\u0131 kopar\u0131p \u00fczerine \u00f6rteyim. Buralar biraz \u00e7amurlu, umar\u0131m a\u015fa\u011f\u0131s\u0131 bu kadar \u0131slak de\u011fildir. \u00c7\u00fcnk\u00fc \u0131slak \u0131slak yerlere bas\u0131lmaz, yoksa \u00fc\u015f\u00fct\u00fcrs\u00fcn. De\u011fil mi babaanne? Bunu bana sen \u00f6\u011fretmi\u015ftin, \u0131slak \u0131slak yerlere bas\u0131lmazd\u0131. Bu y\u00fczden her banyodan \u00e7\u0131kt\u0131\u011f\u0131mda \u00f6n\u00fcme k\u00fc\u00e7\u00fck havlular atard\u0131n soban\u0131n yand\u0131\u011f\u0131 odaya ula\u015fana kadar. Annem, \u00e7ama\u015f\u0131r israf\u0131 oldu\u011fu i\u00e7in s\u00f6ylenip dursa da sen ayaklar\u0131m \u00fc\u015f\u00fcmesin diye havlular\u0131 \u00f6n\u00fcme koymaya devam ettin. \u015eimdi s\u0131ra bende. Ya\u011fmurlu g\u00fcnlerde \u00fc\u015f\u00fctmemen i\u00e7in bu otlar\u0131 \u00fczerine koyaca\u011f\u0131m. \u0130ri yapraklarla sa\u00e7lar\u0131n\u0131 kurulayaca\u011f\u0131m. Dikenli dallarla sa\u00e7lar\u0131n\u0131 tarayaca\u011f\u0131m.\u201d <\/p>\n","protected":false},"excerpt":{"rendered":"<p>Mezar ziyaretleri, cinai itiraflar, k\u00f6kten ve kanl\u0131 \u00e7\u00f6z\u00fcmler, muallakta kalanlar, hesab\u0131n\u0131 kendi kapayanlar, yar\u0131m kalan \u015fiirler, ruha yap\u0131\u015fan g\u00fcnahlar, kasaba karas\u0131, ta\u015fra noir\u2026 U\u011fur K\u0131l\u0131n\u00e7, \u00c7\u00fcr\u00fck<span class=\"excerpt-hellip\"> [\u2026]<\/span><\/p>\n","protected":false},"featured_media":0,"template":"","meta":{"_monsterinsights_skip_tracking":false,"_monsterinsights_sitenote_active":false,"_monsterinsights_sitenote_note":"","_monsterinsights_sitenote_category":0},"product_brand":[],"product_cat":[12291,17033],"product_tag":[],"class_list":{"0":"post-736829","1":"product","2":"type-product","3":"status-publish","5":"product_cat-edebiyat","6":"product_cat-korku-gerilim","7":"pa_cilt-ciltsiz","8":"pa_tur-kitap","9":"pa_yayinevi-ithaki-yayinlari","10":"pa_yazar-ugur-kilinc","12":"first","13":"instock","14":"sale","15":"shipping-taxable","16":"purchasable","17":"product-type-simple"},"_links":{"self":[{"href":"https:\/\/roveyayinevi.com.tr\/index.php\/wp-json\/wp\/v2\/product\/736829","targetHints":{"allow":["GET"]}}],"collection":[{"href":"https:\/\/roveyayinevi.com.tr\/index.php\/wp-json\/wp\/v2\/product"}],"about":[{"href":"https:\/\/roveyayinevi.com.tr\/index.php\/wp-json\/wp\/v2\/types\/product"}],"wp:attachment":[{"href":"https:\/\/roveyayinevi.com.tr\/index.php\/wp-json\/wp\/v2\/media?parent=736829"}],"wp:term":[{"taxonomy":"product_brand","embeddable":true,"href":"https:\/\/roveyayinevi.com.tr\/index.php\/wp-json\/wp\/v2\/product_brand?post=736829"},{"taxonomy":"product_cat","embeddable":true,"href":"https:\/\/roveyayinevi.com.tr\/index.php\/wp-json\/wp\/v2\/product_cat?post=736829"},{"taxonomy":"product_tag","embeddable":true,"href":"https:\/\/roveyayinevi.com.tr\/index.php\/wp-json\/wp\/v2\/product_tag?post=736829"}],"curies":[{"name":"wp","href":"https:\/\/api.w.org\/{rel}","templated":true}]}}