{"id":736824,"date":"2025-08-27T23:15:38","date_gmt":"2025-08-27T20:15:38","guid":{"rendered":"https:\/\/roveyayinevi.com.tr\/index.php\/urun\/metal-statuettes-from-pisidia-and-its-surroundings-in-burdur-museum\/"},"modified":"2026-04-16T02:45:52","modified_gmt":"2026-04-15T23:45:52","slug":"metal-statuettes-from-pisidia-and-its-surroundings-in-burdur-museum","status":"publish","type":"product","link":"https:\/\/roveyayinevi.com.tr\/index.php\/urun\/metal-statuettes-from-pisidia-and-its-surroundings-in-burdur-museum\/","title":{"rendered":"Metal Statuettes from Pisidia and its surroundings in Burdur Museum"},"content":{"rendered":"<p>In this book, metal figurines found in Burdur Museum are introduced. The vast majority of the statuettes are bronze. Besides, there are silver, gold, lead and copper works. Find places have been added to the inventory of some figurines. However, since they came to the museum by purchasing, the find places of the majority of them are not exactly clear. With the work done, it was tried to be explained that the statuettes were captured from the Pisidia region and its surroundings. Figurines from the Pisidia Region were found from the ancient cities of Cremna, Ceraitai, Hadriani. Among the cities close to Pisidia are only finds from Cibyra. However, it should be noted that there are works that may originate from Pamphylia, Lydia, Phrygia, even if there are individual examples. The statuettes have a wide date range from the Late Bronze Age to recently. However, most of them belong to the Roman Period. In this study, 7 groups of statuettes were classified according to their periods. The 8th section consists of examining the false figurines. This book contains detailed descriptions, dimensions, views from different directions, analysis of the 66 statuettes and suggestions about where they might have been found. This book, which provides acceptable chronology and presents all the figurines in a holistic order, covers the first metal figurine work of the Pisidia Region   Bu kitapta Burdur M\u00fczesi\u2019nde bulunan metal heykelcikler tan\u0131t\u0131lmaktad\u0131r. Heykelciklerin b\u00fcy\u00fck \u00e7o\u011funlu\u011fu bronzdur. Yan\u0131 s\u0131ra g\u00fcm\u00fc\u015f, alt\u0131n, kur\u015fun, bak\u0131r eserler de bulunmaktad\u0131r. Baz\u0131lar\u0131n\u0131n envanterlerine buluntu yerleri eklenmi\u015ftir. Ancak Sat\u0131n alma yolu ile m\u00fczeye geldi\u011fi i\u00e7in b\u00fcy\u00fck \u00e7o\u011funlu\u011funun buluntu yerleri tam olarak belli de\u011fildir. Yap\u0131lan \u00e7al\u0131\u015fmayla heykelciklerin Pisidia b\u00f6lgesi ve \u00e7evresinden ele ge\u00e7ti\u011fi a\u00e7\u0131klanmaya \u00e7al\u0131\u015f\u0131lm\u0131\u015ft\u0131r. Pisidia B\u00f6lgesi\u2019nden heykelcikler Kremna, Keraitai, Hadriani antik kentlerinden ele ge\u00e7mi\u015ftir. Pisidia\u2019ya yak\u0131n kentler aras\u0131nda ise Kibyra buluntular\u0131 yer almaktad\u0131r. Bununla birlikte tekil \u00f6rnekler de olsa Pamphylia, Lydia, Phrygia k\u00f6kenli olabilecek eserlerinin de oldu\u011funu belirtmek gerekir. Heykelcikler Ge\u00e7 Tun\u00e7 \u00c7a\u011f\u0131\u2019ndan yak\u0131n zamanlara de\u011fin geni\u015f bir tarih aral\u0131\u011f\u0131na sahiptir. Ancak b\u00fcy\u00fck b\u00f6l\u00fcm\u00fc Roma D\u00f6nemi buluntular\u0131d\u0131r. Bu \u00e7al\u0131\u015fmada heykelcikler d\u00f6nemlerine g\u00f6re s\u0131n\u0131fl and\u0131r\u0131lm\u0131\u015f, 7 adet grup olu\u015fturulmu\u015ftur. 8. B\u00f6l\u00fcmde sahte heykelcikler incelenmi\u015ftir. Bu kitap, 66 adet heykelci\u011fin detayl\u0131 tan\u0131mlar\u0131, \u00f6l\u00e7\u00fcleri, farkl\u0131 y\u00f6nlerden g\u00f6r\u00fcnt\u00fcleri, veri analizlerini, nerede bulunmu\u015f olabileceklerine dair \u00f6neriler i\u00e7erir. Kabul edilebilir kronoloji veren ve t\u00fcm heykelcikleri b\u00fct\u00fcnc\u00fcl bir d\u00fczen i\u00e7erisinde sunan bu kitap, Pisidia B\u00f6lgesi\u2019nin ilk metal heykelcik \u00e7al\u0131\u015fmas\u0131n\u0131 kapsar.<\/p>\n","protected":false},"excerpt":{"rendered":"<p>In this book, metal figurines found in Burdur Museum are introduced. The vast majority of the statuettes are bronze. Besides, there are silver, gold, lead and<span class=\"excerpt-hellip\"> [\u2026]<\/span><\/p>\n","protected":false},"featured_media":0,"template":"","meta":{"_monsterinsights_skip_tracking":false,"_monsterinsights_sitenote_active":false,"_monsterinsights_sitenote_note":"","_monsterinsights_sitenote_category":0},"product_brand":[],"product_cat":[52477,52478],"product_tag":[],"class_list":{"0":"post-736824","1":"product","2":"type-product","3":"status-publish","5":"product_cat-arastirma","6":"product_cat-arkeoloji","7":"pa_cilt-ciltsiz","8":"pa_tur-kitap","9":"pa_yayinevi-bilgin-kultur-sanat","10":"pa_yazar-huseyin-metin","12":"first","13":"instock","14":"sale","15":"shipping-taxable","16":"purchasable","17":"product-type-simple"},"_links":{"self":[{"href":"https:\/\/roveyayinevi.com.tr\/index.php\/wp-json\/wp\/v2\/product\/736824","targetHints":{"allow":["GET"]}}],"collection":[{"href":"https:\/\/roveyayinevi.com.tr\/index.php\/wp-json\/wp\/v2\/product"}],"about":[{"href":"https:\/\/roveyayinevi.com.tr\/index.php\/wp-json\/wp\/v2\/types\/product"}],"wp:attachment":[{"href":"https:\/\/roveyayinevi.com.tr\/index.php\/wp-json\/wp\/v2\/media?parent=736824"}],"wp:term":[{"taxonomy":"product_brand","embeddable":true,"href":"https:\/\/roveyayinevi.com.tr\/index.php\/wp-json\/wp\/v2\/product_brand?post=736824"},{"taxonomy":"product_cat","embeddable":true,"href":"https:\/\/roveyayinevi.com.tr\/index.php\/wp-json\/wp\/v2\/product_cat?post=736824"},{"taxonomy":"product_tag","embeddable":true,"href":"https:\/\/roveyayinevi.com.tr\/index.php\/wp-json\/wp\/v2\/product_tag?post=736824"}],"curies":[{"name":"wp","href":"https:\/\/api.w.org\/{rel}","templated":true}]}}