{"id":736823,"date":"2025-08-27T23:15:37","date_gmt":"2025-08-27T20:15:37","guid":{"rendered":"https:\/\/roveyayinevi.com.tr\/index.php\/urun\/marsin-kumandani\/"},"modified":"2026-04-16T02:45:52","modified_gmt":"2026-04-15T23:45:52","slug":"marsin-kumandani","status":"publish","type":"product","link":"https:\/\/roveyayinevi.com.tr\/index.php\/urun\/marsin-kumandani\/","title":{"rendered":"Mars&#8217;\u0131n Kumandan\u0131"},"content":{"rendered":"<p>Burroughs Mars \u00dc\u00e7lemesi\u2019nin son kitab\u0131 olan Mars\u2019\u0131n Kumandan\u0131\u2019nda John Carter on iki y\u0131ll\u0131k ayr\u0131l\u0131ktan sonra, neredeyse Mars\u2019\u0131 ba\u015ftan ba\u015fa ge\u00e7ip ser\u00fcven dolu aray\u0131\u015flardan sonra kar\u0131s\u0131 Dejah Thoris\u2019e kavu\u015fur. John Carter art\u0131k Mars\u2019\u0131n K\u0131rm\u0131z\u0131, Ye\u015fil, Kara, Beyaz ve Sar\u0131 halk\u0131n\u0131 bir araya getirmi\u015f, Mars\u2019a bar\u0131\u015f getirmi\u015ftir. \u201cYarg\u0131\u00e7lar,\u201d dedi, \u201csadece tek bir h\u00fck\u00fcm olabilir. Art\u0131k John Carter Helium Prensi olarak kalamaz\u201d \u2013durdu\u2013 \u201conun yerine Jeddaklar\u0131n Jeddak\u0131, b\u00fct\u00fcn Barsoom\u2019un Kumandan\u0131 olsun!\u201d Otuz bir yarg\u0131\u00e7 h\u00fckm\u00fc oybirli\u011fiyle kabul etti\u011fini g\u00f6stermek i\u00e7in aya\u011fa f\u0131rlay\u0131p k\u0131l\u0131\u00e7lar\u0131n\u0131 \u00e7ekerek havaya kald\u0131rd\u0131klar\u0131nda, g\u00f6rkemli binan\u0131n d\u00f6rt bir yan\u0131nda sanki bir f\u0131rt\u0131na koptu, \u00f6yle ki delice ba\u011fr\u0131\u015f \u00e7a\u011fr\u0131\u015f aras\u0131nda tavan \u00e7\u00f6kecek sand\u0131m.<\/p>\n","protected":false},"excerpt":{"rendered":"<p>Burroughs Mars \u00dc\u00e7lemesi\u2019nin son kitab\u0131 olan Mars\u2019\u0131n Kumandan\u0131\u2019nda John Carter on iki y\u0131ll\u0131k ayr\u0131l\u0131ktan sonra, neredeyse Mars\u2019\u0131 ba\u015ftan ba\u015fa ge\u00e7ip ser\u00fcven dolu aray\u0131\u015flardan sonra kar\u0131s\u0131 Dejah<span class=\"excerpt-hellip\"> [\u2026]<\/span><\/p>\n","protected":false},"featured_media":0,"template":"","meta":{"_monsterinsights_skip_tracking":false,"_monsterinsights_sitenote_active":false,"_monsterinsights_sitenote_note":"","_monsterinsights_sitenote_category":0},"product_brand":[],"product_cat":[12540,12291],"product_tag":[],"class_list":{"0":"post-736823","1":"product","2":"type-product","3":"status-publish","5":"product_cat-bilim-kurgu","6":"product_cat-edebiyat","7":"pa_cilt-ciltsiz","8":"pa_tur-kitap","9":"pa_yayinevi-bilgesu-yayincilik","10":"pa_yazar-edgar-rice-burroughs","12":"first","13":"instock","14":"sale","15":"shipping-taxable","16":"purchasable","17":"product-type-simple"},"_links":{"self":[{"href":"https:\/\/roveyayinevi.com.tr\/index.php\/wp-json\/wp\/v2\/product\/736823","targetHints":{"allow":["GET"]}}],"collection":[{"href":"https:\/\/roveyayinevi.com.tr\/index.php\/wp-json\/wp\/v2\/product"}],"about":[{"href":"https:\/\/roveyayinevi.com.tr\/index.php\/wp-json\/wp\/v2\/types\/product"}],"wp:attachment":[{"href":"https:\/\/roveyayinevi.com.tr\/index.php\/wp-json\/wp\/v2\/media?parent=736823"}],"wp:term":[{"taxonomy":"product_brand","embeddable":true,"href":"https:\/\/roveyayinevi.com.tr\/index.php\/wp-json\/wp\/v2\/product_brand?post=736823"},{"taxonomy":"product_cat","embeddable":true,"href":"https:\/\/roveyayinevi.com.tr\/index.php\/wp-json\/wp\/v2\/product_cat?post=736823"},{"taxonomy":"product_tag","embeddable":true,"href":"https:\/\/roveyayinevi.com.tr\/index.php\/wp-json\/wp\/v2\/product_tag?post=736823"}],"curies":[{"name":"wp","href":"https:\/\/api.w.org\/{rel}","templated":true}]}}