{"id":736821,"date":"2025-08-27T23:15:34","date_gmt":"2025-08-27T20:15:34","guid":{"rendered":"https:\/\/roveyayinevi.com.tr\/index.php\/urun\/marsli-prenses\/"},"modified":"2026-04-16T02:45:51","modified_gmt":"2026-04-15T23:45:51","slug":"marsli-prenses","status":"publish","type":"product","link":"https:\/\/roveyayinevi.com.tr\/index.php\/urun\/marsli-prenses\/","title":{"rendered":"Marsl\u0131 Prenses"},"content":{"rendered":"<p>Marsl\u0131 Prenses\u2019le ba\u015flayan bilimkurgu kitaplar\u0131n\u0131n Mars\u2019\u0131n ke\u015ffine ilham vermede oynad\u0131klar\u0131 rol nedeniyle, \u00f6l\u00fcm\u00fcnden sonra Mars\u2019taki bir kratere Burroughs\u2019un ad\u0131 verilmi\u015ftir. \u0130lham verdi\u011fi bilim adamlar\u0131ndan biri de \u00fcnl\u00fc g\u00f6kbilimci Carl Sagan\u2019d\u0131r. The New York Times\u2019da yazd\u0131\u011f\u0131 \u201cBilim Kurguyla Yeti\u015fmek\u201d adl\u0131 yaz\u0131s\u0131nda Carl Sagan ya\u015fam\u0131nda bilim kurgunun etkisini anlat\u0131rken \u201cbilim kurgu beni bilime g\u00f6t\u00fcrd\u00fc\u201d der. B\u00f6ylelikle bilime olan ilgisinin ve tutkusunun bir k\u0131sm\u0131n\u0131 bilimkurgu deneyimine ba\u011flayan Carl Sagan\u2019\u0131n bu yaz\u0131da s\u00f6z\u00fcn\u00fc etti\u011fi ilk yazar Edgar Rice Burroughs, ilk kitap da Marsl\u0131 Prenses\u2019tir. Muhtemelen d\u00fcnya tarihindeki en etkili yazarlardan biri olan Burroughs, Mars \u00dc\u00e7lemesi\u2019nin ilk kitab\u0131 olan Marsl\u0131 Prenses (di\u011fer ikisi Mars\u2019\u0131n Tanr\u0131lar\u0131 ve Mars\u2019\u0131n Kumandan\u0131\u2019d\u0131r) John Carter\u2019\u0131n k\u0131z\u0131l gezegen Mars\u2019taki maceralar\u0131n\u0131n ilkidir. Ayr\u0131nt\u0131l\u0131 bir bi\u00e7imde anlat\u0131lm\u0131\u015f nefes kesici ba\u015fka bir d\u00fcnya, kadim deniz tabanlar\u0131, Mars su yollar\u0131; d\u00f6rt kollu Ye\u015fil \u201cinsanlar\u201d, sekiz ayakl\u0131 hayvanlar gibi s\u0131ra d\u0131\u015f\u0131 varl\u0131klar\u2026 D\u00fcnyal\u0131 John Carter\u2019la Marsl\u0131 bir K\u0131rm\u0131z\u0131 kad\u0131n\u0131n, Dejah Thoris\u2019in dillere destan a\u015fk\u0131&#8230; <\/p>\n","protected":false},"excerpt":{"rendered":"<p>Marsl\u0131 Prenses\u2019le ba\u015flayan bilimkurgu kitaplar\u0131n\u0131n Mars\u2019\u0131n ke\u015ffine ilham vermede oynad\u0131klar\u0131 rol nedeniyle, \u00f6l\u00fcm\u00fcnden sonra Mars\u2019taki bir kratere Burroughs\u2019un ad\u0131 verilmi\u015ftir. \u0130lham verdi\u011fi bilim adamlar\u0131ndan biri de<span class=\"excerpt-hellip\"> [\u2026]<\/span><\/p>\n","protected":false},"featured_media":0,"template":"","meta":{"_monsterinsights_skip_tracking":false,"_monsterinsights_sitenote_active":false,"_monsterinsights_sitenote_note":"","_monsterinsights_sitenote_category":0},"product_brand":[],"product_cat":[12540,12291],"product_tag":[],"class_list":{"0":"post-736821","1":"product","2":"type-product","3":"status-publish","5":"product_cat-bilim-kurgu","6":"product_cat-edebiyat","7":"pa_cilt-ciltsiz","8":"pa_tur-kitap","9":"pa_yayinevi-bilgesu-yayincilik","10":"pa_yazar-edgar-rice-burroughs","12":"first","13":"instock","14":"sale","15":"shipping-taxable","16":"purchasable","17":"product-type-simple"},"_links":{"self":[{"href":"https:\/\/roveyayinevi.com.tr\/index.php\/wp-json\/wp\/v2\/product\/736821","targetHints":{"allow":["GET"]}}],"collection":[{"href":"https:\/\/roveyayinevi.com.tr\/index.php\/wp-json\/wp\/v2\/product"}],"about":[{"href":"https:\/\/roveyayinevi.com.tr\/index.php\/wp-json\/wp\/v2\/types\/product"}],"wp:attachment":[{"href":"https:\/\/roveyayinevi.com.tr\/index.php\/wp-json\/wp\/v2\/media?parent=736821"}],"wp:term":[{"taxonomy":"product_brand","embeddable":true,"href":"https:\/\/roveyayinevi.com.tr\/index.php\/wp-json\/wp\/v2\/product_brand?post=736821"},{"taxonomy":"product_cat","embeddable":true,"href":"https:\/\/roveyayinevi.com.tr\/index.php\/wp-json\/wp\/v2\/product_cat?post=736821"},{"taxonomy":"product_tag","embeddable":true,"href":"https:\/\/roveyayinevi.com.tr\/index.php\/wp-json\/wp\/v2\/product_tag?post=736821"}],"curies":[{"name":"wp","href":"https:\/\/api.w.org\/{rel}","templated":true}]}}