{"id":736819,"date":"2025-08-27T23:15:32","date_gmt":"2025-08-27T20:15:32","guid":{"rendered":"https:\/\/roveyayinevi.com.tr\/index.php\/urun\/claude-gueux\/"},"modified":"2026-04-03T02:52:06","modified_gmt":"2026-04-02T23:52:06","slug":"claude-gueux","status":"publish","type":"product","link":"https:\/\/roveyayinevi.com.tr\/index.php\/urun\/claude-gueux\/","title":{"rendered":"Claude Gueux"},"content":{"rendered":"<p>\u0130lk kez 1834 y\u0131l\u0131nda La Revue de Paris\u2019de yay\u0131mlanan Claude Gueux ilham\u0131n\u0131 1832\u2019de cinayetten idam cezas\u0131na mahk\u00fbm edilen bir insan\u0131n ger\u00e7ek hik\u00e2yesinden al\u0131r. 19. y\u00fczy\u0131lda Paris\u2019te ya\u015fayan otuz alt\u0131 ya\u015f\u0131nda d\u00fcr\u00fcst bir i\u015f\u00e7inin \u00f6nce cezaevine girmesini, ard\u0131ndan idama mahk\u00fbm edilmesini konu alan bu k\u0131sa roman Victor Hugo\u2019nun toplumsal adaletsizli\u011fi g\u00f6zler \u00f6n\u00fcne serdi\u011fi felsefi bir anlat\u0131 olma \u00f6zelli\u011fi ta\u015f\u0131r. Adaletin kendisi de en az i\u015flenen su\u00e7 kadar ilkelse sorunu nerede aramak gerekir?   Cezan\u0131n ger\u00e7ek nedenlerini, cezaevi ko\u015fullar\u0131n\u0131, toplumun ikiy\u00fczl\u00fcl\u00fc\u011f\u00fcn\u00fc, derin yoksullu\u011fun sebeplerini, vatanda\u015flar\u0131na ya\u015fama olana\u011f\u0131 tan\u0131mayan k\u00f6t\u00fc niyetli siyasi sistemi sorgulayan Victor Hugo bu eserde \u00f6zg\u00fcrl\u00fc\u011f\u00fc ve e\u011fitimin \u00f6nemini savunur; yaln\u0131zca idam cezas\u0131na de\u011fil, yasalar\u0131n ve toplumun kurtarmak i\u00e7in k\u0131l\u0131n\u0131 k\u0131p\u0131rdatmad\u0131\u011f\u0131 insanlar ad\u0131na b\u00fct\u00fcn bir sisteme sava\u015f a\u00e7ar.   Konusu itibar\u0131yla Bir \u0130dam Mahk\u00fbmunun Son G\u00fcn\u00fc\u2019yle benzerlikler ta\u015f\u0131yan bu kitapta Claude Gueux \u00fczerinden Sefiller\u2019in kahraman\u0131 Jean Valjean\u2019\u0131n da olu\u015fumuna tan\u0131kl\u0131k ederiz.   #k\u0131saklasikler #frans\u0131zklasikleri #\u00f6l\u00fcmcezas\u0131 #toplumsaladaletsizlik #su\u00e7 #ceza <\/p>\n","protected":false},"excerpt":{"rendered":"<p>\u0130lk kez 1834 y\u0131l\u0131nda La Revue de Paris\u2019de yay\u0131mlanan Claude Gueux ilham\u0131n\u0131 1832\u2019de cinayetten idam cezas\u0131na mahk\u00fbm edilen bir insan\u0131n ger\u00e7ek hik\u00e2yesinden al\u0131r. 19. y\u00fczy\u0131lda Paris\u2019te<span class=\"excerpt-hellip\"> [\u2026]<\/span><\/p>\n","protected":false},"featured_media":0,"template":"","meta":{"_monsterinsights_skip_tracking":false,"_monsterinsights_sitenote_active":false,"_monsterinsights_sitenote_note":"","_monsterinsights_sitenote_category":0},"product_brand":[],"product_cat":[12291,12711],"product_tag":[],"class_list":{"0":"post-736819","1":"product","2":"type-product","3":"status-publish","5":"product_cat-edebiyat","6":"product_cat-roman-oyku","7":"pa_cilt-ciltsiz","8":"pa_tur-kitap","9":"pa_yayinevi-can-yayinlari","10":"pa_yazar-victor-hugo","12":"first","13":"instock","14":"sale","15":"shipping-taxable","16":"purchasable","17":"product-type-simple"},"_links":{"self":[{"href":"https:\/\/roveyayinevi.com.tr\/index.php\/wp-json\/wp\/v2\/product\/736819","targetHints":{"allow":["GET"]}}],"collection":[{"href":"https:\/\/roveyayinevi.com.tr\/index.php\/wp-json\/wp\/v2\/product"}],"about":[{"href":"https:\/\/roveyayinevi.com.tr\/index.php\/wp-json\/wp\/v2\/types\/product"}],"wp:attachment":[{"href":"https:\/\/roveyayinevi.com.tr\/index.php\/wp-json\/wp\/v2\/media?parent=736819"}],"wp:term":[{"taxonomy":"product_brand","embeddable":true,"href":"https:\/\/roveyayinevi.com.tr\/index.php\/wp-json\/wp\/v2\/product_brand?post=736819"},{"taxonomy":"product_cat","embeddable":true,"href":"https:\/\/roveyayinevi.com.tr\/index.php\/wp-json\/wp\/v2\/product_cat?post=736819"},{"taxonomy":"product_tag","embeddable":true,"href":"https:\/\/roveyayinevi.com.tr\/index.php\/wp-json\/wp\/v2\/product_tag?post=736819"}],"curies":[{"name":"wp","href":"https:\/\/api.w.org\/{rel}","templated":true}]}}