{"id":736818,"date":"2025-08-27T23:15:31","date_gmt":"2025-08-27T20:15:31","guid":{"rendered":"https:\/\/roveyayinevi.com.tr\/index.php\/urun\/hiyeroglif-masallar\/"},"modified":"2026-04-16T02:45:51","modified_gmt":"2026-04-15T23:45:51","slug":"hiyeroglif-masallar","status":"publish","type":"product","link":"https:\/\/roveyayinevi.com.tr\/index.php\/urun\/hiyeroglif-masallar\/","title":{"rendered":"Hiyeroglif Masallar"},"content":{"rendered":"<p>Walpole\u2019un ilk kopyalar\u0131n\u0131 kendi matbaas\u0131nda bast\u0131\u011f\u0131, tuhaf bulurken bir yandan a\u015final\u0131k duyaca\u011f\u0131n\u0131z bu alt\u0131 masall\u0131k derleme, yazar\u0131n en bilinen olmasa da en merak uyand\u0131ran eseri. Uzaklardaki krall\u0131klar, prensesler, b\u00fcy\u00fcc\u00fcler gibi bilindik \u00f6\u011felerle okuru b\u00fcy\u00fcl\u00fc evrenine \u00e7a\u011f\u0131ran k\u0131sa ve gizemli masallar birbirini izleyen kopuk imgelerden olu\u015fan bir r\u00fcya izlenimi yarat\u0131yor. Hiyeroglif Masallar\u2019daki ustal\u0131kl\u0131 mizahi dokundurmalar, Walpole\u2019un bu masallar\u0131n karakterlerini ger\u00e7ek ya\u015famdan se\u00e7me ihtimalini sorgulat\u0131yor. <\/p>\n","protected":false},"excerpt":{"rendered":"<p>Walpole\u2019un ilk kopyalar\u0131n\u0131 kendi matbaas\u0131nda bast\u0131\u011f\u0131, tuhaf bulurken bir yandan a\u015final\u0131k duyaca\u011f\u0131n\u0131z bu alt\u0131 masall\u0131k derleme, yazar\u0131n en bilinen olmasa da en merak uyand\u0131ran eseri. Uzaklardaki<span class=\"excerpt-hellip\"> [\u2026]<\/span><\/p>\n","protected":false},"featured_media":0,"template":"","meta":{"_monsterinsights_skip_tracking":false,"_monsterinsights_sitenote_active":false,"_monsterinsights_sitenote_note":"","_monsterinsights_sitenote_category":0},"product_brand":[],"product_cat":[12291,13706],"product_tag":[],"class_list":{"0":"post-736818","1":"product","2":"type-product","3":"status-publish","5":"product_cat-edebiyat","6":"product_cat-efsane-destan-masal","7":"pa_cilt-ciltsiz","8":"pa_tur-kitap","9":"pa_yayinevi-can-yayinlari","10":"pa_yazar-horace-walpole","12":"first","13":"instock","14":"sale","15":"shipping-taxable","16":"purchasable","17":"product-type-simple"},"_links":{"self":[{"href":"https:\/\/roveyayinevi.com.tr\/index.php\/wp-json\/wp\/v2\/product\/736818","targetHints":{"allow":["GET"]}}],"collection":[{"href":"https:\/\/roveyayinevi.com.tr\/index.php\/wp-json\/wp\/v2\/product"}],"about":[{"href":"https:\/\/roveyayinevi.com.tr\/index.php\/wp-json\/wp\/v2\/types\/product"}],"wp:attachment":[{"href":"https:\/\/roveyayinevi.com.tr\/index.php\/wp-json\/wp\/v2\/media?parent=736818"}],"wp:term":[{"taxonomy":"product_brand","embeddable":true,"href":"https:\/\/roveyayinevi.com.tr\/index.php\/wp-json\/wp\/v2\/product_brand?post=736818"},{"taxonomy":"product_cat","embeddable":true,"href":"https:\/\/roveyayinevi.com.tr\/index.php\/wp-json\/wp\/v2\/product_cat?post=736818"},{"taxonomy":"product_tag","embeddable":true,"href":"https:\/\/roveyayinevi.com.tr\/index.php\/wp-json\/wp\/v2\/product_tag?post=736818"}],"curies":[{"name":"wp","href":"https:\/\/api.w.org\/{rel}","templated":true}]}}