{"id":736812,"date":"2025-08-27T23:15:24","date_gmt":"2025-08-27T20:15:24","guid":{"rendered":"https:\/\/roveyayinevi.com.tr\/index.php\/urun\/howard-p-lovecraft\/"},"modified":"2026-04-16T02:45:51","modified_gmt":"2026-04-15T23:45:51","slug":"howard-p-lovecraft","status":"publish","type":"product","link":"https:\/\/roveyayinevi.com.tr\/index.php\/urun\/howard-p-lovecraft\/","title":{"rendered":"Howard P. Lovecraft"},"content":{"rendered":"<p>Cthulhu mitosu\u2019nun, Arkham\u2019\u0131n ve u\u011fursuz Necronomicon\u2019un yarat\u0131c\u0131s\u0131, korku edebiyat\u0131n\u0131n say\u0131s\u0131z ba\u015fyap\u0131t\u0131n\u0131n yazar\u0131 Howa rd Philips Lovecraft, \u00f6l\u00fcm\u00fcnden sonra da olsa, ya\u015fad\u0131\u011f\u0131 y\u00fczy\u0131l\u0131n e n iz b\u0131rakan yazarlar\u0131ndan biri olarak kendini kabul ettir mi\u015ftir.   Anla\u015f\u0131lmas\u0131 hayli zor bir karaktere sahiptir ve kendi mitosuna hapsolmu\u015ftur; d\u00fcnya d\u0131\u015f\u0131na \u00e7ekilme imgelemini say\u0131s\u0131z say\u0131da okuruna da yans\u0131t\u0131r. Peki ger\u00e7ekte kimdir bu \u201cProvidence\u201d\u0131n ustas\u0131?   \u201cXX. y\u00fczy\u0131l, H.P. LOVECRAFT\u2019tan daha b\u00fcy\u00fck bir yaz\u0131n sanat\u00e7\u0131s\u0131 tan\u0131mam\u0131\u015ft\u0131r.\u201d \u2013Stephen King \u201cLovecraft ger\u00e7ekten de temel \u00f6nemde bir yazard\u0131r, lOVECRAFT\u2019tan \u00f6ncesi ve sonras\u0131 vard\u0131r.\u201d \u2013Michel Houellebecq \u201cLOVECRAFT hik\u00e2yeleri hayranl\u0131k uyand\u0131r\u0131c\u0131d\u0131r, gelgelelim o kadar korkutucudur ki insan kendine sorar, acaba en iyisi b\u00f6yle bir \u015feyi asla okumamak m\u0131d\u0131r?\u201d<\/p>\n","protected":false},"excerpt":{"rendered":"<p>Cthulhu mitosu\u2019nun, Arkham\u2019\u0131n ve u\u011fursuz Necronomicon\u2019un yarat\u0131c\u0131s\u0131, korku edebiyat\u0131n\u0131n say\u0131s\u0131z ba\u015fyap\u0131t\u0131n\u0131n yazar\u0131 Howa rd Philips Lovecraft, \u00f6l\u00fcm\u00fcnden sonra da olsa, ya\u015fad\u0131\u011f\u0131 y\u00fczy\u0131l\u0131n e n iz b\u0131rakan<span class=\"excerpt-hellip\"> [\u2026]<\/span><\/p>\n","protected":false},"featured_media":0,"template":"","meta":{"_monsterinsights_skip_tracking":false,"_monsterinsights_sitenote_active":false,"_monsterinsights_sitenote_note":"","_monsterinsights_sitenote_category":0},"product_brand":[],"product_cat":[12416,12291],"product_tag":[],"class_list":{"0":"post-736812","1":"product","2":"type-product","3":"status-publish","5":"product_cat-cizgi-roman","6":"product_cat-edebiyat","7":"pa_cilt-ciltsiz","8":"pa_tur-dergi","9":"pa_yayinevi-alfa-yayinlari","10":"pa_yazar-nikolavitch-gervasio-aon-lee","12":"first","13":"instock","14":"sale","15":"shipping-taxable","16":"purchasable","17":"product-type-simple"},"_links":{"self":[{"href":"https:\/\/roveyayinevi.com.tr\/index.php\/wp-json\/wp\/v2\/product\/736812","targetHints":{"allow":["GET"]}}],"collection":[{"href":"https:\/\/roveyayinevi.com.tr\/index.php\/wp-json\/wp\/v2\/product"}],"about":[{"href":"https:\/\/roveyayinevi.com.tr\/index.php\/wp-json\/wp\/v2\/types\/product"}],"wp:attachment":[{"href":"https:\/\/roveyayinevi.com.tr\/index.php\/wp-json\/wp\/v2\/media?parent=736812"}],"wp:term":[{"taxonomy":"product_brand","embeddable":true,"href":"https:\/\/roveyayinevi.com.tr\/index.php\/wp-json\/wp\/v2\/product_brand?post=736812"},{"taxonomy":"product_cat","embeddable":true,"href":"https:\/\/roveyayinevi.com.tr\/index.php\/wp-json\/wp\/v2\/product_cat?post=736812"},{"taxonomy":"product_tag","embeddable":true,"href":"https:\/\/roveyayinevi.com.tr\/index.php\/wp-json\/wp\/v2\/product_tag?post=736812"}],"curies":[{"name":"wp","href":"https:\/\/api.w.org\/{rel}","templated":true}]}}