{"id":736811,"date":"2025-08-27T23:15:23","date_gmt":"2025-08-27T20:15:23","guid":{"rendered":"https:\/\/roveyayinevi.com.tr\/index.php\/urun\/yonetisim-ve-orgut-kulturu-boyutlariyla-orgutsel-inovasyon\/"},"modified":"2026-04-16T02:45:51","modified_gmt":"2026-04-15T23:45:51","slug":"yonetisim-ve-orgut-kulturu-boyutlariyla-orgutsel-inovasyon","status":"publish","type":"product","link":"https:\/\/roveyayinevi.com.tr\/index.php\/urun\/yonetisim-ve-orgut-kulturu-boyutlariyla-orgutsel-inovasyon\/","title":{"rendered":"Y\u00f6neti\u015fim ve \u00d6rg\u00fct K\u00fclt\u00fcr\u00fc Boyutlar\u0131yla \u00d6rg\u00fctsel \u0130novasyon"},"content":{"rendered":"<p>B\u0130R\u0130NC\u0130 B\u00d6L\u00dcM: Y\u00f6netim ve Y\u00f6neti\u015fim   \u0130K\u0130NC\u0130 B\u00d6L\u00dcM: Y\u00f6neti\u015fimin \u00d6zellikleri   \u00dc\u00c7\u00dcNC\u00dc B\u00d6L\u00dcM: Y\u00f6netim Yakla\u015f\u0131mlar\u0131   D\u00d6RD\u00dcNC\u00dc B\u00d6L\u00dcM : \u0130novasyon   BE\u015e\u0130NC\u0130 B\u00d6L\u00dcM : \u0130novasyonun Kaynaklar\u0131   ALTINCI B\u00d6L\u00dcM : \u0130novasyon \u00c7e\u015fitleri   YED\u0130NC\u0130 B\u00d6L\u00dcM : \u0130novatif Ki\u015filik \u00d6zellikleri   SEK\u0130Z\u0130NC\u0130 B\u00d6L\u00dcM : \u0130novasyonu Etkileyen Fakt\u00f6rler   DOKUZUNCU B\u00d6L\u00dcM : \u0130novasyon Engelleri   ONUNCU B\u00d6L\u00dcM : \u00d6rg\u00fctsel \u0130novasyon <\/p>\n","protected":false},"excerpt":{"rendered":"<p>B\u0130R\u0130NC\u0130 B\u00d6L\u00dcM: Y\u00f6netim ve Y\u00f6neti\u015fim \u0130K\u0130NC\u0130 B\u00d6L\u00dcM: Y\u00f6neti\u015fimin \u00d6zellikleri \u00dc\u00c7\u00dcNC\u00dc B\u00d6L\u00dcM: Y\u00f6netim Yakla\u015f\u0131mlar\u0131 D\u00d6RD\u00dcNC\u00dc B\u00d6L\u00dcM : \u0130novasyon BE\u015e\u0130NC\u0130 B\u00d6L\u00dcM : \u0130novasyonun Kaynaklar\u0131 ALTINCI B\u00d6L\u00dcM : \u0130novasyon<span class=\"excerpt-hellip\"> [\u2026]<\/span><\/p>\n","protected":false},"featured_media":0,"template":"","meta":{"_monsterinsights_skip_tracking":false,"_monsterinsights_sitenote_active":false,"_monsterinsights_sitenote_note":"","_monsterinsights_sitenote_category":0},"product_brand":[],"product_cat":[13043,19008],"product_tag":[],"class_list":{"0":"post-736811","1":"product","2":"type-product","3":"status-publish","5":"product_cat-ekonomi","6":"product_cat-yonetim","7":"pa_cilt-ciltsiz","8":"pa_tur-kitap","9":"pa_yayinevi-gazi-kitabevi","10":"pa_yazar-munevver-bayar","12":"first","13":"instock","14":"sale","15":"shipping-taxable","16":"purchasable","17":"product-type-simple"},"_links":{"self":[{"href":"https:\/\/roveyayinevi.com.tr\/index.php\/wp-json\/wp\/v2\/product\/736811","targetHints":{"allow":["GET"]}}],"collection":[{"href":"https:\/\/roveyayinevi.com.tr\/index.php\/wp-json\/wp\/v2\/product"}],"about":[{"href":"https:\/\/roveyayinevi.com.tr\/index.php\/wp-json\/wp\/v2\/types\/product"}],"wp:attachment":[{"href":"https:\/\/roveyayinevi.com.tr\/index.php\/wp-json\/wp\/v2\/media?parent=736811"}],"wp:term":[{"taxonomy":"product_brand","embeddable":true,"href":"https:\/\/roveyayinevi.com.tr\/index.php\/wp-json\/wp\/v2\/product_brand?post=736811"},{"taxonomy":"product_cat","embeddable":true,"href":"https:\/\/roveyayinevi.com.tr\/index.php\/wp-json\/wp\/v2\/product_cat?post=736811"},{"taxonomy":"product_tag","embeddable":true,"href":"https:\/\/roveyayinevi.com.tr\/index.php\/wp-json\/wp\/v2\/product_tag?post=736811"}],"curies":[{"name":"wp","href":"https:\/\/api.w.org\/{rel}","templated":true}]}}