{"id":736808,"date":"2025-08-27T23:15:21","date_gmt":"2025-08-27T20:15:21","guid":{"rendered":"https:\/\/roveyayinevi.com.tr\/index.php\/urun\/siyasetin-dijital-seruveni\/"},"modified":"2026-04-16T02:45:51","modified_gmt":"2026-04-15T23:45:51","slug":"siyasetin-dijital-seruveni","status":"publish","type":"product","link":"https:\/\/roveyayinevi.com.tr\/index.php\/urun\/siyasetin-dijital-seruveni\/","title":{"rendered":"Siyasetin Dijital Ser\u00fcveni"},"content":{"rendered":"<p>\u0130\u00e7indekiler   1.      B\u00d6L\u00dcM : Dijital D\u00f6nemde Devlet   2.      B\u00d6L\u00dcM : Dijital D\u00f6nemde B\u00fcrokrasi   3.      B\u00d6L\u00dcM : Dijital \u00c7a\u011fda Y\u00f6neti\u015fim   4.      B\u00d6L\u00dcM : Dijitalle\u015fmeye Ba\u011fl\u0131 Sorunlar A\u00e7\u0131s\u0131ndan Kentler   5.      B\u00d6L\u00dcM : Dijital D\u00f6nemde Ak\u0131ll\u0131 Kentler   6.      B\u00d6L\u00dcM : Dijitalle\u015fme, Dataizm ve Veriye D\u00f6n\u00fc\u015fen \u0130nsan   7.      B\u00d6L\u00dcM : Sosyal Medyada Trol Hesaplarla Yap\u0131lan Siyasal Alg\u0131 Oyunlar\u0131n\u0131n Manip\u00fclati G\u00fcc\u00fc   8.      8B\u00d6L\u00dcM : Dijitalle\u015fme ve Siyasi Partiler   9.      B\u00d6L\u00dcM : Dijitalle\u015fme ve Siyasal Kat\u0131l\u0131mda Yeni Olanaklar   10.  B\u00d6L\u00dcM : Sarka\u00e7 Etkisi: Dijitalle\u015fen D\u00fcnyada Demokratik De\u011ferlere Kar\u015f\u0131 Geleneksel Tehditlerin Yeni Versiyonlar\u0131   <\/p>\n","protected":false},"excerpt":{"rendered":"<p>\u0130\u00e7indekiler 1. B\u00d6L\u00dcM : Dijital D\u00f6nemde Devlet 2. B\u00d6L\u00dcM : Dijital D\u00f6nemde B\u00fcrokrasi 3. B\u00d6L\u00dcM : Dijital \u00c7a\u011fda Y\u00f6neti\u015fim 4. B\u00d6L\u00dcM : Dijitalle\u015fmeye Ba\u011fl\u0131 Sorunlar A\u00e7\u0131s\u0131ndan<span class=\"excerpt-hellip\"> [\u2026]<\/span><\/p>\n","protected":false},"featured_media":0,"template":"","meta":{"_monsterinsights_skip_tracking":false,"_monsterinsights_sitenote_active":false,"_monsterinsights_sitenote_note":"","_monsterinsights_sitenote_category":0},"product_brand":[],"product_cat":[31194,12337],"product_tag":[],"class_list":{"0":"post-736808","1":"product","2":"type-product","3":"status-publish","5":"product_cat-guncel-siyaset","6":"product_cat-politika-siyaset","7":"pa_cilt-ciltsiz","8":"pa_tur-kitap","9":"pa_yayinevi-gazi-kitabevi","10":"pa_yazar-suleyman-ekici-oguzhan-goktolga","12":"first","13":"instock","14":"sale","15":"shipping-taxable","16":"purchasable","17":"product-type-simple"},"_links":{"self":[{"href":"https:\/\/roveyayinevi.com.tr\/index.php\/wp-json\/wp\/v2\/product\/736808","targetHints":{"allow":["GET"]}}],"collection":[{"href":"https:\/\/roveyayinevi.com.tr\/index.php\/wp-json\/wp\/v2\/product"}],"about":[{"href":"https:\/\/roveyayinevi.com.tr\/index.php\/wp-json\/wp\/v2\/types\/product"}],"wp:attachment":[{"href":"https:\/\/roveyayinevi.com.tr\/index.php\/wp-json\/wp\/v2\/media?parent=736808"}],"wp:term":[{"taxonomy":"product_brand","embeddable":true,"href":"https:\/\/roveyayinevi.com.tr\/index.php\/wp-json\/wp\/v2\/product_brand?post=736808"},{"taxonomy":"product_cat","embeddable":true,"href":"https:\/\/roveyayinevi.com.tr\/index.php\/wp-json\/wp\/v2\/product_cat?post=736808"},{"taxonomy":"product_tag","embeddable":true,"href":"https:\/\/roveyayinevi.com.tr\/index.php\/wp-json\/wp\/v2\/product_tag?post=736808"}],"curies":[{"name":"wp","href":"https:\/\/api.w.org\/{rel}","templated":true}]}}