{"id":736807,"date":"2025-08-27T23:15:20","date_gmt":"2025-08-27T20:15:20","guid":{"rendered":"https:\/\/roveyayinevi.com.tr\/index.php\/urun\/kentlesme-sorunlari-ve-cozum-onerileri\/"},"modified":"2026-04-16T02:45:51","modified_gmt":"2026-04-15T23:45:51","slug":"kentlesme-sorunlari-ve-cozum-onerileri","status":"publish","type":"product","link":"https:\/\/roveyayinevi.com.tr\/index.php\/urun\/kentlesme-sorunlari-ve-cozum-onerileri\/","title":{"rendered":"Kentle\u015fme Sorunlar\u0131 ve \u00c7\u00f6z\u00fcm \u00d6nerileri"},"content":{"rendered":"<p>\u0130\u00e7indekiler   B\u0130R\u0130NC\u0130 B\u00d6L\u00dcM : KONUT SORUNLARI VE \u00c7\u00d6Z\u00dcM \u00d6NER\u0130LER\u0130   \u0130K\u0130NC\u0130 B\u00d6L\u00dcM : GECEKONDU SORUNLARI VE \u00c7\u00d6Z\u00dcM \u00d6NER\u0130LER\u0130   \u00dc\u00c7\u00dcNC\u00dc B\u00d6L\u00dcM : G\u00dcVENL\u0130 KENT: TEOR\u0130LER VE SU\u00c7 KAVRAMLARI \u00dcZER\u0130NDEN B\u0130R DE\u011eERLEND\u0130RME   D\u00d6RD\u00dcNC\u00dc B\u00d6L\u00dcM : \u0130MAR SORUNLARINA DA\u0130R HUKUK\u0130 B\u0130R DE\u011eERLEND\u0130RME   BE\u015e\u0130NC\u0130 B\u00d6L\u00dcM : KENTSEL ALTYAPI SORUNLARI VE \u00c7\u00d6Z\u00dcM \u00d6NER\u0130LER\u0130   ALTINCI B\u00d6L\u00dcM : PLANLAMA SORUNLARI VE \u00c7\u00d6Z\u00dcM \u00d6NER\u0130LER\u0130 <\/p>\n","protected":false},"excerpt":{"rendered":"<p>\u0130\u00e7indekiler B\u0130R\u0130NC\u0130 B\u00d6L\u00dcM : KONUT SORUNLARI VE \u00c7\u00d6Z\u00dcM \u00d6NER\u0130LER\u0130 \u0130K\u0130NC\u0130 B\u00d6L\u00dcM : GECEKONDU SORUNLARI VE \u00c7\u00d6Z\u00dcM \u00d6NER\u0130LER\u0130 \u00dc\u00c7\u00dcNC\u00dc B\u00d6L\u00dcM : G\u00dcVENL\u0130 KENT: TEOR\u0130LER VE SU\u00c7 KAVRAMLARI<span class=\"excerpt-hellip\"> [\u2026]<\/span><\/p>\n","protected":false},"featured_media":0,"template":"","meta":{"_monsterinsights_skip_tracking":false,"_monsterinsights_sitenote_active":false,"_monsterinsights_sitenote_note":"","_monsterinsights_sitenote_category":0},"product_brand":[],"product_cat":[12767,12324],"product_tag":[],"class_list":{"0":"post-736807","1":"product","2":"type-product","3":"status-publish","5":"product_cat-kentlesme-modernlesme","6":"product_cat-sosyoloji","7":"pa_cilt-ciltsiz","8":"pa_tur-kitap","9":"pa_yayinevi-gazi-kitabevi","10":"pa_yazar-gazi-kitabevi-kolektif","12":"first","13":"instock","14":"sale","15":"shipping-taxable","16":"purchasable","17":"product-type-simple"},"_links":{"self":[{"href":"https:\/\/roveyayinevi.com.tr\/index.php\/wp-json\/wp\/v2\/product\/736807","targetHints":{"allow":["GET"]}}],"collection":[{"href":"https:\/\/roveyayinevi.com.tr\/index.php\/wp-json\/wp\/v2\/product"}],"about":[{"href":"https:\/\/roveyayinevi.com.tr\/index.php\/wp-json\/wp\/v2\/types\/product"}],"wp:attachment":[{"href":"https:\/\/roveyayinevi.com.tr\/index.php\/wp-json\/wp\/v2\/media?parent=736807"}],"wp:term":[{"taxonomy":"product_brand","embeddable":true,"href":"https:\/\/roveyayinevi.com.tr\/index.php\/wp-json\/wp\/v2\/product_brand?post=736807"},{"taxonomy":"product_cat","embeddable":true,"href":"https:\/\/roveyayinevi.com.tr\/index.php\/wp-json\/wp\/v2\/product_cat?post=736807"},{"taxonomy":"product_tag","embeddable":true,"href":"https:\/\/roveyayinevi.com.tr\/index.php\/wp-json\/wp\/v2\/product_tag?post=736807"}],"curies":[{"name":"wp","href":"https:\/\/api.w.org\/{rel}","templated":true}]}}