{"id":736806,"date":"2025-08-27T23:15:19","date_gmt":"2025-08-27T20:15:19","guid":{"rendered":"https:\/\/roveyayinevi.com.tr\/index.php\/urun\/gelirin-yeniden-dagilimda-maliye-politikasi\/"},"modified":"2026-04-16T02:45:51","modified_gmt":"2026-04-15T23:45:51","slug":"gelirin-yeniden-dagilimda-maliye-politikasi","status":"publish","type":"product","link":"https:\/\/roveyayinevi.com.tr\/index.php\/urun\/gelirin-yeniden-dagilimda-maliye-politikasi\/","title":{"rendered":"Gelirin Yeniden Da\u011f\u0131l\u0131mda Maliye Politikas\u0131"},"content":{"rendered":"<p>\u0130\u00e7indekiler   1.      B\u00d6L\u00dcM : GEL\u0130R DA\u011eILIMI: TANIMLARI, TEOR\u0130K \u00c7ER\u00c7EVES\u0130, BEL\u0130RLEYEN FAKT\u00d6RLER   2.      B\u00d6L\u00dcM : GEL\u0130R\u0130N YEN\u0130DEN DA\u011eILIMININ \u00d6NEM\u0130 VE GEL\u0130R E\u015e\u0130TS\u0130ZL\u0130\u011e\u0130 \u00d6L\u00c7\u00dcM Y\u00d6NTEMLER\u0130   3.      B\u00d6L\u00dcM : GEL\u0130R\u0130N YEN\u0130DEN DA\u011eILIMININ ARA\u00c7LARI   4.      B\u00d6L\u00dcM : VERG\u0130 VE KAMU HARCAMA POL\u0130T\u0130KALARININ GEL\u0130R\u0130N YEN\u0130DEN DA\u011eILIMI \u00dcZER\u0130NDEK\u0130 ETK\u0130LER\u0130N\u0130N AMP\u0130R\u0130K ANAL\u0130Z\u0130 <\/p>\n","protected":false},"excerpt":{"rendered":"<p>\u0130\u00e7indekiler 1. B\u00d6L\u00dcM : GEL\u0130R DA\u011eILIMI: TANIMLARI, TEOR\u0130K \u00c7ER\u00c7EVES\u0130, BEL\u0130RLEYEN FAKT\u00d6RLER 2. B\u00d6L\u00dcM : GEL\u0130R\u0130N YEN\u0130DEN DA\u011eILIMININ \u00d6NEM\u0130 VE GEL\u0130R E\u015e\u0130TS\u0130ZL\u0130\u011e\u0130 \u00d6L\u00c7\u00dcM Y\u00d6NTEMLER\u0130 3. B\u00d6L\u00dcM :<span class=\"excerpt-hellip\"> [\u2026]<\/span><\/p>\n","protected":false},"featured_media":0,"template":"","meta":{"_monsterinsights_skip_tracking":false,"_monsterinsights_sitenote_active":false,"_monsterinsights_sitenote_note":"","_monsterinsights_sitenote_category":0},"product_brand":[],"product_cat":[12573,12566],"product_tag":[],"class_list":{"0":"post-736806","1":"product","2":"type-product","3":"status-publish","5":"product_cat-akademik-kitaplar","6":"product_cat-egitim","7":"pa_cilt-ciltsiz","8":"pa_tur-kitap","9":"pa_yayinevi-gazi-kitabevi","10":"pa_yazar-muge-yetkin-ataer","12":"first","13":"instock","14":"sale","15":"shipping-taxable","16":"purchasable","17":"product-type-simple"},"_links":{"self":[{"href":"https:\/\/roveyayinevi.com.tr\/index.php\/wp-json\/wp\/v2\/product\/736806","targetHints":{"allow":["GET"]}}],"collection":[{"href":"https:\/\/roveyayinevi.com.tr\/index.php\/wp-json\/wp\/v2\/product"}],"about":[{"href":"https:\/\/roveyayinevi.com.tr\/index.php\/wp-json\/wp\/v2\/types\/product"}],"wp:attachment":[{"href":"https:\/\/roveyayinevi.com.tr\/index.php\/wp-json\/wp\/v2\/media?parent=736806"}],"wp:term":[{"taxonomy":"product_brand","embeddable":true,"href":"https:\/\/roveyayinevi.com.tr\/index.php\/wp-json\/wp\/v2\/product_brand?post=736806"},{"taxonomy":"product_cat","embeddable":true,"href":"https:\/\/roveyayinevi.com.tr\/index.php\/wp-json\/wp\/v2\/product_cat?post=736806"},{"taxonomy":"product_tag","embeddable":true,"href":"https:\/\/roveyayinevi.com.tr\/index.php\/wp-json\/wp\/v2\/product_tag?post=736806"}],"curies":[{"name":"wp","href":"https:\/\/api.w.org\/{rel}","templated":true}]}}