{"id":736805,"date":"2025-08-27T23:15:18","date_gmt":"2025-08-27T20:15:18","guid":{"rendered":"https:\/\/roveyayinevi.com.tr\/index.php\/urun\/uluslararasi-ticaret-ve-finansal-gelisme\/"},"modified":"2026-04-16T02:45:51","modified_gmt":"2026-04-15T23:45:51","slug":"uluslararasi-ticaret-ve-finansal-gelisme","status":"publish","type":"product","link":"https:\/\/roveyayinevi.com.tr\/index.php\/urun\/uluslararasi-ticaret-ve-finansal-gelisme\/","title":{"rendered":"Uluslararas\u0131 Ticaret Ve Finansal Geli\u015fme"},"content":{"rendered":"<p>Bir \u00fclkenin finansal geli\u015fmi\u015flik d\u00fczeyinin ilgili \u00fclkenin geli\u015fmi\u015flik d\u00fczeyini de yans\u0131tt\u0131\u011f\u0131 ileri s\u00fcr\u00fclebilir. Finansal geli\u015fmenin sa\u011flanabilmesi i\u00e7in ekonomik b\u00fcy\u00fcme ve kalk\u0131nman\u0131n sa\u011flanabilmesi gerekmektedir. Bir \u00fclkenin ekonomik b\u00fcy\u00fcmesi \u00fczerinde uluslararas\u0131 ticaret bir hayli \u00f6neme sahiptir. A\u011f\u0131rl\u0131kl\u0131 olarak literat\u00fcrde ekonomik b\u00fcy\u00fcme ve finansal geli\u015fme aras\u0131ndaki ili\u015fkiyi inceleyen \u00e7al\u0131\u015fmalar yer almas\u0131na kar\u015f\u0131n ayn\u0131 d\u00fczeyde finansal geli\u015fme ve uluslararas\u0131 ticaret aras\u0131ndaki ili\u015fkiye dair \u00e7al\u0131\u015fmalar bulunmamaktad\u0131r. Bu motivasyonla \u00e7al\u0131\u015fmada finansal geli\u015fme ve uluslararas\u0131 ticaret aras\u0131ndaki ili\u015fkiye e\u011filinerek, s\u00f6z konusu ili\u015fki \u00fclke ve end\u00fcstri d\u00fczeyinde tespit edilmi\u015ftir. <\/p>\n","protected":false},"excerpt":{"rendered":"<p>Bir \u00fclkenin finansal geli\u015fmi\u015flik d\u00fczeyinin ilgili \u00fclkenin geli\u015fmi\u015flik d\u00fczeyini de yans\u0131tt\u0131\u011f\u0131 ileri s\u00fcr\u00fclebilir. Finansal geli\u015fmenin sa\u011flanabilmesi i\u00e7in ekonomik b\u00fcy\u00fcme ve kalk\u0131nman\u0131n sa\u011flanabilmesi gerekmektedir. Bir \u00fclkenin ekonomik<span class=\"excerpt-hellip\"> [\u2026]<\/span><\/p>\n","protected":false},"featured_media":0,"template":"","meta":{"_monsterinsights_skip_tracking":false,"_monsterinsights_sitenote_active":false,"_monsterinsights_sitenote_note":"","_monsterinsights_sitenote_category":0},"product_brand":[],"product_cat":[14841,13043],"product_tag":[],"class_list":{"0":"post-736805","1":"product","2":"type-product","3":"status-publish","5":"product_cat-arastirma-inceleme-kuram","6":"product_cat-ekonomi","7":"pa_cilt-ciltsiz","8":"pa_tur-kitap","9":"pa_yayinevi-berikan-yayinlari","10":"pa_yazar-hasan-serdar-alpdundar","12":"first","13":"instock","14":"sale","15":"shipping-taxable","16":"purchasable","17":"product-type-simple"},"_links":{"self":[{"href":"https:\/\/roveyayinevi.com.tr\/index.php\/wp-json\/wp\/v2\/product\/736805","targetHints":{"allow":["GET"]}}],"collection":[{"href":"https:\/\/roveyayinevi.com.tr\/index.php\/wp-json\/wp\/v2\/product"}],"about":[{"href":"https:\/\/roveyayinevi.com.tr\/index.php\/wp-json\/wp\/v2\/types\/product"}],"wp:attachment":[{"href":"https:\/\/roveyayinevi.com.tr\/index.php\/wp-json\/wp\/v2\/media?parent=736805"}],"wp:term":[{"taxonomy":"product_brand","embeddable":true,"href":"https:\/\/roveyayinevi.com.tr\/index.php\/wp-json\/wp\/v2\/product_brand?post=736805"},{"taxonomy":"product_cat","embeddable":true,"href":"https:\/\/roveyayinevi.com.tr\/index.php\/wp-json\/wp\/v2\/product_cat?post=736805"},{"taxonomy":"product_tag","embeddable":true,"href":"https:\/\/roveyayinevi.com.tr\/index.php\/wp-json\/wp\/v2\/product_tag?post=736805"}],"curies":[{"name":"wp","href":"https:\/\/api.w.org\/{rel}","templated":true}]}}