{"id":736804,"date":"2025-08-27T23:15:17","date_gmt":"2025-08-27T20:15:17","guid":{"rendered":"https:\/\/roveyayinevi.com.tr\/index.php\/urun\/medya-emperyalizmi\/"},"modified":"2026-04-16T02:45:51","modified_gmt":"2026-04-15T23:45:51","slug":"medya-emperyalizmi","status":"publish","type":"product","link":"https:\/\/roveyayinevi.com.tr\/index.php\/urun\/medya-emperyalizmi\/","title":{"rendered":"Medya Emperyalizmi"},"content":{"rendered":"<p>Medya ve emperyalizm kavramlar\u0131n\u0131n birbirini besleyen, tamamlayan ve sebep-sonu\u00e7 ili\u015fkisi ba\u011flam\u0131nda modern em-peryalizmin medya \u00e7\u0131kt\u0131lar\u0131 vas\u0131tas\u0131 ile hayata ge\u00e7ti\u011fini s\u00f6ylemek m\u00fcmk\u00fcnd\u00fcr. Bir ba\u015fka ifade ile \u201cK\u00fcreselle\u015fme\u201d denilen yenid\u00fcnya d\u00fczeninin sebep-sonu\u00e7 cihetiyle medyan\u0131n bir lo-komotif olarak g\u00f6rev yapt\u0131\u011f\u0131 ve pe\u015findeki \u201ck\u00fcresel s\u00f6m\u00fcr\u00fc va-gonlar\u0131n\u0131\u201d raydan hi\u00e7 \u00e7\u0131kmadan k\u00fcresel emperyalizmin garlar\u0131na sa\u011f salim ula\u015ft\u0131rmaktad\u0131r. K\u00fcresel emperyalizmin hovarda, \u015f\u0131mar\u0131k ve asi \u00e7ocu\u011fu olan medya bu yeni d\u00fczeni me\u015frula\u015ft\u0131rma arac\u0131 olarak \u00f6nemli bir g\u00f6revi yerine getirmektedir. Yani medya emperyalizminin tabiri caizse g\u00f6n\u00fcll\u00fc el\u00e7isi olarak \u00f6nc\u00fc birli\u011fini olu\u015fturmaktad\u0131r. Medya emperyalizminin hedefi veya y\u00f6nelimi geli\u015fmi\u015flik ba\u011flam\u0131nda genelde az geli\u015fmi\u015f ve geli\u015fmekte olan \u00fclkelere do\u011fru; k\u00fclt\u00fcrel anlamda ise Bat\u0131 medeniyetine tehdit olarak g\u00f6r\u00fclen do\u011fu ve \u00f6zellikle \u0130slam medeniyet co\u011frafyas\u0131d\u0131r. Bu anlamda 1996\u2019da yay\u0131mlad\u0131\u011f\u0131 kitapla d\u00fcnya siyasi g\u00fcndeminde tart\u0131\u015f\u0131lmaya ba\u015flanan Amerikal\u0131 Samuel P. Huntington, \u201cMedeniyetler \u00c7at\u0131\u015fmas\u0131 ve D\u00fcnya D\u00fczeninin Yeniden Kurulmas\u0131\u201d isimli \u00e7al\u0131\u015fmas\u0131nda So\u011fuk Sava\u015f sonras\u0131 tek kutuplu d\u00fcnyada toplumlar\u0131n k\u00fclt\u00fcre ve dine dayal\u0131 aidiyetleri kuvvetli olan kimliklerin ba\u015fl\u0131ca \u00e7at\u0131\u015fma kayna\u011f\u0131 olaca\u011f\u0131n\u0131 \u00f6ne s\u00fcrm\u00fc\u015ft\u00fcr. Huntington gelecekte sava\u015flar\u0131n konvansiyonel sava\u015flar yani klasik s\u0131cak-cephe sava\u015flar\u0131 \u015feklinde ve \u00fclkeler aras\u0131nda de\u011fil, medeniyet-k\u00fclt\u00fcr havzalar\u0131 aras\u0131nda cereyan edece\u011fini vurgulam\u0131\u015ft\u0131r. Huntington\u2019\u0131n da i\u015faret etti\u011fi gibi d\u00fcnya \u00fczerindeki sava\u015flar bundan sonra k\u00fclt\u00fcr ve medeniyet perspek-tifinden cereyan etti\u011fi (edece\u011fi) i\u00e7in burada en \u00f6nemli k\u00fclt\u00fcr ta\u015f\u0131y\u0131c\u0131s\u0131, d\u00f6n\u00fc\u015ft\u00fcr\u00fcc\u00fcs\u00fc, yozla\u015ft\u0131r\u0131c\u0131s\u0131 ve \u00e7at\u0131\u015ft\u0131r\u0131c\u0131s\u0131 medyan\u0131n bizatihi kendisi oldu\u011fu i\u00e7in medya emperyalizmi d\u00fc\u015f\u00fcncesi veya yakla\u015f\u0131m\u0131 \u00f6nem arz etmektedir. Medya emperyalizmi t\u00fcm d\u00fcnyada da kabul g\u00f6rd\u00fc\u011f\u00fc \u00fczere bat\u0131l\u0131 ve \u00f6zellikle Amerikan men\u015feili oldu\u011fu i\u00e7in \u00f6nemli medya operasyonlar\u0131n\u0131n merkezi do\u011fal olarak Amerika olarak kabul edilmektedir. Bir ba\u015fka ifade ile k\u00fcresel \u00e7apta medya arac\u0131l\u0131\u011f\u0131 ile \u00fcretilen ve pompalanan bir k\u00fcresel k\u00fclt\u00fcr ger\u00e7e\u011fi mevcut olup bu k\u00fclt\u00fcr\u00fcn gerek men\u015fei bak\u0131m\u0131ndan ve gerekse de i\u00e7erik sa\u011flamas\u0131\/\u00fcretmesi bak\u0131m\u0131ndan kapitalizmin mabedi konumundaki Amerika\u2019n\u0131n varl\u0131\u011f\u0131 yads\u0131namaz konumdad\u0131r. Amerika ve Bat\u0131 taraf\u0131ndan sistemli ve kararl\u0131 bir \u015fekilde hayata ge\u00e7irilen k\u00fcresel k\u00fclt\u00fcr hem elit hem de pop\u00fcler ara\u00e7larla hayat\u0131n her zerresine bo\u015fluk kabul etmeyecek \u015fekilde zerk edilen bu t\u00fcredi k\u00fclt\u00fcrden ama\u00e7, t\u00fcm d\u00fcnyada Bat\u0131 tarz\u0131 ve her yerde i\u015flerlik kazanan homojen bir k\u00fclt\u00fcr ihdas etme \u00e7abas\u0131 olarak kar\u015f\u0131m\u0131za \u00e7\u0131kmaktad\u0131r. T\u00fcm milletlere veya k\u00fclt\u00fcrlere enjekte edilen bu yapay k\u00fclt\u00fcrle toplum hayat\u0131ndan, dini de\u011ferlere; i\u015f ahlak\u0131ndan siyaset ahlak\u0131na aile de\u011ferlerinden insan ili\u015fiklerine; ya\u015fam tarz\u0131ndan de\u011ferler manzumesine kadar t\u00fcm kadim k\u00fclt\u00fcrler unufak olmak suretiyle pop\u00fcler k\u00fclt\u00fcr\u00fcn azg\u0131n ve ac\u0131mas\u0131z di\u015flileri aras\u0131nda kur-ban edilmektedir. K\u0131sacas\u0131 medya marifetiyle k\u00fcresel d\u00fczeyde her toplumu ve her k\u00fclt\u00fcr\u00fc radikal bir \u015fekilde etkileyen bir k\u00fclt\u00fcrel istila, bir k\u00fclt\u00fcrel deprem ve bir k\u00fclt\u00fcrel girdapla kar\u015f\u0131 kar\u015f\u0131yay\u0131z. Ruh nas\u0131l ki insan\u0131n ya\u015fam g\u00f6stergesi ve olmazsa olmaz\u0131 ise bu meyanda k\u00fclt\u00fcr ve insani de\u011fer\/\u00f6l\u00e7\u00fclerini bu d\u00fcnyan\u0131n ruhu olarak kabul etti\u011fimizde medyan\u0131n k\u00fclt\u00fcr emperyalizmi vas\u0131tas\u0131yla bu d\u00fcnyan\u0131n ruh k\u00f6klerine adeta dinamit koydu\u011fu ve bu yolla be\u015feri d\u00fcnyay\u0131 ve insanl\u0131\u011f\u0131 bitkisel hayata mahk\u00fbm etti\u011fini rahatl\u0131kla ifade edebiliriz. Buradan hareketle bu \u00e7al\u0131\u015fman\u0131n amac\u0131 medya emperyalizmine kar\u015f\u0131 dikkat \u00e7ekmek ve kar\u0131nca karar\u0131nca da olsa bir fark\u0131ndal\u0131k olu\u015fturmak ve bu anlamda sorumlu ki\u015fi ve mercileri harekete ge\u00e7irmektir. <\/p>\n","protected":false},"excerpt":{"rendered":"<p>Medya ve emperyalizm kavramlar\u0131n\u0131n birbirini besleyen, tamamlayan ve sebep-sonu\u00e7 ili\u015fkisi ba\u011flam\u0131nda modern em-peryalizmin medya \u00e7\u0131kt\u0131lar\u0131 vas\u0131tas\u0131 ile hayata ge\u00e7ti\u011fini s\u00f6ylemek m\u00fcmk\u00fcnd\u00fcr. Bir ba\u015fka ifade ile \u201cK\u00fcreselle\u015fme\u201d<span class=\"excerpt-hellip\"> [\u2026]<\/span><\/p>\n","protected":false},"featured_media":0,"template":"","meta":{"_monsterinsights_skip_tracking":false,"_monsterinsights_sitenote_active":false,"_monsterinsights_sitenote_note":"","_monsterinsights_sitenote_category":0},"product_brand":[],"product_cat":[13590,12337],"product_tag":[],"class_list":{"0":"post-736804","1":"product","2":"type-product","3":"status-publish","5":"product_cat-arastirma-inceleme-politika-siyaset","6":"product_cat-politika-siyaset","7":"pa_cilt-ciltsiz","8":"pa_tur-kitap","9":"pa_yayinevi-berikan-yayinlari","10":"pa_yazar-mehmet-gokhan-genel","12":"first","13":"instock","14":"sale","15":"shipping-taxable","16":"purchasable","17":"product-type-simple"},"_links":{"self":[{"href":"https:\/\/roveyayinevi.com.tr\/index.php\/wp-json\/wp\/v2\/product\/736804","targetHints":{"allow":["GET"]}}],"collection":[{"href":"https:\/\/roveyayinevi.com.tr\/index.php\/wp-json\/wp\/v2\/product"}],"about":[{"href":"https:\/\/roveyayinevi.com.tr\/index.php\/wp-json\/wp\/v2\/types\/product"}],"wp:attachment":[{"href":"https:\/\/roveyayinevi.com.tr\/index.php\/wp-json\/wp\/v2\/media?parent=736804"}],"wp:term":[{"taxonomy":"product_brand","embeddable":true,"href":"https:\/\/roveyayinevi.com.tr\/index.php\/wp-json\/wp\/v2\/product_brand?post=736804"},{"taxonomy":"product_cat","embeddable":true,"href":"https:\/\/roveyayinevi.com.tr\/index.php\/wp-json\/wp\/v2\/product_cat?post=736804"},{"taxonomy":"product_tag","embeddable":true,"href":"https:\/\/roveyayinevi.com.tr\/index.php\/wp-json\/wp\/v2\/product_tag?post=736804"}],"curies":[{"name":"wp","href":"https:\/\/api.w.org\/{rel}","templated":true}]}}