{"id":736802,"date":"2025-08-27T23:15:15","date_gmt":"2025-08-27T20:15:15","guid":{"rendered":"https:\/\/roveyayinevi.com.tr\/index.php\/urun\/turkiyem-siir-kitabi\/"},"modified":"2026-04-16T02:45:50","modified_gmt":"2026-04-15T23:45:50","slug":"turkiyem-siir-kitabi","status":"publish","type":"product","link":"https:\/\/roveyayinevi.com.tr\/index.php\/urun\/turkiyem-siir-kitabi\/","title":{"rendered":"T\u00fcrkiye&#8217;m \u015eiir Kitab\u0131"},"content":{"rendered":"<p>\u015eair Osman Gezmek, T\u00fcrk \u015eairidir. 15 A\u011fustos 1964 tarihinde Ordu\u2019nun Kumru il\u00e7esi, Yaln\u0131zdam K\u00f6y\u00fc\u2019nde d\u00fcnyaya gelmi\u015ftir. \u00abHayat\u0131m\u0131n An\u0131lar\u0131\u00bb, \u00abBir Hayat Yolcusunun \u015eiir Kitab\u0131\u00bb, \u00abHat\u0131ralar\u00bb ve \u00abT\u00fcrkiye\u2019m\u00bb  isimli \u015fiir kitaplar\u0131n\u0131 yazm\u0131\u015ft\u0131r.     T\u00dcRK\u0130YE\u2019M   D\u00fcnyada yok senin gibi yer g\u00f6rd\u00fc\u011f\u00fcm Ay y\u0131ld\u0131zl\u0131 bayra\u011f\u0131m benim \u00f6zg\u00fcrl\u00fc\u011f\u00fcm U\u011frunda y\u0131ld\u0131zlar gibi yan\u0131p s\u00f6nd\u00fc\u011f\u00fcm Benim vatan\u0131m g\u00fczel memleketim T\u00fcrkiye\u2019m<\/p>\n","protected":false},"excerpt":{"rendered":"<p>\u015eair Osman Gezmek, T\u00fcrk \u015eairidir. 15 A\u011fustos 1964 tarihinde Ordu\u2019nun Kumru il\u00e7esi, Yaln\u0131zdam K\u00f6y\u00fc\u2019nde d\u00fcnyaya gelmi\u015ftir. \u00abHayat\u0131m\u0131n An\u0131lar\u0131\u00bb, \u00abBir Hayat Yolcusunun \u015eiir Kitab\u0131\u00bb, \u00abHat\u0131ralar\u00bb ve \u00abT\u00fcrkiye\u2019m\u00bb<span class=\"excerpt-hellip\"> [\u2026]<\/span><\/p>\n","protected":false},"featured_media":0,"template":"","meta":{"_monsterinsights_skip_tracking":false,"_monsterinsights_sitenote_active":false,"_monsterinsights_sitenote_note":"","_monsterinsights_sitenote_category":0},"product_brand":[],"product_cat":[12291,12509],"product_tag":[],"class_list":{"0":"post-736802","1":"product","2":"type-product","3":"status-publish","5":"product_cat-edebiyat","6":"product_cat-siir","7":"pa_cilt-ciltsiz","8":"pa_tur-kitap","9":"pa_yayinevi-kozmostar","10":"pa_yazar-osman-gezmek","12":"first","13":"instock","14":"sale","15":"shipping-taxable","16":"purchasable","17":"product-type-simple"},"_links":{"self":[{"href":"https:\/\/roveyayinevi.com.tr\/index.php\/wp-json\/wp\/v2\/product\/736802","targetHints":{"allow":["GET"]}}],"collection":[{"href":"https:\/\/roveyayinevi.com.tr\/index.php\/wp-json\/wp\/v2\/product"}],"about":[{"href":"https:\/\/roveyayinevi.com.tr\/index.php\/wp-json\/wp\/v2\/types\/product"}],"wp:attachment":[{"href":"https:\/\/roveyayinevi.com.tr\/index.php\/wp-json\/wp\/v2\/media?parent=736802"}],"wp:term":[{"taxonomy":"product_brand","embeddable":true,"href":"https:\/\/roveyayinevi.com.tr\/index.php\/wp-json\/wp\/v2\/product_brand?post=736802"},{"taxonomy":"product_cat","embeddable":true,"href":"https:\/\/roveyayinevi.com.tr\/index.php\/wp-json\/wp\/v2\/product_cat?post=736802"},{"taxonomy":"product_tag","embeddable":true,"href":"https:\/\/roveyayinevi.com.tr\/index.php\/wp-json\/wp\/v2\/product_tag?post=736802"}],"curies":[{"name":"wp","href":"https:\/\/api.w.org\/{rel}","templated":true}]}}