{"id":736801,"date":"2025-08-27T23:15:14","date_gmt":"2025-08-27T20:15:14","guid":{"rendered":"https:\/\/roveyayinevi.com.tr\/index.php\/urun\/nasil-anlatsam\/"},"modified":"2026-04-16T02:45:50","modified_gmt":"2026-04-15T23:45:50","slug":"nasil-anlatsam","status":"publish","type":"product","link":"https:\/\/roveyayinevi.com.tr\/index.php\/urun\/nasil-anlatsam\/","title":{"rendered":"Nas\u0131l Anlatsam?"},"content":{"rendered":"<p>Anne babalar\u0131n \u00e7o\u011fu cinsellik ve \u00e7ocuk kelimelerini bir araya bile getirmekten \u00e7ekinirler. Oysa insan cinsel bir varl\u0131kt\u0131r ve cinsellik anne karn\u0131ndan itibaren insan\u0131n geli\u015fim yolculu\u011funun \u00f6nemli bir par\u00e7as\u0131d\u0131r. Bu yolculukta \u00e7ocuklar\u0131n ilk rehberleri olacak anne babalar i\u00e7in en g\u00fc\u00e7l\u00fc ara\u00e7 cinsel e\u011fitimdir. Pratik bilgilerle dolu bir cinsel e\u011fitim k\u0131lavuzu olan bu kitap, hem anne babalar hem de \u00e7ocuk ve ergenlerin geli\u015fim ve de\u011fi\u015fim s\u00fcrecinde onlara destek veren ruh sa\u011fl\u0131\u011f\u0131 uzmanlar\u0131 i\u00e7in bir ba\u015fucu kitab\u0131 olacakt\u0131r.Psikoterapist &amp; Yazar &amp; E\u011fitmen Cem KE\u00c7E &#8211; Cinsel Sa\u011fl\u0131k Enstit\u00fcs\u00fc Derne\u011fi Ba\u015fkan\u0131 Cinselli\u011fin bir tabu ve genellikle konu\u015fulmaktan ka\u00e7\u0131n\u0131lan bir konu oldu\u011funu g\u00f6r\u00fcyorum. Konu\u015fulmayan, bilinmeyen, sorgulanmayan alanlarda ise bilgi kirliliklerinin artmas\u0131, toplumun daha \u00e7ok zarar g\u00f6rmesi ka\u00e7\u0131n\u0131lmazd\u0131r. Uzman Psikolojik Dan\u0131\u015fman Buket Bay\u0131nd\u0131r&#8217;\u0131n bilimsel verilerle harmanlayarak kaleme ald\u0131\u011f\u0131, bilgi ve birikimini aktard\u0131\u011f\u0131 bu eserin alanda \u00e7ok b\u00fcy\u00fck bir a\u00e7\u0131\u011f\u0131 kapataca\u011f\u0131na, hem uzmanlara hem ebeveynlere \u0131\u015f\u0131k tutaca\u011f\u0131na inan\u0131yorum.Uzm. Psk. Dan. O\u011fuz \u00d6ZAT &#8211; T\u00fcrk Psikolojik Dan\u0131\u015fma ve Rehberlik Derne\u011fi Ba\u015fkan\u0131 \u00c7ocuklar\u0131n ve ergenlerin hem fiziksel hem de ruhsal geli\u015fimlerinde \u00f6nemli bir rol oynayan cinsel e\u011fitim, toplumumuzun kanayan yaras\u0131 olan  cinsel ihmal ve istismardan \u00e7ocuklar\u0131m\u0131z\u0131 koruyabilmek i\u00e7in onlar\u0131 do\u011fru zamanda do\u011fru bilgi ile donatmak, sorular\u0131na do\u011fru yan\u0131tlar vermek i\u00e7in gereklidir. Uzman Psikolojik Dan\u0131\u015fman Buket Bay\u0131nd\u0131r, bu kitab\u0131yla ebeveynler ve e\u011fitimciler i\u00e7in en do\u011fru bilgilere, anla\u015f\u0131l\u0131r bir dil ile ula\u015fabilecekleri alt\u0131n de\u011ferinde bir kaynak sunuyor. Hatta sadece okumakla kalmayaca\u011f\u0131n\u0131z \u00e7ocu\u011fu olan t\u00fcm arkada\u015flar\u0131n\u0131za arma\u011fan edebilece\u011finiz de\u011ferli bir hediye&#8230; Dr. Obeng\u00fcl EJDER &#8211; Psikoterapist<\/p>\n","protected":false},"excerpt":{"rendered":"<p>Anne babalar\u0131n \u00e7o\u011fu cinsellik ve \u00e7ocuk kelimelerini bir araya bile getirmekten \u00e7ekinirler. Oysa insan cinsel bir varl\u0131kt\u0131r ve cinsellik anne karn\u0131ndan itibaren insan\u0131n geli\u015fim yolculu\u011funun \u00f6nemli<span class=\"excerpt-hellip\"> [\u2026]<\/span><\/p>\n","protected":false},"featured_media":0,"template":"","meta":{"_monsterinsights_skip_tracking":false,"_monsterinsights_sitenote_active":false,"_monsterinsights_sitenote_note":"","_monsterinsights_sitenote_category":0},"product_brand":[],"product_cat":[12831,12324],"product_tag":[],"class_list":{"0":"post-736801","1":"product","2":"type-product","3":"status-publish","5":"product_cat-aile-ve-cocuk","6":"product_cat-sosyoloji","7":"pa_cilt-ciltsiz","8":"pa_tur-kitap","9":"pa_yayinevi-bambuk-yayinevi","10":"pa_yazar-buket-bayindir","12":"first","13":"instock","14":"sale","15":"shipping-taxable","16":"purchasable","17":"product-type-simple"},"_links":{"self":[{"href":"https:\/\/roveyayinevi.com.tr\/index.php\/wp-json\/wp\/v2\/product\/736801","targetHints":{"allow":["GET"]}}],"collection":[{"href":"https:\/\/roveyayinevi.com.tr\/index.php\/wp-json\/wp\/v2\/product"}],"about":[{"href":"https:\/\/roveyayinevi.com.tr\/index.php\/wp-json\/wp\/v2\/types\/product"}],"wp:attachment":[{"href":"https:\/\/roveyayinevi.com.tr\/index.php\/wp-json\/wp\/v2\/media?parent=736801"}],"wp:term":[{"taxonomy":"product_brand","embeddable":true,"href":"https:\/\/roveyayinevi.com.tr\/index.php\/wp-json\/wp\/v2\/product_brand?post=736801"},{"taxonomy":"product_cat","embeddable":true,"href":"https:\/\/roveyayinevi.com.tr\/index.php\/wp-json\/wp\/v2\/product_cat?post=736801"},{"taxonomy":"product_tag","embeddable":true,"href":"https:\/\/roveyayinevi.com.tr\/index.php\/wp-json\/wp\/v2\/product_tag?post=736801"}],"curies":[{"name":"wp","href":"https:\/\/api.w.org\/{rel}","templated":true}]}}