{"id":736799,"date":"2025-08-27T23:15:12","date_gmt":"2025-08-27T20:15:12","guid":{"rendered":"https:\/\/roveyayinevi.com.tr\/index.php\/urun\/deizm\/"},"modified":"2026-04-16T02:45:50","modified_gmt":"2026-04-15T23:45:50","slug":"deizm","status":"publish","type":"product","link":"https:\/\/roveyayinevi.com.tr\/index.php\/urun\/deizm\/","title":{"rendered":"Deizm"},"content":{"rendered":"<p>\u201c\u0130nsan\u0131n sahip olmas\u0131 gereken tek din, iyi bir insan olmakt\u0131r.\u201d \u2013 Voltaire Musa, tarihi bir fig\u00fcr de\u011fildi&#8230; Bask\u0131lara, itilmi\u015f kak\u0131lm\u0131\u015fl\u0131\u011fa kar\u015f\u0131, ger\u00e7ek olmayana dayanan sembolik bir diren\u00e7 simgesiydi. M\u00d6 1250\u2019lerde ya\u015fand\u0131\u011f\u0131 ileri s\u00fcr\u00fclen \u201cG\u00f6\u00e7\u201d, ger\u00e7ekler d\u00fcnyas\u0131nda de\u011fil, bu tarihten yakla\u015f\u0131k 1000 y\u0131l kadar sonra, hayaller \u00e2leminde ya\u015fanm\u0131\u015ft\u0131. \u0130srail kavmi, M\u0131s\u0131r\u2019\u0131 de\u011fil, kozmopolit \u00e7oktanr\u0131l\u0131 antik tanr\u0131lar d\u00fcnyas\u0131n\u0131 terk etmi\u015f, bunlar\u0131n yerine de kendi halk\u0131 i\u00e7in Yehova\u2019y\u0131 yerle\u015ftirmi\u015fti. Nas\u0131ra diye bir yerle\u015fim yeri bile mevcut de\u011fildi. Tarih\u00e7i Josephus, Celile\u2019de tam\u0131 tam\u0131na 63 yerle\u015fim yeri say\u0131yordu. Nas\u0131ra hari\u00e7!&#8230; \u0130ncil, misyoner motivasyonlu ellerden \u00e7\u0131kmayd\u0131. Tiberias, tek sat\u0131r bile i\u015fitmemi\u015fti bu bal\u0131k\u00e7\u0131dan. Yahudi teolog Philon da haberdar de\u011fildi b\u00f6yle bir ki\u015fiden. Josephus, notlar\u0131nda \u0130sa ad\u0131n\u0131 ta\u015f\u0131yan tam 20 ki\u015fiden s\u00f6z ediyordu. Ne var ki hi\u00e7biri kastedilen \u0130sa de\u011fildi. <\/p>\n","protected":false},"excerpt":{"rendered":"<p>\u201c\u0130nsan\u0131n sahip olmas\u0131 gereken tek din, iyi bir insan olmakt\u0131r.\u201d \u2013 Voltaire Musa, tarihi bir fig\u00fcr de\u011fildi&#8230; Bask\u0131lara, itilmi\u015f kak\u0131lm\u0131\u015fl\u0131\u011fa kar\u015f\u0131, ger\u00e7ek olmayana dayanan sembolik bir<span class=\"excerpt-hellip\"> [\u2026]<\/span><\/p>\n","protected":false},"featured_media":0,"template":"","meta":{"_monsterinsights_skip_tracking":false,"_monsterinsights_sitenote_active":false,"_monsterinsights_sitenote_note":"","_monsterinsights_sitenote_category":0},"product_brand":[],"product_cat":[16382,12718],"product_tag":[],"class_list":{"0":"post-736799","1":"product","2":"type-product","3":"status-publish","5":"product_cat-diger-inanclar","6":"product_cat-din","7":"pa_cilt-ciltsiz","8":"pa_tur-kitap","9":"pa_yayinevi-destek-yayinlari","10":"pa_yazar-halit-kakinc","12":"first","13":"instock","14":"sale","15":"shipping-taxable","16":"purchasable","17":"product-type-simple"},"_links":{"self":[{"href":"https:\/\/roveyayinevi.com.tr\/index.php\/wp-json\/wp\/v2\/product\/736799","targetHints":{"allow":["GET"]}}],"collection":[{"href":"https:\/\/roveyayinevi.com.tr\/index.php\/wp-json\/wp\/v2\/product"}],"about":[{"href":"https:\/\/roveyayinevi.com.tr\/index.php\/wp-json\/wp\/v2\/types\/product"}],"wp:attachment":[{"href":"https:\/\/roveyayinevi.com.tr\/index.php\/wp-json\/wp\/v2\/media?parent=736799"}],"wp:term":[{"taxonomy":"product_brand","embeddable":true,"href":"https:\/\/roveyayinevi.com.tr\/index.php\/wp-json\/wp\/v2\/product_brand?post=736799"},{"taxonomy":"product_cat","embeddable":true,"href":"https:\/\/roveyayinevi.com.tr\/index.php\/wp-json\/wp\/v2\/product_cat?post=736799"},{"taxonomy":"product_tag","embeddable":true,"href":"https:\/\/roveyayinevi.com.tr\/index.php\/wp-json\/wp\/v2\/product_tag?post=736799"}],"curies":[{"name":"wp","href":"https:\/\/api.w.org\/{rel}","templated":true}]}}