{"id":736796,"date":"2025-08-27T23:15:09","date_gmt":"2025-08-27T20:15:09","guid":{"rendered":"https:\/\/roveyayinevi.com.tr\/index.php\/urun\/yoklugun-resmi\/"},"modified":"2026-04-16T02:45:50","modified_gmt":"2026-04-15T23:45:50","slug":"yoklugun-resmi","status":"publish","type":"product","link":"https:\/\/roveyayinevi.com.tr\/index.php\/urun\/yoklugun-resmi\/","title":{"rendered":"Yoklu\u011fun Resmi"},"content":{"rendered":"<p>&#8220;Yol \u00e7\u0131kar eve do\u011fru her zamanki gibi ne ki kap\u0131lar a\u00e7\u0131lmaz kolayca Anne kendini sorgular sava\u015f\u0131n anlam\u0131 konusunda Baba yeme\u011fini yer konu\u015fmaz art\u0131k An s\u00fcr\u00fcnerek ge\u00e7er bah\u00e7e duvar\u0131n\u0131n \u00f6n\u00fcnden R\u00fczg\u00e2r iteler unutulmu\u015f bir sal\u0131nca\u011f\u0131&#8221; <\/p>\n","protected":false},"excerpt":{"rendered":"<p>&#8220;Yol \u00e7\u0131kar eve do\u011fru her zamanki gibi ne ki kap\u0131lar a\u00e7\u0131lmaz kolayca Anne kendini sorgular sava\u015f\u0131n anlam\u0131 konusunda Baba yeme\u011fini yer konu\u015fmaz art\u0131k An s\u00fcr\u00fcnerek ge\u00e7er<span class=\"excerpt-hellip\"> [\u2026]<\/span><\/p>\n","protected":false},"featured_media":0,"template":"","meta":{"_monsterinsights_skip_tracking":false,"_monsterinsights_sitenote_active":false,"_monsterinsights_sitenote_note":"","_monsterinsights_sitenote_category":0},"product_brand":[],"product_cat":[12291,12509],"product_tag":[],"class_list":{"0":"post-736796","1":"product","2":"type-product","3":"status-publish","5":"product_cat-edebiyat","6":"product_cat-siir","7":"pa_cilt-ciltsiz","8":"pa_tur-kitap","9":"pa_yayinevi-imgenin-cocuklari","10":"pa_yazar-anise-koltz","12":"first","13":"instock","14":"sale","15":"shipping-taxable","16":"purchasable","17":"product-type-simple"},"_links":{"self":[{"href":"https:\/\/roveyayinevi.com.tr\/index.php\/wp-json\/wp\/v2\/product\/736796","targetHints":{"allow":["GET"]}}],"collection":[{"href":"https:\/\/roveyayinevi.com.tr\/index.php\/wp-json\/wp\/v2\/product"}],"about":[{"href":"https:\/\/roveyayinevi.com.tr\/index.php\/wp-json\/wp\/v2\/types\/product"}],"wp:attachment":[{"href":"https:\/\/roveyayinevi.com.tr\/index.php\/wp-json\/wp\/v2\/media?parent=736796"}],"wp:term":[{"taxonomy":"product_brand","embeddable":true,"href":"https:\/\/roveyayinevi.com.tr\/index.php\/wp-json\/wp\/v2\/product_brand?post=736796"},{"taxonomy":"product_cat","embeddable":true,"href":"https:\/\/roveyayinevi.com.tr\/index.php\/wp-json\/wp\/v2\/product_cat?post=736796"},{"taxonomy":"product_tag","embeddable":true,"href":"https:\/\/roveyayinevi.com.tr\/index.php\/wp-json\/wp\/v2\/product_tag?post=736796"}],"curies":[{"name":"wp","href":"https:\/\/api.w.org\/{rel}","templated":true}]}}