{"id":736794,"date":"2025-08-27T23:15:06","date_gmt":"2025-08-27T20:15:06","guid":{"rendered":"https:\/\/roveyayinevi.com.tr\/index.php\/urun\/hayalperest-silo\/"},"modified":"2026-04-16T02:45:50","modified_gmt":"2026-04-15T23:45:50","slug":"hayalperest-silo","status":"publish","type":"product","link":"https:\/\/roveyayinevi.com.tr\/index.php\/urun\/hayalperest-silo\/","title":{"rendered":"Hayalperest \u015eilo"},"content":{"rendered":"<p>Hayallerinin pe\u015finden gitmeye haz\u0131r cesur bir k\u0131z\u0131nve kurdu\u011fu m\u00fcthi\u015f dostlu\u011fun hik\u00e2yesi&#8230;Bir zamanlar, bisikletini r\u00fczg\u00e2rla yar\u0131\u015f\u0131rcas\u0131na h\u0131zl\u0131 s\u00fcren bir k\u0131z vard\u0131. Pedallara bir as\u0131ld\u0131 m\u0131 hi\u00e7 kimse onu durduramazd\u0131. \u0130smi, Alfonsina Strada\u2019yd\u0131.Herkes kar\u015f\u0131 \u00e7\u0131ksa da o, bisikletini s\u00fcrmeye devam etti. Bisiklet yar\u0131\u015flar\u0131na sadece erkekler kat\u0131labiliyordu, yine de Alfo m\u00fccadeleden ka\u00e7mad\u0131. Neyse ki yaln\u0131z de\u011fildi. Ona \u00e7ok inanan, s\u0131rad\u0131\u015f\u0131 bir dostu vard\u0131: Hayalperest \u015eilo.\u00dcnl\u00fc \u0130talyan bisiklet\u00e7i Alfonsina Strada\u2019n\u0131n ya\u015fam\u0131ndan ilham al\u0131narak yaz\u0131lm\u0131\u015f Hayalperest \u015eilo, \u00e7ocuklara g\u00fc\u00e7l\u00fc bir mesaj sunuyor: Hayallerine giden yola ad\u0131m atmaktan \u00e7ekinme ve m\u00fccadeleye a\u00e7\u0131k ol! Strada\u2019n\u0131n m\u00fccadelesi ve azmi, toplumsal \u00f6nyarg\u0131lar\u0131 k\u0131rman\u0131n ve cinsiyet e\u015fitli\u011fini sa\u011flaman\u0131n \u00f6nemini her ya\u015ftan okura hissettirecek t\u00fcrden ilham verici bir ger\u00e7eklikle kar\u015f\u0131m\u0131zda.<span>Tan\u0131t\u0131m Metni<\/span>&lt;\/img<\/p>\n","protected":false},"excerpt":{"rendered":"<p>Hayallerinin pe\u015finden gitmeye haz\u0131r cesur bir k\u0131z\u0131nve kurdu\u011fu m\u00fcthi\u015f dostlu\u011fun hik\u00e2yesi&#8230;Bir zamanlar, bisikletini r\u00fczg\u00e2rla yar\u0131\u015f\u0131rcas\u0131na h\u0131zl\u0131 s\u00fcren bir k\u0131z vard\u0131. Pedallara bir as\u0131ld\u0131 m\u0131 hi\u00e7 kimse<span class=\"excerpt-hellip\"> [\u2026]<\/span><\/p>\n","protected":false},"featured_media":0,"template":"","meta":{"_monsterinsights_skip_tracking":false,"_monsterinsights_sitenote_active":false,"_monsterinsights_sitenote_note":"","_monsterinsights_sitenote_category":0},"product_brand":[],"product_cat":[12275,12274],"product_tag":[],"class_list":{"0":"post-736794","1":"product","2":"type-product","3":"status-publish","5":"product_cat-6-12-yas-kitaplari","6":"product_cat-cocuk-ve-genclik-kitaplari","7":"pa_cilt-ciltsiz","8":"pa_tur-kitap","9":"pa_yayinevi-redhouse-kidz-yayinlari","10":"pa_yazar-ozlem-dilber","12":"first","13":"instock","14":"sale","15":"shipping-taxable","16":"purchasable","17":"product-type-simple"},"_links":{"self":[{"href":"https:\/\/roveyayinevi.com.tr\/index.php\/wp-json\/wp\/v2\/product\/736794","targetHints":{"allow":["GET"]}}],"collection":[{"href":"https:\/\/roveyayinevi.com.tr\/index.php\/wp-json\/wp\/v2\/product"}],"about":[{"href":"https:\/\/roveyayinevi.com.tr\/index.php\/wp-json\/wp\/v2\/types\/product"}],"wp:attachment":[{"href":"https:\/\/roveyayinevi.com.tr\/index.php\/wp-json\/wp\/v2\/media?parent=736794"}],"wp:term":[{"taxonomy":"product_brand","embeddable":true,"href":"https:\/\/roveyayinevi.com.tr\/index.php\/wp-json\/wp\/v2\/product_brand?post=736794"},{"taxonomy":"product_cat","embeddable":true,"href":"https:\/\/roveyayinevi.com.tr\/index.php\/wp-json\/wp\/v2\/product_cat?post=736794"},{"taxonomy":"product_tag","embeddable":true,"href":"https:\/\/roveyayinevi.com.tr\/index.php\/wp-json\/wp\/v2\/product_tag?post=736794"}],"curies":[{"name":"wp","href":"https:\/\/api.w.org\/{rel}","templated":true}]}}