{"id":736792,"date":"2025-08-27T23:15:04","date_gmt":"2025-08-27T20:15:04","guid":{"rendered":"https:\/\/roveyayinevi.com.tr\/index.php\/urun\/hakikatler-kulubu\/"},"modified":"2026-04-16T02:45:50","modified_gmt":"2026-04-15T23:45:50","slug":"hakikatler-kulubu","status":"publish","type":"product","link":"https:\/\/roveyayinevi.com.tr\/index.php\/urun\/hakikatler-kulubu\/","title":{"rendered":"Hakikatler  Kul\u00fcb\u00fc"},"content":{"rendered":"<p>Hayatta hi\u00e7bir sevin\u00e7, keder, talihsizlik ya da \u015fans kimseye \u00f6zel olmad\u0131\u011f\u0131 gibi herkesin bunlar\u0131 ya\u015fay\u0131\u015f\u0131, verdi\u011fi s\u0131nav, ald\u0131\u011f\u0131 ders birbirinden farkl\u0131. Yine de ortak kaderler, ortak m\u00fccadeleler insana yaln\u0131z olmad\u0131\u011f\u0131n\u0131 hissettirip g\u00fc\u00e7 verir. Hakikatler Kul\u00fcb\u00fc, ger\u00e7eklerle y\u00fczle\u015fmeye cesareti olanlar\u0131n kulak verebilece\u011fi bir hesap defteri.  Hastal\u0131klarla dinamikleri de\u011fi\u015fen evliliklerini s\u00fcrd\u00fcrmeye, kocalar\u0131n\u0131 destekleyip \u00e7ocu\u011funa umut olmaya, evi idare etmeye, ayakta durmaya \u00e7al\u0131\u015fan, direngen kad\u0131nlar\u0131n farkl\u0131 minvallerde yolculuklar\u0131. Biri beyaz yakal\u0131 di\u011feri onun evini temizlemeye gelen iki farkl\u0131 d\u00fcnyadan iki farkl\u0131 kad\u0131n\u0131n g\u00fc\u00e7 ve g\u00fc\u00e7s\u00fczl\u00fcklerinin irdelendi\u011fi hayat kesitleri. D\u00fcnyalar\u0131n bir anda y\u0131k\u0131l\u0131p ba\u015ftan in\u015fa edili\u015finin kimi ac\u0131kl\u0131, kimi ibretlik, kimi \u00fcmide hasret hik\u00e2yesi.M\u00fcjde Alganer\u2019in g\u00fc\u00e7l\u00fc kalemiyle okuru sars\u0131c\u0131 bir yolculu\u011fa \u00e7\u0131karaca\u011f\u0131 Hakikatler Kul\u00fcb\u00fc; bazen \u00fcz\u00fcc\u00fc bazen umutlu, kimi mistik, kimi ger\u00e7ek\u00e7i hayat karelerinden ve kendimize s\u00f6yleyemediklerimizden m\u00fcte\u015fekkil bir i\u00e7 sesler metni.<\/p>\n","protected":false},"excerpt":{"rendered":"<p>Hayatta hi\u00e7bir sevin\u00e7, keder, talihsizlik ya da \u015fans kimseye \u00f6zel olmad\u0131\u011f\u0131 gibi herkesin bunlar\u0131 ya\u015fay\u0131\u015f\u0131, verdi\u011fi s\u0131nav, ald\u0131\u011f\u0131 ders birbirinden farkl\u0131. Yine de ortak kaderler, ortak<span class=\"excerpt-hellip\"> [\u2026]<\/span><\/p>\n","protected":false},"featured_media":0,"template":"","meta":{"_monsterinsights_skip_tracking":false,"_monsterinsights_sitenote_active":false,"_monsterinsights_sitenote_note":"","_monsterinsights_sitenote_category":0},"product_brand":[],"product_cat":[12291,12711],"product_tag":[],"class_list":{"0":"post-736792","1":"product","2":"type-product","3":"status-publish","5":"product_cat-edebiyat","6":"product_cat-roman-oyku","7":"pa_cilt-ciltsiz","8":"pa_tur-kitap","9":"pa_yayinevi-artemis-yayinlari","10":"pa_yazar-mujde-alganer","12":"first","13":"instock","14":"sale","15":"shipping-taxable","16":"purchasable","17":"product-type-simple"},"_links":{"self":[{"href":"https:\/\/roveyayinevi.com.tr\/index.php\/wp-json\/wp\/v2\/product\/736792","targetHints":{"allow":["GET"]}}],"collection":[{"href":"https:\/\/roveyayinevi.com.tr\/index.php\/wp-json\/wp\/v2\/product"}],"about":[{"href":"https:\/\/roveyayinevi.com.tr\/index.php\/wp-json\/wp\/v2\/types\/product"}],"wp:attachment":[{"href":"https:\/\/roveyayinevi.com.tr\/index.php\/wp-json\/wp\/v2\/media?parent=736792"}],"wp:term":[{"taxonomy":"product_brand","embeddable":true,"href":"https:\/\/roveyayinevi.com.tr\/index.php\/wp-json\/wp\/v2\/product_brand?post=736792"},{"taxonomy":"product_cat","embeddable":true,"href":"https:\/\/roveyayinevi.com.tr\/index.php\/wp-json\/wp\/v2\/product_cat?post=736792"},{"taxonomy":"product_tag","embeddable":true,"href":"https:\/\/roveyayinevi.com.tr\/index.php\/wp-json\/wp\/v2\/product_tag?post=736792"}],"curies":[{"name":"wp","href":"https:\/\/api.w.org\/{rel}","templated":true}]}}