{"id":736789,"date":"2025-08-27T23:15:02","date_gmt":"2025-08-27T20:15:02","guid":{"rendered":"https:\/\/roveyayinevi.com.tr\/index.php\/urun\/aleviligin-direnis-tarihi\/"},"modified":"2026-04-16T02:45:50","modified_gmt":"2026-04-15T23:45:50","slug":"aleviligin-direnis-tarihi","status":"publish","type":"product","link":"https:\/\/roveyayinevi.com.tr\/index.php\/urun\/aleviligin-direnis-tarihi\/","title":{"rendered":"Alevili\u011fin Direni\u015f Tarihi"},"content":{"rendered":"<p>Bu kitapta, Alevi toplumunun d\u00f6rt devlet yap\u0131lanmas\u0131 olan B\u00fcy\u00fck Sel\u00e7uklu Devleti, Anadolu Sel\u00e7uklu Devleti, Osmanl\u0131 Devleti ve T\u00fcrkiye Cumhuriyeti Devleti\u2019nde i\u00e7inde bulunmu\u015f oldu\u011fu durumlar, ya\u015fam bi\u00e7imleri, ayaklanmalar ve g\u00f6rm\u00fc\u015f olduklar\u0131 bask\u0131 ve zul\u00fcmler tarihsel olarak s\u0131ralanarak bir sonuca gidilmi\u015ftir. Alevi toplumunun inan\u00e7 sistemine ise k\u0131sa ve \u00f6zet halinde de\u011finilmi\u015ftir. Bunun nedeni, bug\u00fcne kadar yay\u0131nlanan kitaplar\u0131n bir\u00e7o\u011funda bu konular detayl\u0131ca incelenmi\u015ftir. Kitapta bunun tekrar\u0131na girmeden ana hatlar\u0131yla verilmi\u015ftir. <\/p>\n","protected":false},"excerpt":{"rendered":"<p>Bu kitapta, Alevi toplumunun d\u00f6rt devlet yap\u0131lanmas\u0131 olan B\u00fcy\u00fck Sel\u00e7uklu Devleti, Anadolu Sel\u00e7uklu Devleti, Osmanl\u0131 Devleti ve T\u00fcrkiye Cumhuriyeti Devleti\u2019nde i\u00e7inde bulunmu\u015f oldu\u011fu durumlar, ya\u015fam bi\u00e7imleri,<span class=\"excerpt-hellip\"> [\u2026]<\/span><\/p>\n","protected":false},"featured_media":0,"template":"","meta":{"_monsterinsights_skip_tracking":false,"_monsterinsights_sitenote_active":false,"_monsterinsights_sitenote_note":"","_monsterinsights_sitenote_category":0},"product_brand":[],"product_cat":[13575,12718,12719],"product_tag":[],"class_list":{"0":"post-736789","1":"product","2":"type-product","3":"status-publish","5":"product_cat-alevilik-bektasilik","6":"product_cat-din","7":"product_cat-islam","8":"pa_cilt-ciltsiz","9":"pa_tur-kitap","10":"pa_yayinevi-sinirsiz-kitap","11":"pa_yazar-durmus-kurt","13":"first","14":"instock","15":"sale","16":"shipping-taxable","17":"purchasable","18":"product-type-simple"},"_links":{"self":[{"href":"https:\/\/roveyayinevi.com.tr\/index.php\/wp-json\/wp\/v2\/product\/736789","targetHints":{"allow":["GET"]}}],"collection":[{"href":"https:\/\/roveyayinevi.com.tr\/index.php\/wp-json\/wp\/v2\/product"}],"about":[{"href":"https:\/\/roveyayinevi.com.tr\/index.php\/wp-json\/wp\/v2\/types\/product"}],"wp:attachment":[{"href":"https:\/\/roveyayinevi.com.tr\/index.php\/wp-json\/wp\/v2\/media?parent=736789"}],"wp:term":[{"taxonomy":"product_brand","embeddable":true,"href":"https:\/\/roveyayinevi.com.tr\/index.php\/wp-json\/wp\/v2\/product_brand?post=736789"},{"taxonomy":"product_cat","embeddable":true,"href":"https:\/\/roveyayinevi.com.tr\/index.php\/wp-json\/wp\/v2\/product_cat?post=736789"},{"taxonomy":"product_tag","embeddable":true,"href":"https:\/\/roveyayinevi.com.tr\/index.php\/wp-json\/wp\/v2\/product_tag?post=736789"}],"curies":[{"name":"wp","href":"https:\/\/api.w.org\/{rel}","templated":true}]}}