{"id":736786,"date":"2025-08-27T23:14:58","date_gmt":"2025-08-27T20:14:58","guid":{"rendered":"https:\/\/roveyayinevi.com.tr\/index.php\/urun\/dilenci\/"},"modified":"2026-04-08T02:54:14","modified_gmt":"2026-04-07T23:54:14","slug":"dilenci","status":"publish","type":"product","link":"https:\/\/roveyayinevi.com.tr\/index.php\/urun\/dilenci\/","title":{"rendered":"Dilenci"},"content":{"rendered":"<p>Her insan bir dilencidir. \u00d6nemli olan kimden ne diledi\u011fin, Kimden ne dilendi\u011findir. Peki; sen hi\u00e7 D\u0130LENC\u0130 oldun mu? Sevdi\u011fin i\u00e7in dilenci olmay\u0131 g\u00f6ze ald\u0131n m\u0131? \u0130nsan hayat\u0131 boyunca zaman i\u00e7erisinde baz\u0131 d\u00f6n\u00fcm noktalar\u0131ndan ge\u00e7er. Mesela do\u011far, ismi duyulur; evlenir, ismi duyulur; \u00f6l\u00fcr, ismi duyulur. Bunlarla beraber ba\u015flar\u0131ndan ge\u00e7en baz\u0131 iyi ya da k\u00f6t\u00fc hadiseler ise insan\u0131n ya\u015fam i\u00e7erisindeki gidi\u015fat\u0131n\u0131 de\u011fi\u015ftirir. Kader diyerek bildi\u011fimiz ve inan\u0131p itikat etti\u011fimiz durumdur. \u0130\u015fte o ba\u015f\u0131m\u0131zdan ge\u00e7enler belle\u011fimizde derin izler b\u0131rak\u0131r. Bu izler, \u00f6zellikle sonucu k\u00f6t\u00fc biten hadiselerin derin yaras\u0131n\u0131 ta\u015f\u0131mam\u0131za neden olur. G\u00fclce, \u00fcst\u00fcnden y\u0131llar ge\u00e7se de amcas\u0131n\u0131n \u00f6l\u00fcm\u00fcn\u00fc bir t\u00fcrl\u00fc unutamad\u0131. O olay, hayat\u0131n\u0131n en b\u00fcy\u00fck d\u00f6n\u00fcm noktas\u0131 olmu\u015ftu. Hayat\u0131 boyunca, hep amcas\u0131n\u0131n \u00f6l\u00fcm\u00fcne sebep oldu\u011funu; onun y\u00fcz\u00fcnden \u015fimdi yanlar\u0131nda olmad\u0131\u011f\u0131n\u0131 d\u00fc\u015f\u00fcn\u00fcp durdu. Amcas\u0131, o elim kazadan \u00f6nce \u00e7arpt\u0131klar\u0131 dilenciye \u015fapkas\u0131n\u0131 verseydi, ba\u015f\u0131ndan yaralanarak \u00f6l\u00fcr m\u00fcyd\u00fc? Ya da \u00f6nceki ak\u015fam G\u00fclce amcas\u0131na onlarda kalmak istedi\u011fini s\u00f6ylememi\u015f olsa, amcas\u0131 o yola hi\u00e7 girmese yine de girer miydi topra\u011fa? Bilmiyordu G\u00fclce&#8230; Tek bildi\u011fi, inand\u0131\u011f\u0131 amcas\u0131n\u0131n \u00f6l\u00fcm\u00fcnden sorumlu oldu\u011fuydu.   <\/p>\n","protected":false},"excerpt":{"rendered":"<p>Her insan bir dilencidir. \u00d6nemli olan kimden ne diledi\u011fin, Kimden ne dilendi\u011findir. Peki; sen hi\u00e7 D\u0130LENC\u0130 oldun mu? Sevdi\u011fin i\u00e7in dilenci olmay\u0131 g\u00f6ze ald\u0131n m\u0131? \u0130nsan<span class=\"excerpt-hellip\"> [\u2026]<\/span><\/p>\n","protected":false},"featured_media":0,"template":"","meta":{"_monsterinsights_skip_tracking":false,"_monsterinsights_sitenote_active":false,"_monsterinsights_sitenote_note":"","_monsterinsights_sitenote_category":0},"product_brand":[],"product_cat":[12291,12711],"product_tag":[],"class_list":{"0":"post-736786","1":"product","2":"type-product","3":"status-publish","5":"product_cat-edebiyat","6":"product_cat-roman-oyku","7":"pa_cilt-ciltsiz","8":"pa_tur-kitap","9":"pa_yayinevi-karina-yayinevi","10":"pa_yazar-servet-akturk","12":"first","13":"instock","14":"sale","15":"shipping-taxable","16":"purchasable","17":"product-type-simple"},"_links":{"self":[{"href":"https:\/\/roveyayinevi.com.tr\/index.php\/wp-json\/wp\/v2\/product\/736786","targetHints":{"allow":["GET"]}}],"collection":[{"href":"https:\/\/roveyayinevi.com.tr\/index.php\/wp-json\/wp\/v2\/product"}],"about":[{"href":"https:\/\/roveyayinevi.com.tr\/index.php\/wp-json\/wp\/v2\/types\/product"}],"wp:attachment":[{"href":"https:\/\/roveyayinevi.com.tr\/index.php\/wp-json\/wp\/v2\/media?parent=736786"}],"wp:term":[{"taxonomy":"product_brand","embeddable":true,"href":"https:\/\/roveyayinevi.com.tr\/index.php\/wp-json\/wp\/v2\/product_brand?post=736786"},{"taxonomy":"product_cat","embeddable":true,"href":"https:\/\/roveyayinevi.com.tr\/index.php\/wp-json\/wp\/v2\/product_cat?post=736786"},{"taxonomy":"product_tag","embeddable":true,"href":"https:\/\/roveyayinevi.com.tr\/index.php\/wp-json\/wp\/v2\/product_tag?post=736786"}],"curies":[{"name":"wp","href":"https:\/\/api.w.org\/{rel}","templated":true}]}}