{"id":736784,"date":"2025-08-27T23:14:55","date_gmt":"2025-08-27T20:14:55","guid":{"rendered":"https:\/\/roveyayinevi.com.tr\/index.php\/urun\/bambaskadir-benim-memleketim\/"},"modified":"2026-04-16T02:45:49","modified_gmt":"2026-04-15T23:45:49","slug":"bambaskadir-benim-memleketim","status":"publish","type":"product","link":"https:\/\/roveyayinevi.com.tr\/index.php\/urun\/bambaskadir-benim-memleketim\/","title":{"rendered":"Bamba\u015fkad\u0131r Benim Memleketim"},"content":{"rendered":"<p>Yeti\u015ftirmi\u015f oldu\u011fum binlerce \u00f6\u011frencim aras\u0131ndan kitap yazan tek \u00f6\u011frencimdir, lise y\u0131llar\u0131ndan beri tan\u0131d\u0131\u011f\u0131m, on parma\u011f\u0131nda on bir marifet olan Zafer\u2026 \u0130lginizi \u00e7ekecek kadar g\u00f6z al\u0131c\u0131 bir kitap yazm\u0131\u015f. Fakat sizi bu kitab\u0131 okuyup okumamaya ikna edecek olan \u015fey, benim bu yaz\u0131mda de\u011fil, kitab\u0131n i\u00e7inde asl\u0131nda\u2026 \u015e\u00f6yle ki: Zafer bu kitab\u0131 kurgularken, problem ortaya \u00e7\u0131kmadan \u00f6nce karakterin i\u00e7inde bulundu\u011fu durumu ve hemen ard\u0131ndan karakterin dengesini bozan, onunla amac\u0131 aras\u0131na giren olaya kendi yorumlar\u0131n\u0131 ekleyerek tad\u0131na doyulmaz h\u00e2le getirmi\u015f\u2026 B\u00f6ylece olaylar\u0131n hi\u00e7 de g\u00f6r\u00fcnd\u00fc\u011f\u00fc gibi olmayaca\u011f\u0131na dair, ilgi uyand\u0131r\u0131c\u0131 bir bilgiyi de kafam\u0131za sokarken okuyucuyu g\u00fcld\u00fcrmeyi \u00e7ok \u00f6nemsemi\u015f\u2026 Zevkle okudum&#8230; Zevkle okuyacaks\u0131n\u0131z, biliyorum&#8230;   \u0130LBAY \u00c7EP (Zafer&#8217;in lisedeki kimya \u00f6\u011fretmeni) <\/p>\n","protected":false},"excerpt":{"rendered":"<p>Yeti\u015ftirmi\u015f oldu\u011fum binlerce \u00f6\u011frencim aras\u0131ndan kitap yazan tek \u00f6\u011frencimdir, lise y\u0131llar\u0131ndan beri tan\u0131d\u0131\u011f\u0131m, on parma\u011f\u0131nda on bir marifet olan Zafer\u2026 \u0130lginizi \u00e7ekecek kadar g\u00f6z al\u0131c\u0131 bir<span class=\"excerpt-hellip\"> [\u2026]<\/span><\/p>\n","protected":false},"featured_media":0,"template":"","meta":{"_monsterinsights_skip_tracking":false,"_monsterinsights_sitenote_active":false,"_monsterinsights_sitenote_note":"","_monsterinsights_sitenote_category":0},"product_brand":[],"product_cat":[12291,14825],"product_tag":[],"class_list":{"0":"post-736784","1":"product","2":"type-product","3":"status-publish","5":"product_cat-edebiyat","6":"product_cat-mizah","7":"pa_cilt-ciltsiz","8":"pa_tur-kitap","9":"pa_yayinevi-karina-yayinevi","10":"pa_yazar-zafer-sel","12":"first","13":"instock","14":"sale","15":"shipping-taxable","16":"purchasable","17":"product-type-simple"},"_links":{"self":[{"href":"https:\/\/roveyayinevi.com.tr\/index.php\/wp-json\/wp\/v2\/product\/736784","targetHints":{"allow":["GET"]}}],"collection":[{"href":"https:\/\/roveyayinevi.com.tr\/index.php\/wp-json\/wp\/v2\/product"}],"about":[{"href":"https:\/\/roveyayinevi.com.tr\/index.php\/wp-json\/wp\/v2\/types\/product"}],"wp:attachment":[{"href":"https:\/\/roveyayinevi.com.tr\/index.php\/wp-json\/wp\/v2\/media?parent=736784"}],"wp:term":[{"taxonomy":"product_brand","embeddable":true,"href":"https:\/\/roveyayinevi.com.tr\/index.php\/wp-json\/wp\/v2\/product_brand?post=736784"},{"taxonomy":"product_cat","embeddable":true,"href":"https:\/\/roveyayinevi.com.tr\/index.php\/wp-json\/wp\/v2\/product_cat?post=736784"},{"taxonomy":"product_tag","embeddable":true,"href":"https:\/\/roveyayinevi.com.tr\/index.php\/wp-json\/wp\/v2\/product_tag?post=736784"}],"curies":[{"name":"wp","href":"https:\/\/api.w.org\/{rel}","templated":true}]}}