{"id":736783,"date":"2025-08-27T23:14:55","date_gmt":"2025-08-27T20:14:55","guid":{"rendered":"https:\/\/roveyayinevi.com.tr\/index.php\/urun\/felsefe-dunyasi-dergisi-sayi-74\/"},"modified":"2026-04-16T02:45:49","modified_gmt":"2026-04-15T23:45:49","slug":"felsefe-dunyasi-dergisi-sayi-74","status":"publish","type":"product","link":"https:\/\/roveyayinevi.com.tr\/index.php\/urun\/felsefe-dunyasi-dergisi-sayi-74\/","title":{"rendered":"Felsefe D\u00fcnyas\u0131 Dergisi Say\u0131 74"},"content":{"rendered":"<p>Descartes\u2019a G\u00f6re Edilgiler, Ak\u0131l ve Ahlak Aras\u0131ndaki \u0130li\u015fki Sebile BA\u015eOK D\u0130\u015e   \u0130bn S\u00een\u00e2\u2019n\u0131n Eserlerinin Latince\u2019ye Terc\u00fcme S\u00fcreci ve Latin \u0130bn S\u00een\u00e2c\u0131l\u0131\u011f\u0131 (Avicennaism) Mehmet Ata AZ   Soru Sorma ve Sorgulama Tarz\u0131 Olarak \u00d6l\u00fcm \u015eahin EF\u0130L   Euthyphron \u0130kileminin \u0130\u015faret Etti\u011fi Baz\u0131 Ahl\u00e2k\u00ee A\u00e7mazlar Mustafa \u00c7AKMAK   Verili Bir De\u011fer Duygusu Olarak Adalet Muhammet Caner ILGARO\u011eLU   Bilincin Zor Problemi Asl\u0131 \u00dcNER KAYA   Ak\u0131ll\u0131 Tasar\u0131m Hareketi Yeni Bir \u015eey Sunuyor mu? Ferhat ONUR   Tanr\u0131\u2019ya \u0130nanmayan Mutlu Olamaz m\u0131?: Aristoteles, \u0130bn Miskeveyh, Thomas Aquinas Metin AYDIN   Heidegger D\u00fc\u015f\u00fcncesinde Bir \u0130mk\u00e2n Olarak \u00d6l\u00fcm ve Zamanla \u0130li\u015fkisi Nil\u00fcfer URLU \u00dcNALDI   Hume\u2019un Mavisi \u015eule G\u00d6LE   Derrida ve T\u00fcrk Harf \u0130nk\u0131l\u00e2b\u0131 Hayriye KIRTAY   Bergson\u2019un G\u00fclme Teorisi: Bir Cezaland\u0131rma Mekanizmas\u0131 Olarak G\u00fclme Berdan KAYA   Nicolaus Cusanus Armand MAURER   Hikmetin \u0130zinde Bir Fizik\u00e7i: Schr\u00f6dinger ve Anlam Krizi Mehmet Zahit SEZER   \u201cGezgin Filozof Ulu\u011f Nutku\u201d \u00dczerine Bir De\u011ferlendirme Aziz \u015eEKER <\/p>\n","protected":false},"excerpt":{"rendered":"<p>Descartes\u2019a G\u00f6re Edilgiler, Ak\u0131l ve Ahlak Aras\u0131ndaki \u0130li\u015fki Sebile BA\u015eOK D\u0130\u015e \u0130bn S\u00een\u00e2\u2019n\u0131n Eserlerinin Latince\u2019ye Terc\u00fcme S\u00fcreci ve Latin \u0130bn S\u00een\u00e2c\u0131l\u0131\u011f\u0131 (Avicennaism) Mehmet Ata AZ Soru<span class=\"excerpt-hellip\"> [\u2026]<\/span><\/p>\n","protected":false},"featured_media":0,"template":"","meta":{"_monsterinsights_skip_tracking":false,"_monsterinsights_sitenote_active":false,"_monsterinsights_sitenote_note":"","_monsterinsights_sitenote_category":0},"product_brand":[],"product_cat":[19460,13527],"product_tag":[],"class_list":{"0":"post-736783","1":"product","2":"type-product","3":"status-publish","5":"product_cat-felsefe-sureli-yayinlar","6":"product_cat-sureli-yayinlar","7":"pa_cilt-ciltsiz","8":"pa_tur-dergi","9":"pa_yayinevi-turkiye-felsefe-dernegi-yayinlari","10":"pa_yazar-turkiye-felsefe-dernegi-yayinlari-kolektif","12":"first","13":"instock","14":"sale","15":"shipping-taxable","16":"purchasable","17":"product-type-simple"},"_links":{"self":[{"href":"https:\/\/roveyayinevi.com.tr\/index.php\/wp-json\/wp\/v2\/product\/736783","targetHints":{"allow":["GET"]}}],"collection":[{"href":"https:\/\/roveyayinevi.com.tr\/index.php\/wp-json\/wp\/v2\/product"}],"about":[{"href":"https:\/\/roveyayinevi.com.tr\/index.php\/wp-json\/wp\/v2\/types\/product"}],"wp:attachment":[{"href":"https:\/\/roveyayinevi.com.tr\/index.php\/wp-json\/wp\/v2\/media?parent=736783"}],"wp:term":[{"taxonomy":"product_brand","embeddable":true,"href":"https:\/\/roveyayinevi.com.tr\/index.php\/wp-json\/wp\/v2\/product_brand?post=736783"},{"taxonomy":"product_cat","embeddable":true,"href":"https:\/\/roveyayinevi.com.tr\/index.php\/wp-json\/wp\/v2\/product_cat?post=736783"},{"taxonomy":"product_tag","embeddable":true,"href":"https:\/\/roveyayinevi.com.tr\/index.php\/wp-json\/wp\/v2\/product_tag?post=736783"}],"curies":[{"name":"wp","href":"https:\/\/api.w.org\/{rel}","templated":true}]}}