{"id":736782,"date":"2025-08-27T23:14:53","date_gmt":"2025-08-27T20:14:53","guid":{"rendered":"https:\/\/roveyayinevi.com.tr\/index.php\/urun\/kalinti-2-ciltli\/"},"modified":"2026-04-16T02:45:49","modified_gmt":"2026-04-15T23:45:49","slug":"kalinti-2-ciltli","status":"publish","type":"product","link":"https:\/\/roveyayinevi.com.tr\/index.php\/urun\/kalinti-2-ciltli\/","title":{"rendered":"Kal\u0131nt\u0131 2 (Ciltli)"},"content":{"rendered":"<p>Karanl\u0131\u011f\u0131n kanl\u0131 kalbi, bir elmas gibi parlamaktad\u0131r sonsuz d\u00f6ng\u00fcn\u00fcn i\u00e7inde.   Haris&#8217;in lanetinden kurtulmas\u0131yla birlikte d\u00fcnyaya emsalsiz bir sis \u00e7\u00f6km\u00fc\u015ft\u00fcr. \u00d6zg\u00fcrl\u00fc\u011f\u00fcne kavu\u015fan Haris,daha da g\u00fc\u00e7lenmi\u015f ve k\u00f6t\u00fcl\u00fc\u011f\u00fcn\u00fc evrene yaymaya \u00e7oktan ba\u015flam\u0131\u015ft\u0131r. Ger\u00e7ekli\u011fine asla inanmayaca\u011f\u0131 busava\u015fta Ezel de yerini alm\u0131\u015ft\u0131r. Ya\u015fad\u0131\u011f\u0131 vah\u015fetlerin i\u00e7ine \u015fimdi biraz daha imk\u00e2ns\u0131zl\u0131k eklenmi\u015ftir.   Ezel art\u0131k sadece Karmen&#8217;e olan a\u015fk\u0131 i\u00e7in de\u011fil,insanl\u0131k i\u00e7in de sava\u015facakt\u0131r. Haris her ge\u00e7en g\u00fcn dipsizkaranl\u0131\u011fa daha da sahip olurken Ezel&#8217;in tek amac\u0131 onu kendi karanl\u0131\u011f\u0131nda bo\u011fmakt\u0131r.Ancak Ezel bu ama\u00e7 u\u011fruna neleri kaybedece\u011finin fark\u0131nda bile de\u011fildir. Karanl\u0131\u011f\u0131n kanl\u0131 kalbine ula\u015ft\u0131\u011f\u0131nda kendi ellerinin de temiz kalamayaca\u011f\u0131n\u0131 hen\u00fcz bilmiyordur. \u00d6\u011frendi\u011finde ise o kalbi \u00e7oktan ellerinde tutuyor olacakt\u0131r.   Kal\u0131nt\u0131lar, karanl\u0131\u011f\u0131 tamamen ele ge\u00e7irmeye ba\u015flam\u0131\u015ft\u0131r.   \u201cYa ben kazanacakt\u0131m ya evren ama her ikisinin sonunda da kaybeden ben olacakt\u0131m.\u201d <\/p>\n","protected":false},"excerpt":{"rendered":"<p>Karanl\u0131\u011f\u0131n kanl\u0131 kalbi, bir elmas gibi parlamaktad\u0131r sonsuz d\u00f6ng\u00fcn\u00fcn i\u00e7inde. Haris&#8217;in lanetinden kurtulmas\u0131yla birlikte d\u00fcnyaya emsalsiz bir sis \u00e7\u00f6km\u00fc\u015ft\u00fcr. \u00d6zg\u00fcrl\u00fc\u011f\u00fcne kavu\u015fan Haris,daha da g\u00fc\u00e7lenmi\u015f ve k\u00f6t\u00fcl\u00fc\u011f\u00fcn\u00fc<span class=\"excerpt-hellip\"> [\u2026]<\/span><\/p>\n","protected":false},"featured_media":0,"template":"","meta":{"_monsterinsights_skip_tracking":false,"_monsterinsights_sitenote_active":false,"_monsterinsights_sitenote_note":"","_monsterinsights_sitenote_category":0},"product_brand":[],"product_cat":[12291,12711],"product_tag":[],"class_list":{"0":"post-736782","1":"product","2":"type-product","3":"status-publish","5":"product_cat-edebiyat","6":"product_cat-roman-oyku","7":"pa_cilt-ciltli","8":"pa_tur-kitap","9":"pa_yayinevi-ephesus-yayinlari","10":"pa_yazar-ceren-melek","12":"first","13":"instock","14":"sale","15":"shipping-taxable","16":"purchasable","17":"product-type-simple"},"_links":{"self":[{"href":"https:\/\/roveyayinevi.com.tr\/index.php\/wp-json\/wp\/v2\/product\/736782","targetHints":{"allow":["GET"]}}],"collection":[{"href":"https:\/\/roveyayinevi.com.tr\/index.php\/wp-json\/wp\/v2\/product"}],"about":[{"href":"https:\/\/roveyayinevi.com.tr\/index.php\/wp-json\/wp\/v2\/types\/product"}],"wp:attachment":[{"href":"https:\/\/roveyayinevi.com.tr\/index.php\/wp-json\/wp\/v2\/media?parent=736782"}],"wp:term":[{"taxonomy":"product_brand","embeddable":true,"href":"https:\/\/roveyayinevi.com.tr\/index.php\/wp-json\/wp\/v2\/product_brand?post=736782"},{"taxonomy":"product_cat","embeddable":true,"href":"https:\/\/roveyayinevi.com.tr\/index.php\/wp-json\/wp\/v2\/product_cat?post=736782"},{"taxonomy":"product_tag","embeddable":true,"href":"https:\/\/roveyayinevi.com.tr\/index.php\/wp-json\/wp\/v2\/product_tag?post=736782"}],"curies":[{"name":"wp","href":"https:\/\/api.w.org\/{rel}","templated":true}]}}