{"id":736781,"date":"2025-08-27T23:14:52","date_gmt":"2025-08-27T20:14:52","guid":{"rendered":"https:\/\/roveyayinevi.com.tr\/index.php\/urun\/citlerin-olmadigi\/"},"modified":"2026-04-16T02:45:49","modified_gmt":"2026-04-15T23:45:49","slug":"citlerin-olmadigi","status":"publish","type":"product","link":"https:\/\/roveyayinevi.com.tr\/index.php\/urun\/citlerin-olmadigi\/","title":{"rendered":"\u00c7itlerin Olmad\u0131\u011f\u0131"},"content":{"rendered":"<p>T\u00fcrkiye&#8217;de cezaevlerinin tarihi bask\u0131 ve zor kadar direni\u015flerin de tarihidir. 2000&#8217;de ger\u00e7ekle\u015fen 19 Aral\u0131k Katliam\u0131 ve \u00d6l\u00fcm Orucu Direni\u015fi bu iki d\u00fcnyan\u0131n k\u0131yas\u0131ya \u00e7arp\u0131\u015ft\u0131\u011f\u0131, sonu\u00e7lar\u0131 ve etkileri bug\u00fcne dek uzanan belirleyici bir tarihsel kesit; Lale \u00c7olak ise insanca bir ya\u015fam i\u00e7in bedenini \u00f6l\u00fcm olas\u0131l\u0131\u011f\u0131n\u0131n \u00fczerine kararl\u0131l\u0131kla s\u00fcren onlarca devrimciden biridir.Kavgas\u0131n\u0131n \u015fehri \u0130stanbul sokaklar\u0131n\u0131 zihinsel yolculuklarla tabana kuvvet ad\u0131mlayan, \u00e7i\u00e7eklerin kokusunu, g\u00f6kku\u015fa\u011f\u0131n\u0131n t\u00fcm renklerini sans\u00fcrlenmi\u015f sayfalara bezeyerek \u015fehirden \u015fehre ula\u015ft\u0131ran, bilime, edebiyata, m\u00fczi\u011fe ama ille de \u015fiire tutkun, ya\u015fama \u00f6lesiye ba\u011fl\u0131 bu gen\u00e7 kad\u0131n\u0131n mektuplar\u0131, ceberrut zihniyetin neyden korktu\u011funun da cevab\u0131n\u0131 veriyor. \u0130deallerinden ku\u015fku duymayan, kararl\u0131, inat\u00e7\u0131 ama bir o kadar da ne\u015feli, mavrac\u0131, \u00f6\u011frenmeye ve \u00f6\u011fretmeye olan sonsuz merak\u0131yla Lale \u00c7olak; fiziki ko\u015fullar\u0131n\u0131n \u00e7ok \u00f6tesinde, zamanlar\u0131, duvarlar\u0131, s\u0131n\u0131rlar\u0131 a\u015fan, \u00c7itlerin Olmad\u0131\u011f\u0131 bir d\u00fcnya d\u00fc\u015f\u00fcn\u00fcn bitimsiz ufkunu yans\u0131tt\u0131\u011f\u0131 sat\u0131rlar\u0131yla en karanl\u0131k zihinlerde dahi g\u00fcne\u015f a\u00e7t\u0131r\u0131yor.\u00dcmraniye Cezaevi&#8217;nde ya\u015fad\u0131\u011f\u0131 operasyonun ard\u0131ndan \u00f6nce A\u00e7l\u0131k Grevi sonras\u0131nda ise \u00d6l\u00fcm Orucu Direni\u015fi&#8217;nin s\u0131ra neferlerinden Lale \u00c7olak&#8217;\u0131n neredeyse ya\u015fam\u0131n\u0131 yitirdi\u011fi g\u00fcne kadar kaleme ald\u0131klar\u0131, g\u00fcndelik ya\u015famlar\u0131n\u0131n detaylar\u0131yla, and\u0131\u011f\u0131 isimlerle, ya\u015fam\u0131n\u0131, bazen de belle\u011fini yitirenlerle ayn\u0131 zamanda direni\u015fin ayr\u0131nt\u0131l\u0131 bir kroni\u011fi niteli\u011fi ta\u015f\u0131yor. H\u00fccrelere sokularak sesleri bo\u011fulmaya \u00e7al\u0131\u015f\u0131lan &#8220;i\u00e7eridekiler&#8221;, fiziki \u00f6zg\u00fcrl\u00fck yan\u0131lsamas\u0131yla h\u00fccrele\u015fmi\u015f ya\u015famlar\u0131nda bo\u011fulan &#8220;d\u0131\u015far\u0131dakilere&#8221; y\u0131llar sonra bile soluk ald\u0131r\u0131yor.<\/p>\n","protected":false},"excerpt":{"rendered":"<p>T\u00fcrkiye&#8217;de cezaevlerinin tarihi bask\u0131 ve zor kadar direni\u015flerin de tarihidir. 2000&#8217;de ger\u00e7ekle\u015fen 19 Aral\u0131k Katliam\u0131 ve \u00d6l\u00fcm Orucu Direni\u015fi bu iki d\u00fcnyan\u0131n k\u0131yas\u0131ya \u00e7arp\u0131\u015ft\u0131\u011f\u0131, sonu\u00e7lar\u0131 ve<span class=\"excerpt-hellip\"> [\u2026]<\/span><\/p>\n","protected":false},"featured_media":0,"template":"","meta":{"_monsterinsights_skip_tracking":false,"_monsterinsights_sitenote_active":false,"_monsterinsights_sitenote_note":"","_monsterinsights_sitenote_category":0},"product_brand":[],"product_cat":[13701,12291],"product_tag":[],"class_list":{"0":"post-736781","1":"product","2":"type-product","3":"status-publish","5":"product_cat-ani-mektup-gunluk","6":"product_cat-edebiyat","7":"pa_cilt-ciltsiz","8":"pa_tur-kitap","9":"pa_yayinevi-sel-yayincilik","10":"pa_yazar-lale-colak","12":"first","13":"instock","14":"sale","15":"shipping-taxable","16":"purchasable","17":"product-type-simple"},"_links":{"self":[{"href":"https:\/\/roveyayinevi.com.tr\/index.php\/wp-json\/wp\/v2\/product\/736781","targetHints":{"allow":["GET"]}}],"collection":[{"href":"https:\/\/roveyayinevi.com.tr\/index.php\/wp-json\/wp\/v2\/product"}],"about":[{"href":"https:\/\/roveyayinevi.com.tr\/index.php\/wp-json\/wp\/v2\/types\/product"}],"wp:attachment":[{"href":"https:\/\/roveyayinevi.com.tr\/index.php\/wp-json\/wp\/v2\/media?parent=736781"}],"wp:term":[{"taxonomy":"product_brand","embeddable":true,"href":"https:\/\/roveyayinevi.com.tr\/index.php\/wp-json\/wp\/v2\/product_brand?post=736781"},{"taxonomy":"product_cat","embeddable":true,"href":"https:\/\/roveyayinevi.com.tr\/index.php\/wp-json\/wp\/v2\/product_cat?post=736781"},{"taxonomy":"product_tag","embeddable":true,"href":"https:\/\/roveyayinevi.com.tr\/index.php\/wp-json\/wp\/v2\/product_tag?post=736781"}],"curies":[{"name":"wp","href":"https:\/\/api.w.org\/{rel}","templated":true}]}}