{"id":736779,"date":"2025-08-27T23:14:50","date_gmt":"2025-08-27T20:14:50","guid":{"rendered":"https:\/\/roveyayinevi.com.tr\/index.php\/urun\/gecelerin-kitabi\/"},"modified":"2025-11-21T07:32:07","modified_gmt":"2025-11-21T04:32:07","slug":"gecelerin-kitabi","status":"publish","type":"product","link":"https:\/\/roveyayinevi.com.tr\/index.php\/urun\/gecelerin-kitabi\/","title":{"rendered":"Gecelerin Kitab\u0131"},"content":{"rendered":"<p>Orman\u0131n kuytular\u0131nda bo\u011fuk u\u011fultularla yol alan kana susam\u0131\u015f kurtlar, teskin eden ninniler, \u00f6lg\u00fcn ezgiler, kara talihe kar\u015f\u0131 her an tetikte beklemeyi \u00f6\u011f\u00fctleyen soluksuz f\u0131s\u0131lt\u0131lar, do\u011fum sanc\u0131s\u0131 \u00e7ekerken etrafa vanilya ve toprak kokular\u0131 yayan kad\u0131nlar, kesilen parmaklar, koruyucu g\u00f6lgeler ve atadan kalma bir mavnay\u0131 karanl\u0131k nehir sular\u0131ndan koparan, topra\u011fa k\u00f6k salmaya yazg\u0131l\u0131 bir aile&#8230;Sylvie Germain Gecelerin Kitab\u0131&#8217;nda b\u00fcy\u00fc ile ger\u00e7e\u011fin, puslu bir geceyle g\u00fcnl\u00fck g\u00fcne\u015flik bir tarlan\u0131n, tatl\u0131 hayallerle kopkoyu k\u00e2buslar\u0131n kesi\u015fti\u011fi yerde, kanla, ruhla ve sol g\u00f6zlerindeki alt\u0131n rengi \u0131\u015f\u0131lt\u0131yla birbirine ba\u011flanm\u0131\u015f P\u00e9niel ailesinin h\u00fcz\u00fcnl\u00fc ve efsunlu hik\u00e2yesini anlatmaya koyuluyor. Onulmaz denen yaralar iyile\u015fmeye, toprak ye\u015fermeye ve nehirler yat\u0131\u015fmaya niyetliyken sava\u015f, bo\u011fucu duman\u0131, dikenli telleri ve toplama kamplar\u0131yla yollara pusu kuruyor; inan\u00e7s\u0131zl\u0131k m\u00fczminle\u015fiyor, b\u00fcy\u00fc bozuluyor, bedenler cerahatle y\u00fckleniyor.Karanl\u0131k sularda a\u011f\u0131r a\u011f\u0131r yol alanlar\u0131, geceyi, y\u0131ld\u0131zlar\u0131, alacakaranl\u0131\u011f\u0131 hu\u015fu i\u00e7inde izleyenleri ve g\u00fcn\u00fcn ilk \u0131\u015f\u0131klar\u0131yla karaya ayak basmay\u0131 umut edenleri b\u00fcy\u00fcl\u00fc ger\u00e7ek\u00e7ili\u011fin kollar\u0131na usulca b\u0131rakan bir kurmaca&#8230;<\/p>\n","protected":false},"excerpt":{"rendered":"<p>Orman\u0131n kuytular\u0131nda bo\u011fuk u\u011fultularla yol alan kana susam\u0131\u015f kurtlar, teskin eden ninniler, \u00f6lg\u00fcn ezgiler, kara talihe kar\u015f\u0131 her an tetikte beklemeyi \u00f6\u011f\u00fctleyen soluksuz f\u0131s\u0131lt\u0131lar, do\u011fum sanc\u0131s\u0131<span class=\"excerpt-hellip\"> [\u2026]<\/span><\/p>\n","protected":false},"featured_media":0,"template":"","meta":{"_monsterinsights_skip_tracking":false,"_monsterinsights_sitenote_active":false,"_monsterinsights_sitenote_note":"","_monsterinsights_sitenote_category":0},"product_brand":[],"product_cat":[12291,12711],"product_tag":[],"class_list":{"0":"post-736779","1":"product","2":"type-product","3":"status-publish","5":"product_cat-edebiyat","6":"product_cat-roman-oyku","7":"pa_cilt-ciltsiz","8":"pa_tur-kitap","9":"pa_yayinevi-sel-yayincilik","10":"pa_yazar-sylvie-germain","12":"first","13":"instock","14":"sale","15":"shipping-taxable","16":"purchasable","17":"product-type-simple"},"_links":{"self":[{"href":"https:\/\/roveyayinevi.com.tr\/index.php\/wp-json\/wp\/v2\/product\/736779","targetHints":{"allow":["GET"]}}],"collection":[{"href":"https:\/\/roveyayinevi.com.tr\/index.php\/wp-json\/wp\/v2\/product"}],"about":[{"href":"https:\/\/roveyayinevi.com.tr\/index.php\/wp-json\/wp\/v2\/types\/product"}],"wp:attachment":[{"href":"https:\/\/roveyayinevi.com.tr\/index.php\/wp-json\/wp\/v2\/media?parent=736779"}],"wp:term":[{"taxonomy":"product_brand","embeddable":true,"href":"https:\/\/roveyayinevi.com.tr\/index.php\/wp-json\/wp\/v2\/product_brand?post=736779"},{"taxonomy":"product_cat","embeddable":true,"href":"https:\/\/roveyayinevi.com.tr\/index.php\/wp-json\/wp\/v2\/product_cat?post=736779"},{"taxonomy":"product_tag","embeddable":true,"href":"https:\/\/roveyayinevi.com.tr\/index.php\/wp-json\/wp\/v2\/product_tag?post=736779"}],"curies":[{"name":"wp","href":"https:\/\/api.w.org\/{rel}","templated":true}]}}