{"id":736778,"date":"2025-08-27T23:14:49","date_gmt":"2025-08-27T20:14:49","guid":{"rendered":"https:\/\/roveyayinevi.com.tr\/index.php\/urun\/kafdaginda-bir-gun\/"},"modified":"2026-04-16T02:45:49","modified_gmt":"2026-04-15T23:45:49","slug":"kafdaginda-bir-gun","status":"publish","type":"product","link":"https:\/\/roveyayinevi.com.tr\/index.php\/urun\/kafdaginda-bir-gun\/","title":{"rendered":"Kafda\u011f\u0131\u2019nda Bir G\u00fcn"},"content":{"rendered":"<p>At\u0131l\u2018\u0131n b\u00fcy\u00fckannesi doksan be\u015f ya\u015f\u0131na girmi\u015fti. Papatya Han\u0131m\u2018\u0131n evin kedisi \u00dc\u015f\u00fct\u00fck\u2018\u00fc severek, kanepede uyuklayarak, \u00e7i\u00e7eklere su vererek ge\u00e7en g\u00fcnleri, torunu At\u0131l\u2018\u0131n ona hediye etti\u011fi kitapla de\u011fi\u015fiverdi. Kitab\u0131 \u00fc\u00e7 g\u00fcn \u00fc\u00e7 gecede okuyup bitiren b\u00fcy\u00fckanne, bir yolculu\u011fa \u00e7\u0131kmaya karar verdi. Z\u00fcmr\u00fcd\u00fcanka ku\u015funun pe\u015finden ejderha f\u0131r\u0131n\u0131na kadar uzanan bir ser\u00fcven olacakt\u0131 bu! \u00dcstelik b\u00fcy\u00fckanne bu yolculukta tek ba\u015f\u0131na da de\u011fildi. Torunu At\u0131l \u00e7oktan kalimbas\u0131n\u0131 bavuluna atm\u0131\u015f, gezgin k\u0131zkarde\u015fi Akasya da biletleri alm\u0131\u015ft\u0131. \u00dc\u00e7 kafadar\u0131n bu beklenmedik ve gizemli gezisi, hepsinin hayata bak\u0131\u015f\u0131n\u0131 derinden etkileyecekti. Ne de olsa \u00f6nemli olan varm\u0131\u015fa yokmu\u015fa tak\u0131lmadan yola \u00e7\u0131kabilmekteydi&#8230; Sevilen yazar Koray Avc\u0131 \u00c7akman\u2018dan bir \u00e7ocukla iki ya\u015fl\u0131 kad\u0131n\u0131n hayata bak\u0131\u015f\u0131n\u0131 incelikli detaylarla anlatan, kimin \u00e7ocuk kimin ya\u015fl\u0131 oldu\u011funun bazen anla\u015f\u0131lmad\u0131\u011f\u0131 ve ya\u015fama sevincinden \u00f6d\u00fcn vermeyen epik bir roman.  <\/p>\n","protected":false},"excerpt":{"rendered":"<p>At\u0131l\u2018\u0131n b\u00fcy\u00fckannesi doksan be\u015f ya\u015f\u0131na girmi\u015fti. Papatya Han\u0131m\u2018\u0131n evin kedisi \u00dc\u015f\u00fct\u00fck\u2018\u00fc severek, kanepede uyuklayarak, \u00e7i\u00e7eklere su vererek ge\u00e7en g\u00fcnleri, torunu At\u0131l\u2018\u0131n ona hediye etti\u011fi kitapla de\u011fi\u015fiverdi.<span class=\"excerpt-hellip\"> [\u2026]<\/span><\/p>\n","protected":false},"featured_media":0,"template":"","meta":{"_monsterinsights_skip_tracking":false,"_monsterinsights_sitenote_active":false,"_monsterinsights_sitenote_note":"","_monsterinsights_sitenote_category":0},"product_brand":[],"product_cat":[12275,12274],"product_tag":[],"class_list":{"0":"post-736778","1":"product","2":"type-product","3":"status-publish","5":"product_cat-6-12-yas-kitaplari","6":"product_cat-cocuk-ve-genclik-kitaplari","7":"pa_cilt-ciltsiz","8":"pa_tur-kitap","9":"pa_yayinevi-kirmizi-kedi-yayinevi","10":"pa_yazar-koray-avci-cakman","12":"first","13":"instock","14":"sale","15":"shipping-taxable","16":"purchasable","17":"product-type-simple"},"_links":{"self":[{"href":"https:\/\/roveyayinevi.com.tr\/index.php\/wp-json\/wp\/v2\/product\/736778","targetHints":{"allow":["GET"]}}],"collection":[{"href":"https:\/\/roveyayinevi.com.tr\/index.php\/wp-json\/wp\/v2\/product"}],"about":[{"href":"https:\/\/roveyayinevi.com.tr\/index.php\/wp-json\/wp\/v2\/types\/product"}],"wp:attachment":[{"href":"https:\/\/roveyayinevi.com.tr\/index.php\/wp-json\/wp\/v2\/media?parent=736778"}],"wp:term":[{"taxonomy":"product_brand","embeddable":true,"href":"https:\/\/roveyayinevi.com.tr\/index.php\/wp-json\/wp\/v2\/product_brand?post=736778"},{"taxonomy":"product_cat","embeddable":true,"href":"https:\/\/roveyayinevi.com.tr\/index.php\/wp-json\/wp\/v2\/product_cat?post=736778"},{"taxonomy":"product_tag","embeddable":true,"href":"https:\/\/roveyayinevi.com.tr\/index.php\/wp-json\/wp\/v2\/product_tag?post=736778"}],"curies":[{"name":"wp","href":"https:\/\/api.w.org\/{rel}","templated":true}]}}