{"id":736771,"date":"2025-08-27T23:14:41","date_gmt":"2025-08-27T20:14:41","guid":{"rendered":"https:\/\/roveyayinevi.com.tr\/index.php\/urun\/murekkebe-boyanan-sardunya-2-ciltli\/"},"modified":"2026-04-16T02:45:49","modified_gmt":"2026-04-15T23:45:49","slug":"murekkebe-boyanan-sardunya-2-ciltli","status":"publish","type":"product","link":"https:\/\/roveyayinevi.com.tr\/index.php\/urun\/murekkebe-boyanan-sardunya-2-ciltli\/","title":{"rendered":"M\u00fcrekkebe Boyanan Sardunya 2 (Ciltli)"},"content":{"rendered":"<p>\u201c\u0130nsan\u0131n kalbi kimdeyse evi de oradad\u0131r.\u201d   Bahar geldi ve \u00e7i\u00e7ekler kalplerini sar\u0131p sarmalad\u0131.  \u00d6nce bak\u0131\u015flar, sonra tebess\u00fcmlerle ad\u0131mlar at\u0131ld\u0131. S\u0131cak bir k\u0131\u015f\u0131 geride b\u0131rakan g\u00fczel ruhlar \u015fimdi g\u00fcne\u015fin \u0131\u015f\u0131\u011f\u0131nda yanmaya haz\u0131rd\u0131.   Mislina ve Akif Selim\u2019in kalbi birbirinin dengiydi ve her kalp dengine ko\u015fard\u0131. Mislina \u015fairdi, Akif Selim ise \u015fiir. Fakat ikisi de okudu, ikisi de yazd\u0131 \u00e7\u00fcnk\u00fc birbiri i\u00e7in atan kalpler bir g\u00fcn muhakkak bir kitab\u0131n ayn\u0131 c\u00fcmlesinde nefes al\u0131rd\u0131.   Sevgileri her ge\u00e7en g\u00fcn derinle\u015firken kar\u015f\u0131lar\u0131na \u00e7\u0131kan g\u00fc\u00e7l\u00fcklere inat daha s\u0131k\u0131 sar\u0131l\u0131p bir s\u00f6z verdiler. Bu sevmeleri k\u0131skand\u0131racak g\u00fczellikte bir sevgiydi \u00e7\u00fcnk\u00fc kalp k\u0131rmaktan korkan iki insan nefreti hi\u00e7 bilmezdi.   Onlar g\u00f6ky\u00fcz\u00fcn\u00fcn en g\u00fczel yerinde parlayan iki inci tanesiydi.   \u201cHer insan\u0131n kalbi bir kafestir ve oraya bir ku\u015f girer. Kalp severse ku\u015f ya\u015famay\u0131 bilir, k\u00fcserse o kafesin i\u00e7i bo\u015f kal\u0131r ama kalbinin i\u00e7indeki \u00f6ld\u00fc diye sevmekten vazge\u00e7ilmez.\u201d <\/p>\n","protected":false},"excerpt":{"rendered":"<p>\u201c\u0130nsan\u0131n kalbi kimdeyse evi de oradad\u0131r.\u201d Bahar geldi ve \u00e7i\u00e7ekler kalplerini sar\u0131p sarmalad\u0131. \u00d6nce bak\u0131\u015flar, sonra tebess\u00fcmlerle ad\u0131mlar at\u0131ld\u0131. S\u0131cak bir k\u0131\u015f\u0131 geride b\u0131rakan g\u00fczel ruhlar<span class=\"excerpt-hellip\"> [\u2026]<\/span><\/p>\n","protected":false},"featured_media":0,"template":"","meta":{"_monsterinsights_skip_tracking":false,"_monsterinsights_sitenote_active":false,"_monsterinsights_sitenote_note":"","_monsterinsights_sitenote_category":0},"product_brand":[],"product_cat":[12291,12711],"product_tag":[],"class_list":{"0":"post-736771","1":"product","2":"type-product","3":"status-publish","5":"product_cat-edebiyat","6":"product_cat-roman-oyku","7":"pa_cilt-ciltli","8":"pa_tur-kitap","9":"pa_yayinevi-ephesus-yayinlari","10":"pa_yazar-sumeyye-demirkan","12":"first","13":"instock","14":"sale","15":"shipping-taxable","16":"purchasable","17":"product-type-simple"},"_links":{"self":[{"href":"https:\/\/roveyayinevi.com.tr\/index.php\/wp-json\/wp\/v2\/product\/736771","targetHints":{"allow":["GET"]}}],"collection":[{"href":"https:\/\/roveyayinevi.com.tr\/index.php\/wp-json\/wp\/v2\/product"}],"about":[{"href":"https:\/\/roveyayinevi.com.tr\/index.php\/wp-json\/wp\/v2\/types\/product"}],"wp:attachment":[{"href":"https:\/\/roveyayinevi.com.tr\/index.php\/wp-json\/wp\/v2\/media?parent=736771"}],"wp:term":[{"taxonomy":"product_brand","embeddable":true,"href":"https:\/\/roveyayinevi.com.tr\/index.php\/wp-json\/wp\/v2\/product_brand?post=736771"},{"taxonomy":"product_cat","embeddable":true,"href":"https:\/\/roveyayinevi.com.tr\/index.php\/wp-json\/wp\/v2\/product_cat?post=736771"},{"taxonomy":"product_tag","embeddable":true,"href":"https:\/\/roveyayinevi.com.tr\/index.php\/wp-json\/wp\/v2\/product_tag?post=736771"}],"curies":[{"name":"wp","href":"https:\/\/api.w.org\/{rel}","templated":true}]}}