{"id":736769,"date":"2025-08-27T23:14:39","date_gmt":"2025-08-27T20:14:39","guid":{"rendered":"https:\/\/roveyayinevi.com.tr\/index.php\/urun\/mir-urartunun-dirilis-oykusu\/"},"modified":"2026-04-16T02:45:49","modified_gmt":"2026-04-15T23:45:49","slug":"mir-urartunun-dirilis-oykusu","status":"publish","type":"product","link":"https:\/\/roveyayinevi.com.tr\/index.php\/urun\/mir-urartunun-dirilis-oykusu\/","title":{"rendered":"Mir &#8211; Urartu&#8217;nun Dirili\u015f \u00d6yk\u00fcs\u00fc"},"content":{"rendered":"<p>Sava\u015flar hep b\u00f6yledir. Taland\u0131r, ya\u011fmad\u0131r, y\u0131k\u0131md\u0131r, \u00f6l\u00fcmd\u00fcr, ac\u0131 ve g\u00f6zya\u015f\u0131d\u0131r. Sava\u015flar biter ama sonras\u0131nda yaralar\u0131 ve uzun s\u00fcren matemi kederli bir ya\u015famla devam eder. \u00c7\u00fcnk\u00fc sava\u015flarda sadece e\u015fler, babalar, evlatlar \u00f6lmez. Muhakkak ve muhakkak birileri de onlar\u0131n yoklu\u011fuyla \u00f6l\u00fc gibi ya\u015farlar. Sava\u015f sonras\u0131nda taraflar zafer kazand\u0131k s\u00f6ylemleriyle ac\u0131lar\u0131 bast\u0131rmaya \u00e7al\u0131\u015fsalar da asl\u0131nda sava\u015flar\u0131n sonu\u00e7lar\u0131 zaferle de\u011fil, hep \u00f6l\u00fcmlerle biter. Zafer kazand\u0131m diyen taraf\u0131n bile kay\u0131plar\u0131 olmu\u015ftur. Hele hele s\u00f6z konusu kay\u0131plar insan ise zafer h\u00fczne d\u00f6n\u00fc\u015f\u00fcr. <\/p>\n","protected":false},"excerpt":{"rendered":"<p>Sava\u015flar hep b\u00f6yledir. Taland\u0131r, ya\u011fmad\u0131r, y\u0131k\u0131md\u0131r, \u00f6l\u00fcmd\u00fcr, ac\u0131 ve g\u00f6zya\u015f\u0131d\u0131r. Sava\u015flar biter ama sonras\u0131nda yaralar\u0131 ve uzun s\u00fcren matemi kederli bir ya\u015famla devam eder. \u00c7\u00fcnk\u00fc sava\u015flarda<span class=\"excerpt-hellip\"> [\u2026]<\/span><\/p>\n","protected":false},"featured_media":0,"template":"","meta":{"_monsterinsights_skip_tracking":false,"_monsterinsights_sitenote_active":false,"_monsterinsights_sitenote_note":"","_monsterinsights_sitenote_category":0},"product_brand":[],"product_cat":[12291,12711],"product_tag":[],"class_list":{"0":"post-736769","1":"product","2":"type-product","3":"status-publish","5":"product_cat-edebiyat","6":"product_cat-roman-oyku","7":"pa_cilt-ciltsiz","8":"pa_tur-kitap","9":"pa_yayinevi-sinirsiz-kitap","10":"pa_yazar-mirac-tugal","12":"first","13":"instock","14":"sale","15":"shipping-taxable","16":"purchasable","17":"product-type-simple"},"_links":{"self":[{"href":"https:\/\/roveyayinevi.com.tr\/index.php\/wp-json\/wp\/v2\/product\/736769","targetHints":{"allow":["GET"]}}],"collection":[{"href":"https:\/\/roveyayinevi.com.tr\/index.php\/wp-json\/wp\/v2\/product"}],"about":[{"href":"https:\/\/roveyayinevi.com.tr\/index.php\/wp-json\/wp\/v2\/types\/product"}],"wp:attachment":[{"href":"https:\/\/roveyayinevi.com.tr\/index.php\/wp-json\/wp\/v2\/media?parent=736769"}],"wp:term":[{"taxonomy":"product_brand","embeddable":true,"href":"https:\/\/roveyayinevi.com.tr\/index.php\/wp-json\/wp\/v2\/product_brand?post=736769"},{"taxonomy":"product_cat","embeddable":true,"href":"https:\/\/roveyayinevi.com.tr\/index.php\/wp-json\/wp\/v2\/product_cat?post=736769"},{"taxonomy":"product_tag","embeddable":true,"href":"https:\/\/roveyayinevi.com.tr\/index.php\/wp-json\/wp\/v2\/product_tag?post=736769"}],"curies":[{"name":"wp","href":"https:\/\/api.w.org\/{rel}","templated":true}]}}