{"id":736768,"date":"2025-08-27T23:14:37","date_gmt":"2025-08-27T20:14:37","guid":{"rendered":"https:\/\/roveyayinevi.com.tr\/index.php\/urun\/butun-siirleri-orhan-veli\/"},"modified":"2026-04-16T02:45:49","modified_gmt":"2026-04-15T23:45:49","slug":"butun-siirleri-orhan-veli","status":"publish","type":"product","link":"https:\/\/roveyayinevi.com.tr\/index.php\/urun\/butun-siirleri-orhan-veli\/","title":{"rendered":"B\u00fct\u00fcn \u015eiirleri &#8211; Orhan Veli"},"content":{"rendered":"<p>Biliyorum, kolay de\u011fil ya\u015famak; Ama i\u015fte Bir \u00f6l\u00fcn\u00fcn h\u00e2l\u00e2 yata\u011f\u0131 s\u0131cak, Birinin saati i\u015fliyor kolunda. Ya\u015famak kolay de\u011fil ya karde\u015fler, \u00d6lmek de de\u011fil;   Kolay de\u011fil bu d\u00fcnyadan ayr\u0131lmak <\/p>\n","protected":false},"excerpt":{"rendered":"<p>Biliyorum, kolay de\u011fil ya\u015famak; Ama i\u015fte Bir \u00f6l\u00fcn\u00fcn h\u00e2l\u00e2 yata\u011f\u0131 s\u0131cak, Birinin saati i\u015fliyor kolunda. Ya\u015famak kolay de\u011fil ya karde\u015fler, \u00d6lmek de de\u011fil; Kolay de\u011fil bu<span class=\"excerpt-hellip\"> [\u2026]<\/span><\/p>\n","protected":false},"featured_media":0,"template":"","meta":{"_monsterinsights_skip_tracking":false,"_monsterinsights_sitenote_active":false,"_monsterinsights_sitenote_note":"","_monsterinsights_sitenote_category":0},"product_brand":[],"product_cat":[12291,12509],"product_tag":[],"class_list":{"0":"post-736768","1":"product","2":"type-product","3":"status-publish","5":"product_cat-edebiyat","6":"product_cat-siir","7":"pa_cilt-ciltsiz","8":"pa_tur-kitap","9":"pa_yayinevi-sinirsiz-kitap","10":"pa_yazar-orhan-veli-kanik","12":"first","13":"instock","14":"sale","15":"shipping-taxable","16":"purchasable","17":"product-type-simple"},"_links":{"self":[{"href":"https:\/\/roveyayinevi.com.tr\/index.php\/wp-json\/wp\/v2\/product\/736768","targetHints":{"allow":["GET"]}}],"collection":[{"href":"https:\/\/roveyayinevi.com.tr\/index.php\/wp-json\/wp\/v2\/product"}],"about":[{"href":"https:\/\/roveyayinevi.com.tr\/index.php\/wp-json\/wp\/v2\/types\/product"}],"wp:attachment":[{"href":"https:\/\/roveyayinevi.com.tr\/index.php\/wp-json\/wp\/v2\/media?parent=736768"}],"wp:term":[{"taxonomy":"product_brand","embeddable":true,"href":"https:\/\/roveyayinevi.com.tr\/index.php\/wp-json\/wp\/v2\/product_brand?post=736768"},{"taxonomy":"product_cat","embeddable":true,"href":"https:\/\/roveyayinevi.com.tr\/index.php\/wp-json\/wp\/v2\/product_cat?post=736768"},{"taxonomy":"product_tag","embeddable":true,"href":"https:\/\/roveyayinevi.com.tr\/index.php\/wp-json\/wp\/v2\/product_tag?post=736768"}],"curies":[{"name":"wp","href":"https:\/\/api.w.org\/{rel}","templated":true}]}}