{"id":736766,"date":"2025-08-27T23:14:35","date_gmt":"2025-08-27T20:14:35","guid":{"rendered":"https:\/\/roveyayinevi.com.tr\/index.php\/urun\/coktan-olmus-gokmenler-cumhuriyeti\/"},"modified":"2026-04-16T02:45:49","modified_gmt":"2026-04-15T23:45:49","slug":"coktan-olmus-gokmenler-cumhuriyeti","status":"publish","type":"product","link":"https:\/\/roveyayinevi.com.tr\/index.php\/urun\/coktan-olmus-gokmenler-cumhuriyeti\/","title":{"rendered":"\u00c7oktan \u00d6lm\u00fc\u015f G\u00f6kmenler Cumhuriyeti"},"content":{"rendered":"<p>Kabu\u011funa geri d\u00f6nen ceviz; az yenmi\u015f ve \u00e7ok t\u00fck\u00fcr\u00fclm\u00fc\u015f bir halde evdeyiz ne garip; h\u00e2l\u00e2 birileri bizim annemiz s\u0131rt\u0131 d\u00f6n\u00fck pozlar\u0131m\u0131z ve biz; h\u00e2l\u00e2 bu k\u00f6r resimdeyiz bazen mahalleler ta\u015f\u0131n\u0131r insanlar yerine bir bakars\u0131n iz b\u0131rakm\u0131yor ad\u0131mlar\u0131n bazen aynas\u0131 gibi dola\u015f\u0131rs\u0131n as\u0131k y\u00fczl\u00fc sokaklar\u0131n bal\u0131klar\u0131yla bo\u011fu\u015fursun; kendini nehir zanneden \u00e7\u0131ld\u0131rm\u0131\u015f yollar\u0131n kabu\u011funa geri d\u00f6nen ceviz; kendimizde de\u011filiz, evde de de\u011filsek nerdeyiz? T\u00fcm iyilerin delirdi\u011fi fazla kurnaz bir yerdeyiz belki de kurtulmak i\u00e7in biz de delirmeliyiz yaln\u0131zl\u0131\u011f\u0131n heykeli gibi bo\u015f odalar kap\u0131lar\u0131 a\u00e7m\u0131yorum biliyorum h\u00e2l\u00e2 ordalar yan\u0131na uzand\u0131\u011f\u0131m o beton hayaletin k\u0131y\u0131s\u0131ndalar e\u011fer bir daha d\u00fc\u015fersem beni yine vururlar kabu\u011funa geri d\u00f6nen ceviz; k\u0131r kabu\u011funu yeniden ceviz! Burdan ancak b\u00f6yle gideriz kim bilir belki i\u00e7imize birer \u00e7ukur e\u015feriz kendi ellerimizle kendimizi g\u00f6meriz. k\u0131r kabu\u011funu yeniden ceviz! Burdan ancak b\u00f6yle gideriz. <\/p>\n","protected":false},"excerpt":{"rendered":"<p>Kabu\u011funa geri d\u00f6nen ceviz; az yenmi\u015f ve \u00e7ok t\u00fck\u00fcr\u00fclm\u00fc\u015f bir halde evdeyiz ne garip; h\u00e2l\u00e2 birileri bizim annemiz s\u0131rt\u0131 d\u00f6n\u00fck pozlar\u0131m\u0131z ve biz; h\u00e2l\u00e2 bu k\u00f6r<span class=\"excerpt-hellip\"> [\u2026]<\/span><\/p>\n","protected":false},"featured_media":0,"template":"","meta":{"_monsterinsights_skip_tracking":false,"_monsterinsights_sitenote_active":false,"_monsterinsights_sitenote_note":"","_monsterinsights_sitenote_category":0},"product_brand":[],"product_cat":[12291,12509],"product_tag":[],"class_list":{"0":"post-736766","1":"product","2":"type-product","3":"status-publish","5":"product_cat-edebiyat","6":"product_cat-siir","7":"pa_cilt-ciltsiz","8":"pa_tur-kitap","9":"pa_yayinevi-sinirsiz-kitap","10":"pa_yazar-gokmen-yener","12":"first","13":"instock","14":"sale","15":"shipping-taxable","16":"purchasable","17":"product-type-simple"},"_links":{"self":[{"href":"https:\/\/roveyayinevi.com.tr\/index.php\/wp-json\/wp\/v2\/product\/736766","targetHints":{"allow":["GET"]}}],"collection":[{"href":"https:\/\/roveyayinevi.com.tr\/index.php\/wp-json\/wp\/v2\/product"}],"about":[{"href":"https:\/\/roveyayinevi.com.tr\/index.php\/wp-json\/wp\/v2\/types\/product"}],"wp:attachment":[{"href":"https:\/\/roveyayinevi.com.tr\/index.php\/wp-json\/wp\/v2\/media?parent=736766"}],"wp:term":[{"taxonomy":"product_brand","embeddable":true,"href":"https:\/\/roveyayinevi.com.tr\/index.php\/wp-json\/wp\/v2\/product_brand?post=736766"},{"taxonomy":"product_cat","embeddable":true,"href":"https:\/\/roveyayinevi.com.tr\/index.php\/wp-json\/wp\/v2\/product_cat?post=736766"},{"taxonomy":"product_tag","embeddable":true,"href":"https:\/\/roveyayinevi.com.tr\/index.php\/wp-json\/wp\/v2\/product_tag?post=736766"}],"curies":[{"name":"wp","href":"https:\/\/api.w.org\/{rel}","templated":true}]}}