{"id":736759,"date":"2025-08-27T23:14:27","date_gmt":"2025-08-27T20:14:27","guid":{"rendered":"https:\/\/roveyayinevi.com.tr\/index.php\/urun\/yanilsama\/"},"modified":"2026-04-16T02:45:48","modified_gmt":"2026-04-15T23:45:48","slug":"yanilsama","status":"publish","type":"product","link":"https:\/\/roveyayinevi.com.tr\/index.php\/urun\/yanilsama\/","title":{"rendered":"Yan\u0131lsama"},"content":{"rendered":"<p>Hat\u0131r\u0131 say\u0131l\u0131r dertler yudumlad\u0131m Tenhal\u0131\u011f\u0131n doru\u011funda Elem \u00e7izgili y\u00fcz\u00fcm\u00fc izledim K\u0131r\u0131k aynalarda Her duvar dibini ranza bildim Oturdum y\u0131k\u0131k \u00f6mr\u00fcm\u00fcn iskanl\u0131\u011f\u0131nda Filmini sard\u0131m en ba\u015fa Hat\u0131ralar\u0131 nefes nefese soludum G\u00f6zlerim sa\u00e7lar\u0131n\u0131n rengine b\u00fcr\u00fcnd\u00fc Dire\u011fimde ancak \u00e7izebildim \u0130\u00e7li yan\u0131lsama   \u0130smini duysam bir yerlerde Olurum bir an cennette Ne de olsa a\u015f\u0131\u011fa yer vermezler Bu k\u00fcrede Bir ba\u015fl\u0131k yer ver demi\u015ftim omuzunda Gel dersen and olsun Vururum kendimi yollara B\u0131\u00e7ak \u00e7ekerim mesafelere <\/p>\n","protected":false},"excerpt":{"rendered":"<p>Hat\u0131r\u0131 say\u0131l\u0131r dertler yudumlad\u0131m Tenhal\u0131\u011f\u0131n doru\u011funda Elem \u00e7izgili y\u00fcz\u00fcm\u00fc izledim K\u0131r\u0131k aynalarda Her duvar dibini ranza bildim Oturdum y\u0131k\u0131k \u00f6mr\u00fcm\u00fcn iskanl\u0131\u011f\u0131nda Filmini sard\u0131m en ba\u015fa Hat\u0131ralar\u0131<span class=\"excerpt-hellip\"> [\u2026]<\/span><\/p>\n","protected":false},"featured_media":0,"template":"","meta":{"_monsterinsights_skip_tracking":false,"_monsterinsights_sitenote_active":false,"_monsterinsights_sitenote_note":"","_monsterinsights_sitenote_category":0},"product_brand":[],"product_cat":[12291,12509],"product_tag":[],"class_list":{"0":"post-736759","1":"product","2":"type-product","3":"status-publish","5":"product_cat-edebiyat","6":"product_cat-siir","7":"pa_cilt-ciltsiz","8":"pa_tur-kitap","9":"pa_yayinevi-sinirsiz-kitap","10":"pa_yazar-abdullah-ozmen","12":"first","13":"instock","14":"sale","15":"shipping-taxable","16":"purchasable","17":"product-type-simple"},"_links":{"self":[{"href":"https:\/\/roveyayinevi.com.tr\/index.php\/wp-json\/wp\/v2\/product\/736759","targetHints":{"allow":["GET"]}}],"collection":[{"href":"https:\/\/roveyayinevi.com.tr\/index.php\/wp-json\/wp\/v2\/product"}],"about":[{"href":"https:\/\/roveyayinevi.com.tr\/index.php\/wp-json\/wp\/v2\/types\/product"}],"wp:attachment":[{"href":"https:\/\/roveyayinevi.com.tr\/index.php\/wp-json\/wp\/v2\/media?parent=736759"}],"wp:term":[{"taxonomy":"product_brand","embeddable":true,"href":"https:\/\/roveyayinevi.com.tr\/index.php\/wp-json\/wp\/v2\/product_brand?post=736759"},{"taxonomy":"product_cat","embeddable":true,"href":"https:\/\/roveyayinevi.com.tr\/index.php\/wp-json\/wp\/v2\/product_cat?post=736759"},{"taxonomy":"product_tag","embeddable":true,"href":"https:\/\/roveyayinevi.com.tr\/index.php\/wp-json\/wp\/v2\/product_tag?post=736759"}],"curies":[{"name":"wp","href":"https:\/\/api.w.org\/{rel}","templated":true}]}}