{"id":736757,"date":"2025-08-27T23:14:25","date_gmt":"2025-08-27T20:14:25","guid":{"rendered":"https:\/\/roveyayinevi.com.tr\/index.php\/urun\/referandum-bagimsizligin-anahtari\/"},"modified":"2026-04-16T02:45:48","modified_gmt":"2026-04-15T23:45:48","slug":"referandum-bagimsizligin-anahtari","status":"publish","type":"product","link":"https:\/\/roveyayinevi.com.tr\/index.php\/urun\/referandum-bagimsizligin-anahtari\/","title":{"rendered":"Referandum Ba\u011f\u0131ms\u0131zl\u0131\u011f\u0131n Anahtar\u0131"},"content":{"rendered":"<p>\u201cAvrupa\u2019y\u0131 Avrupa yapan de\u011ferleri vard\u0131. Ama bug\u00fcn \u0130ngiltere, Fransa, Almanya gibi Avrupa devletleri K\u00fcrd\/K\u00fcrdistan sorunlar\u0131 kar\u015f\u0131s\u0131nda, kendi de\u011ferlerini \u00e7i\u011fnemektedir. \u2018K\u00fcrdistan Ba\u011f\u0131ms\u0131zl\u0131k Referandumu\u2019nda Avrupa K\u00fcrtlerin yan\u0131nda de\u011fil, Ortado\u011fu\u2019nun \u0131rk\u00e7\u0131, mezhep\u00e7i, otoriter, ayr\u0131mc\u0131 devletlerinin; \u00f6rne\u011fin Irak\u2019\u0131n yan\u0131nda yer ald\u0131. 25 Eyl\u00fcl 2017 g\u00fcn\u00fc K\u00fcrtlerin sand\u0131k ba\u015f\u0131na gidip y\u00fczde 93\u2019\u00fcn\u00fcn K\u00fcrdistan\u2019\u0131n ba\u011f\u0131ms\u0131zl\u0131\u011f\u0131na evet demesi \u00e7ok \u00f6nemlidir. K\u00fcrtler, ulusal iradeleri oldu\u011funu, iradeleri do\u011frultusunda karar alabileceklerini, bu kararlar\u0131n\u0131 ya\u015fama ge\u00e7irebileceklerini bu referandumda ortaya koymu\u015f oldular. Eyy\u00fcp Demir\u2019in konuyla ilgili kaleme ald\u0131\u011f\u0131 elinizdeki bu inceleme, bu do\u011frultuda g\u00fcn\u00fcm\u00fcz\u00fcn temel sorunlar\u0131na cevap verecek niteliktedir. Yazar\u0131n ge\u00e7mi\u015ften g\u00fcn\u00fcm\u00fcze d\u00f6n\u00fc\u015fler yaparak, ge\u00e7mi\u015fin sorunlar\u0131n\u0131, g\u00fcn\u00fcm\u00fcz\u00fcn temel sorunlar\u0131yla b\u00fct\u00fcnle\u015ftirip vermesi ayr\u0131ca dikkate de\u011fer bir anlat\u0131md\u0131r. Elinizdeki bu incelemenin okuyuculara yararl\u0131 olaca\u011f\u0131n\u0131 d\u00fc\u015f\u00fcn\u00fcyorum.\u201d \u0130smail BE\u015e\u0130K\u00c7\u0130 <\/p>\n","protected":false},"excerpt":{"rendered":"<p>\u201cAvrupa\u2019y\u0131 Avrupa yapan de\u011ferleri vard\u0131. Ama bug\u00fcn \u0130ngiltere, Fransa, Almanya gibi Avrupa devletleri K\u00fcrd\/K\u00fcrdistan sorunlar\u0131 kar\u015f\u0131s\u0131nda, kendi de\u011ferlerini \u00e7i\u011fnemektedir. \u2018K\u00fcrdistan Ba\u011f\u0131ms\u0131zl\u0131k Referandumu\u2019nda Avrupa K\u00fcrtlerin yan\u0131nda de\u011fil,<span class=\"excerpt-hellip\"> [\u2026]<\/span><\/p>\n","protected":false},"featured_media":0,"template":"","meta":{"_monsterinsights_skip_tracking":false,"_monsterinsights_sitenote_active":false,"_monsterinsights_sitenote_note":"","_monsterinsights_sitenote_category":0},"product_brand":[],"product_cat":[13590,12337],"product_tag":[],"class_list":{"0":"post-736757","1":"product","2":"type-product","3":"status-publish","5":"product_cat-arastirma-inceleme-politika-siyaset","6":"product_cat-politika-siyaset","7":"pa_cilt-ciltsiz","8":"pa_tur-kitap","9":"pa_yayinevi-sinirsiz-kitap","10":"pa_yazar-eyyup-demir","12":"first","13":"instock","14":"sale","15":"shipping-taxable","16":"purchasable","17":"product-type-simple"},"_links":{"self":[{"href":"https:\/\/roveyayinevi.com.tr\/index.php\/wp-json\/wp\/v2\/product\/736757","targetHints":{"allow":["GET"]}}],"collection":[{"href":"https:\/\/roveyayinevi.com.tr\/index.php\/wp-json\/wp\/v2\/product"}],"about":[{"href":"https:\/\/roveyayinevi.com.tr\/index.php\/wp-json\/wp\/v2\/types\/product"}],"wp:attachment":[{"href":"https:\/\/roveyayinevi.com.tr\/index.php\/wp-json\/wp\/v2\/media?parent=736757"}],"wp:term":[{"taxonomy":"product_brand","embeddable":true,"href":"https:\/\/roveyayinevi.com.tr\/index.php\/wp-json\/wp\/v2\/product_brand?post=736757"},{"taxonomy":"product_cat","embeddable":true,"href":"https:\/\/roveyayinevi.com.tr\/index.php\/wp-json\/wp\/v2\/product_cat?post=736757"},{"taxonomy":"product_tag","embeddable":true,"href":"https:\/\/roveyayinevi.com.tr\/index.php\/wp-json\/wp\/v2\/product_tag?post=736757"}],"curies":[{"name":"wp","href":"https:\/\/api.w.org\/{rel}","templated":true}]}}