{"id":736755,"date":"2025-08-27T23:14:23","date_gmt":"2025-08-27T20:14:23","guid":{"rendered":"https:\/\/roveyayinevi.com.tr\/index.php\/urun\/dil-bizden-alevilik-yazilari-2\/"},"modified":"2026-04-16T02:45:48","modified_gmt":"2026-04-15T23:45:48","slug":"dil-bizden-alevilik-yazilari-2","status":"publish","type":"product","link":"https:\/\/roveyayinevi.com.tr\/index.php\/urun\/dil-bizden-alevilik-yazilari-2\/","title":{"rendered":"Dil Bizden &#8211; Alevilik Yaz\u0131lar\u0131 2"},"content":{"rendered":"<p>Derler ki, hakikat yolun sonu de\u011fil, yolun kendisidir. Hakikat aray\u0131\u015f\u0131 bilgi, bilme, bilince varmayla da ilgilidir. Ancak, yaln\u0131z bilginin ortaya \u00e7\u0131kard\u0131\u011f\u0131 \u201cger\u00e7ek\u201d de\u011fildir. Hakikat g\u00f6n\u00fcl g\u00f6z\u00fcn\u00fc ayd\u0131nlatan \u0131\u015f\u0131kt\u0131r. Bilgi ile alg\u0131n\u0131n \u00f6z\u2019deki b\u00fct\u00fcnselli\u011fidir. Biz de \u201cGer\u00e7e\u011fe H\u00fc\u201d ve \u201cDil Bizden\u201d kitap \u00e7al\u0131\u015fmalar\u0131m\u0131zda dile getirdi\u011fimiz konular ile hakikate bir nebze yakla\u015fabilirsek, hakikat ile bulu\u015fma yolunda bir ad\u0131m atabilirsek, yola bir hizmet olarak, sizlerin takdirinizi a\u015fk-\u0131 muhabbetle kabul edece\u011fiz. <\/p>\n","protected":false},"excerpt":{"rendered":"<p>Derler ki, hakikat yolun sonu de\u011fil, yolun kendisidir. Hakikat aray\u0131\u015f\u0131 bilgi, bilme, bilince varmayla da ilgilidir. Ancak, yaln\u0131z bilginin ortaya \u00e7\u0131kard\u0131\u011f\u0131 \u201cger\u00e7ek\u201d de\u011fildir. Hakikat g\u00f6n\u00fcl g\u00f6z\u00fcn\u00fc<span class=\"excerpt-hellip\"> [\u2026]<\/span><\/p>\n","protected":false},"featured_media":0,"template":"","meta":{"_monsterinsights_skip_tracking":false,"_monsterinsights_sitenote_active":false,"_monsterinsights_sitenote_note":"","_monsterinsights_sitenote_category":0},"product_brand":[],"product_cat":[13575,12718,12719],"product_tag":[],"class_list":{"0":"post-736755","1":"product","2":"type-product","3":"status-publish","5":"product_cat-alevilik-bektasilik","6":"product_cat-din","7":"product_cat-islam","8":"pa_cilt-ciltsiz","9":"pa_tur-kitap","10":"pa_yayinevi-sinirsiz-kitap","11":"pa_yazar-ali-koyluce","13":"first","14":"instock","15":"sale","16":"shipping-taxable","17":"purchasable","18":"product-type-simple"},"_links":{"self":[{"href":"https:\/\/roveyayinevi.com.tr\/index.php\/wp-json\/wp\/v2\/product\/736755","targetHints":{"allow":["GET"]}}],"collection":[{"href":"https:\/\/roveyayinevi.com.tr\/index.php\/wp-json\/wp\/v2\/product"}],"about":[{"href":"https:\/\/roveyayinevi.com.tr\/index.php\/wp-json\/wp\/v2\/types\/product"}],"wp:attachment":[{"href":"https:\/\/roveyayinevi.com.tr\/index.php\/wp-json\/wp\/v2\/media?parent=736755"}],"wp:term":[{"taxonomy":"product_brand","embeddable":true,"href":"https:\/\/roveyayinevi.com.tr\/index.php\/wp-json\/wp\/v2\/product_brand?post=736755"},{"taxonomy":"product_cat","embeddable":true,"href":"https:\/\/roveyayinevi.com.tr\/index.php\/wp-json\/wp\/v2\/product_cat?post=736755"},{"taxonomy":"product_tag","embeddable":true,"href":"https:\/\/roveyayinevi.com.tr\/index.php\/wp-json\/wp\/v2\/product_tag?post=736755"}],"curies":[{"name":"wp","href":"https:\/\/api.w.org\/{rel}","templated":true}]}}