{"id":736754,"date":"2025-08-27T23:14:22","date_gmt":"2025-08-27T20:14:22","guid":{"rendered":"https:\/\/roveyayinevi.com.tr\/index.php\/urun\/almanya-alevi-orgutlenmesini-yaratan-degerlerimiz\/"},"modified":"2026-04-16T02:45:48","modified_gmt":"2026-04-15T23:45:48","slug":"almanya-alevi-orgutlenmesini-yaratan-degerlerimiz","status":"publish","type":"product","link":"https:\/\/roveyayinevi.com.tr\/index.php\/urun\/almanya-alevi-orgutlenmesini-yaratan-degerlerimiz\/","title":{"rendered":"Almanya Alevi \u00d6rg\u00fctlenmesini Yaratan De\u011ferlerimiz"},"content":{"rendered":"<p>\u2018De\u011ferlerimiz\u2019 program\u0131yla evlerine mihman oldu\u011fumuz ve anlat\u0131lanlar\u0131 Yol TV ekranlar\u0131ndan sizlerle bulu\u015fturdu\u011fumuz bu y\u00fcrekli kurucular\u0131m\u0131z\u0131n, emektarlar\u0131m\u0131z\u0131n anlatt\u0131klar\u0131n\u0131, bug\u00fcnlere hangi m\u00fccadele ve azimle geldiklerini, d\u00fcnyan\u0131n en b\u00fcy\u00fck Alevi \u00f6rg\u00fctlenmesini nas\u0131l yaratt\u0131klar\u0131n\u0131 &#8216;De\u011ferlerimiz&#8217; ad\u0131yla kitap haline getirip sizlere sunman\u0131n mutlulu\u011fu i\u00e7erisindeyim. Bu kitapta, emektar\u0131m\u0131z\u0131 sizlere tan\u0131tmay\u0131 hedeflerken, onlar\u0131n anlat\u0131m\u0131yla ya\u015fad\u0131klar\u0131 s\u0131k\u0131nt\u0131lar\u0131, emeklerini okuduk\u00e7a asl\u0131nda \u00e7o\u011fumuz \u00f6rg\u00fctlenmenin \u00f6nemini tam olarak bilmedi\u011fimizin fark\u0131na varaca\u011f\u0131z. Onlar\u0131n anlatt\u0131klar\u0131n\u0131 okuduk\u00e7a \u00e7o\u011fumuz ge\u00e7mi\u015fe ilk y\u0131llar\u0131m\u0131za uzanaca\u011f\u0131z, efkarlanaca\u011f\u0131z, dostlu\u011fun, yolda\u015fl\u0131\u011f\u0131n hasretli\u011fini \u00e7ekece\u011fiz. Ama gelecek nesillerin, \u00f6rg\u00fctlenmemizin hangi fedak\u00e2rl\u0131klar\u0131 yaparak, hangi zorluk ve bask\u0131lar\u0131 y\u0131karak Avrupa&#8217;da Alevili\u011fi g\u00fcn \u0131\u015f\u0131\u011f\u0131na \u00e7\u0131kard\u0131\u011f\u0131n\u0131, burada yak\u0131lan \u0131\u015f\u0131\u011f\u0131n T\u00fcrkiye Alevi \u00f6rg\u00fctlenmesine nas\u0131l me\u015fale oldu\u011funu gururla okuyacaklar. <\/p>\n","protected":false},"excerpt":{"rendered":"<p>\u2018De\u011ferlerimiz\u2019 program\u0131yla evlerine mihman oldu\u011fumuz ve anlat\u0131lanlar\u0131 Yol TV ekranlar\u0131ndan sizlerle bulu\u015fturdu\u011fumuz bu y\u00fcrekli kurucular\u0131m\u0131z\u0131n, emektarlar\u0131m\u0131z\u0131n anlatt\u0131klar\u0131n\u0131, bug\u00fcnlere hangi m\u00fccadele ve azimle geldiklerini, d\u00fcnyan\u0131n en b\u00fcy\u00fck<span class=\"excerpt-hellip\"> [\u2026]<\/span><\/p>\n","protected":false},"featured_media":0,"template":"","meta":{"_monsterinsights_skip_tracking":false,"_monsterinsights_sitenote_active":false,"_monsterinsights_sitenote_note":"","_monsterinsights_sitenote_category":0},"product_brand":[],"product_cat":[12370,12304],"product_tag":[],"class_list":{"0":"post-736754","1":"product","2":"type-product","3":"status-publish","5":"product_cat-arastirma-inceleme","6":"product_cat-tarih","7":"pa_cilt-ciltsiz","8":"pa_tur-kitap","9":"pa_yayinevi-sinirsiz-kitap","10":"pa_yazar-metin-kacmaz","12":"first","13":"instock","14":"sale","15":"shipping-taxable","16":"purchasable","17":"product-type-simple"},"_links":{"self":[{"href":"https:\/\/roveyayinevi.com.tr\/index.php\/wp-json\/wp\/v2\/product\/736754","targetHints":{"allow":["GET"]}}],"collection":[{"href":"https:\/\/roveyayinevi.com.tr\/index.php\/wp-json\/wp\/v2\/product"}],"about":[{"href":"https:\/\/roveyayinevi.com.tr\/index.php\/wp-json\/wp\/v2\/types\/product"}],"wp:attachment":[{"href":"https:\/\/roveyayinevi.com.tr\/index.php\/wp-json\/wp\/v2\/media?parent=736754"}],"wp:term":[{"taxonomy":"product_brand","embeddable":true,"href":"https:\/\/roveyayinevi.com.tr\/index.php\/wp-json\/wp\/v2\/product_brand?post=736754"},{"taxonomy":"product_cat","embeddable":true,"href":"https:\/\/roveyayinevi.com.tr\/index.php\/wp-json\/wp\/v2\/product_cat?post=736754"},{"taxonomy":"product_tag","embeddable":true,"href":"https:\/\/roveyayinevi.com.tr\/index.php\/wp-json\/wp\/v2\/product_tag?post=736754"}],"curies":[{"name":"wp","href":"https:\/\/api.w.org\/{rel}","templated":true}]}}