{"id":736753,"date":"2025-08-27T23:14:21","date_gmt":"2025-08-27T20:14:21","guid":{"rendered":"https:\/\/roveyayinevi.com.tr\/index.php\/urun\/itaat-mi-itikat-mi\/"},"modified":"2026-04-16T02:45:48","modified_gmt":"2026-04-15T23:45:48","slug":"itaat-mi-itikat-mi","status":"publish","type":"product","link":"https:\/\/roveyayinevi.com.tr\/index.php\/urun\/itaat-mi-itikat-mi\/","title":{"rendered":"\u0130taat Mi \u0130tikat Mi?"},"content":{"rendered":"<p>Alevilik \u00f6\u011fretisi, \u00f6z\u00fcnde bir ibadet inanc\u0131 de\u011fil; ahlak ve ikrar inanc\u0131d\u0131r. Yani itikat inanc\u0131d\u0131r. Burada esas olan tamamen ilkeler ve de\u011ferlerdir. \u0130badeti ise toplumsal ahlak\u0131n mekansalla\u015fmas\u0131d\u0131r. Temel olan ilkeler ve \u2018edeb\u2019 denilen ahlaksal davran\u0131\u015flard\u0131r. Ki\u015fi odakl\u0131 de\u011fil, toplum odakl\u0131d\u0131r. \u201cEl ele, El Hakk\u2019a\u201d, \u201cPir pirden, er erden se\u00e7ilmez\u201d ilkesi ile ocaklar ve dergahlar \u00fczerinden yatay bir \u00f6rg\u00fctlenme modeli oldu\u011fundan, g\u00fc\u00e7 bir merkezde toplanmaz. \u0130slam vb. semavi, vahiyli dinler ise tam tersine dikey bir \u00f6rg\u00fctlenme modeline dayand\u0131klar\u0131ndan, yarat\u0131c\u0131n\u0131n emirlerini ta\u015f\u0131yan ve temsil eden, ba\u015fta peygamber ve onun ad\u0131na konu\u015fan Sultan, Emir, \u0130mam vb. \u015fah\u0131slar\u0131n kulland\u0131klar\u0131 yetki makamlar\u0131, onlara mutlak bir g\u00fc\u00e7 kazand\u0131r\u0131r. Burada itaat, itikatten \u00f6nce gelir. K\u00fcn-Ol fikrinin temel yasas\u0131 gere\u011fi, sorgulamak \u015firk olarak, inanmamaya delalet olarak g\u00f6sterilir. Bu durumda olanlara da \u2018kafir\u2019 yani inan\u00e7s\u0131z muamelesi yap\u0131larak her t\u00fcrl\u00fc zul\u00fcm reva g\u00f6r\u00fcl\u00fcr. Bu durum vahiye dayal\u0131 t\u00fcm semavi dinlerde oldu\u011fu gibi \u0130slam\u2019da da yay\u0131lma d\u00f6neminden itibaren ve Muaviye ile devletle\u015fen \u0130slam\u2019dan sonra, katmerle\u015ferek sert bir kurala d\u00f6n\u00fc\u015fm\u00fc\u015ft\u00fcr. Yani \u0130slam\u2019da \u201cYa biat ya cihat\u201d formunda itaat temeldir. <\/p>\n","protected":false},"excerpt":{"rendered":"<p>Alevilik \u00f6\u011fretisi, \u00f6z\u00fcnde bir ibadet inanc\u0131 de\u011fil; ahlak ve ikrar inanc\u0131d\u0131r. Yani itikat inanc\u0131d\u0131r. Burada esas olan tamamen ilkeler ve de\u011ferlerdir. \u0130badeti ise toplumsal ahlak\u0131n mekansalla\u015fmas\u0131d\u0131r.<span class=\"excerpt-hellip\"> [\u2026]<\/span><\/p>\n","protected":false},"featured_media":0,"template":"","meta":{"_monsterinsights_skip_tracking":false,"_monsterinsights_sitenote_active":false,"_monsterinsights_sitenote_note":"","_monsterinsights_sitenote_category":0},"product_brand":[],"product_cat":[13059,12337],"product_tag":[],"class_list":{"0":"post-736753","1":"product","2":"type-product","3":"status-publish","5":"product_cat-diger-politika-siyaset","6":"product_cat-politika-siyaset","7":"pa_cilt-ciltsiz","8":"pa_tur-kitap","9":"pa_yayinevi-sinirsiz-kitap","10":"pa_yazar-ali-koyluce","12":"first","13":"instock","14":"sale","15":"shipping-taxable","16":"purchasable","17":"product-type-simple"},"_links":{"self":[{"href":"https:\/\/roveyayinevi.com.tr\/index.php\/wp-json\/wp\/v2\/product\/736753","targetHints":{"allow":["GET"]}}],"collection":[{"href":"https:\/\/roveyayinevi.com.tr\/index.php\/wp-json\/wp\/v2\/product"}],"about":[{"href":"https:\/\/roveyayinevi.com.tr\/index.php\/wp-json\/wp\/v2\/types\/product"}],"wp:attachment":[{"href":"https:\/\/roveyayinevi.com.tr\/index.php\/wp-json\/wp\/v2\/media?parent=736753"}],"wp:term":[{"taxonomy":"product_brand","embeddable":true,"href":"https:\/\/roveyayinevi.com.tr\/index.php\/wp-json\/wp\/v2\/product_brand?post=736753"},{"taxonomy":"product_cat","embeddable":true,"href":"https:\/\/roveyayinevi.com.tr\/index.php\/wp-json\/wp\/v2\/product_cat?post=736753"},{"taxonomy":"product_tag","embeddable":true,"href":"https:\/\/roveyayinevi.com.tr\/index.php\/wp-json\/wp\/v2\/product_tag?post=736753"}],"curies":[{"name":"wp","href":"https:\/\/api.w.org\/{rel}","templated":true}]}}