{"id":736752,"date":"2025-08-27T23:14:20","date_gmt":"2025-08-27T20:14:20","guid":{"rendered":"https:\/\/roveyayinevi.com.tr\/index.php\/urun\/sagligin-karanlik-yuzu\/"},"modified":"2026-04-16T02:45:48","modified_gmt":"2026-04-15T23:45:48","slug":"sagligin-karanlik-yuzu","status":"publish","type":"product","link":"https:\/\/roveyayinevi.com.tr\/index.php\/urun\/sagligin-karanlik-yuzu\/","title":{"rendered":"Sa\u011fl\u0131\u011f\u0131n Karanl\u0131k Y\u00fcz\u00fc"},"content":{"rendered":"<p>Bu kitap, yazar\u0131n bizzat g\u00f6zlemledi\u011fi ve tan\u0131k oldu\u011fu T\u00fcrkiye\u2019de 1960 sonras\u0131 uygulanan sa\u011fl\u0131k sisteminin anla\u015f\u0131lmas\u0131 ve daha sonra tamamen D\u00fcnya Bankas\u0131 taraf\u0131ndan projelendirilen ve uygulanan \u201cSa\u011fl\u0131kta D\u00f6n\u00fc\u015f\u00fcm Projesinin\u201d anla\u015f\u0131lmas\u0131 i\u00e7in yaz\u0131lm\u0131\u015ft\u0131r. Hem sistemin hem de d\u00f6n\u00fc\u015f\u00fcm\u00fcn anlat\u0131ld\u0131\u011f\u0131 d\u00f6nem, yazar\u0131n do\u011frudan g\u00f6zlemlerine dayana vaka hikayeleri ile anlat\u0131lm\u0131\u015ft\u0131r. Bu, kitab\u0131n esas amac\u0131n\u0131n g\u00f6zden ka\u00e7\u0131r\u0131larak bir an\u0131 kitab\u0131 gibi alg\u0131lanmas\u0131na neden olmu\u015f ise de, bir an\u0131 kitab\u0131 de\u011fildir. Kitapta konu ile ilgisi olmayan an\u0131lara yer verilmemi\u015ftir. <\/p>\n","protected":false},"excerpt":{"rendered":"<p>Bu kitap, yazar\u0131n bizzat g\u00f6zlemledi\u011fi ve tan\u0131k oldu\u011fu T\u00fcrkiye\u2019de 1960 sonras\u0131 uygulanan sa\u011fl\u0131k sisteminin anla\u015f\u0131lmas\u0131 ve daha sonra tamamen D\u00fcnya Bankas\u0131 taraf\u0131ndan projelendirilen ve uygulanan \u201cSa\u011fl\u0131kta<span class=\"excerpt-hellip\"> [\u2026]<\/span><\/p>\n","protected":false},"featured_media":0,"template":"","meta":{"_monsterinsights_skip_tracking":false,"_monsterinsights_sitenote_active":false,"_monsterinsights_sitenote_note":"","_monsterinsights_sitenote_category":0},"product_brand":[],"product_cat":[12777,12291],"product_tag":[],"class_list":{"0":"post-736752","1":"product","2":"type-product","3":"status-publish","5":"product_cat-deneme","6":"product_cat-edebiyat","7":"pa_cilt-ciltsiz","8":"pa_tur-kitap","9":"pa_yayinevi-sinirsiz-kitap","10":"pa_yazar-ugur-yilmaz","12":"first","13":"instock","14":"sale","15":"shipping-taxable","16":"purchasable","17":"product-type-simple"},"_links":{"self":[{"href":"https:\/\/roveyayinevi.com.tr\/index.php\/wp-json\/wp\/v2\/product\/736752","targetHints":{"allow":["GET"]}}],"collection":[{"href":"https:\/\/roveyayinevi.com.tr\/index.php\/wp-json\/wp\/v2\/product"}],"about":[{"href":"https:\/\/roveyayinevi.com.tr\/index.php\/wp-json\/wp\/v2\/types\/product"}],"wp:attachment":[{"href":"https:\/\/roveyayinevi.com.tr\/index.php\/wp-json\/wp\/v2\/media?parent=736752"}],"wp:term":[{"taxonomy":"product_brand","embeddable":true,"href":"https:\/\/roveyayinevi.com.tr\/index.php\/wp-json\/wp\/v2\/product_brand?post=736752"},{"taxonomy":"product_cat","embeddable":true,"href":"https:\/\/roveyayinevi.com.tr\/index.php\/wp-json\/wp\/v2\/product_cat?post=736752"},{"taxonomy":"product_tag","embeddable":true,"href":"https:\/\/roveyayinevi.com.tr\/index.php\/wp-json\/wp\/v2\/product_tag?post=736752"}],"curies":[{"name":"wp","href":"https:\/\/api.w.org\/{rel}","templated":true}]}}