{"id":736748,"date":"2025-08-27T23:14:15","date_gmt":"2025-08-27T20:14:15","guid":{"rendered":"https:\/\/roveyayinevi.com.tr\/index.php\/urun\/karanlik-koce\/"},"modified":"2026-04-16T02:45:48","modified_gmt":"2026-04-15T23:45:48","slug":"karanlik-koce","status":"publish","type":"product","link":"https:\/\/roveyayinevi.com.tr\/index.php\/urun\/karanlik-koce\/","title":{"rendered":"Karanl\u0131k K\u00f6\u00e7e"},"content":{"rendered":"<p>Kad\u0131n olunca i\u00e7inde saklad\u0131klar\u0131nla, \u00e7aresizliklerinin aln\u0131na yaz\u0131lanlar\u0131na mahkum olursun. Geceler karanl\u0131klarla sava\u015ft\u0131\u011f\u0131 gibi bazen kendine mecbursun. Tarumar olan bedenler yalanc\u0131 kahkahalara tak\u0131l\u0131p kal\u0131r bazen. G\u00f6zler yalanc\u0131 kahkahalarda saklad\u0131\u011f\u0131 kederin, yanan y\u00fcreklerin, as\u0131rlara s\u0131\u011fmayacak kadar biriken sanc\u0131l\u0131 g\u00fcnlerin habercisidir. Kevgire d\u00f6nm\u00fc\u015f bedenlerle yaralar\u0131n\u0131 onuruyla saklayanlara b\u0131rakt\u0131\u011f\u0131n\u0131z y\u0131k\u0131m de\u011fildi asl\u0131nda, insan do\u011fas\u0131na sessiz bir isyand\u0131. Bar\u0131\u015flar\u0131m\u0131z bazen y\u00fcreklerimizde hapsediliyor, bazen de g\u0131rtlaklar\u0131m\u0131z penstokla kapat\u0131l\u0131yor egemen g\u00fc\u00e7lerce ya da kulaklar sa\u011f\u0131rla\u015f\u0131yor. Bazen kendimize, kendimiz sorduk gecelerimizi h\u0131\u00e7k\u0131r\u0131klar\u0131m\u0131zla inletirken. Do\u011faya g\u00f6zya\u015flar\u0131m\u0131z\u0131, ruhumuza inan\u00e7lar\u0131m\u0131z\u0131 i\u015fliyoruz y\u00fcre\u011fimizin s\u00fcslenmi\u015f ac\u0131lar \u00fclkesinde. Sigaran\u0131n yasak oldu\u011fu topraklarda do\u011facak g\u00fcne\u015fler ne kadar ayd\u0131nlat\u0131r ki karanl\u0131k k\u00f6\u00e7eleri\u2026 K\u0131sacas\u0131 g\u00fcl\u00fc\u015f\u00fc g\u00fczel insanlar\u0131 sevdik. \u00c7\u00fcnk\u00fc onur h\u0131rkas\u0131 her bedene uymaz. <\/p>\n","protected":false},"excerpt":{"rendered":"<p>Kad\u0131n olunca i\u00e7inde saklad\u0131klar\u0131nla, \u00e7aresizliklerinin aln\u0131na yaz\u0131lanlar\u0131na mahkum olursun. Geceler karanl\u0131klarla sava\u015ft\u0131\u011f\u0131 gibi bazen kendine mecbursun. Tarumar olan bedenler yalanc\u0131 kahkahalara tak\u0131l\u0131p kal\u0131r bazen. G\u00f6zler yalanc\u0131<span class=\"excerpt-hellip\"> [\u2026]<\/span><\/p>\n","protected":false},"featured_media":0,"template":"","meta":{"_monsterinsights_skip_tracking":false,"_monsterinsights_sitenote_active":false,"_monsterinsights_sitenote_note":"","_monsterinsights_sitenote_category":0},"product_brand":[],"product_cat":[12291,12711],"product_tag":[],"class_list":{"0":"post-736748","1":"product","2":"type-product","3":"status-publish","5":"product_cat-edebiyat","6":"product_cat-roman-oyku","7":"pa_cilt-ciltsiz","8":"pa_tur-kitap","9":"pa_yayinevi-sinirsiz-kitap","10":"pa_yazar-edip-aytek","12":"first","13":"instock","14":"sale","15":"shipping-taxable","16":"purchasable","17":"product-type-simple"},"_links":{"self":[{"href":"https:\/\/roveyayinevi.com.tr\/index.php\/wp-json\/wp\/v2\/product\/736748","targetHints":{"allow":["GET"]}}],"collection":[{"href":"https:\/\/roveyayinevi.com.tr\/index.php\/wp-json\/wp\/v2\/product"}],"about":[{"href":"https:\/\/roveyayinevi.com.tr\/index.php\/wp-json\/wp\/v2\/types\/product"}],"wp:attachment":[{"href":"https:\/\/roveyayinevi.com.tr\/index.php\/wp-json\/wp\/v2\/media?parent=736748"}],"wp:term":[{"taxonomy":"product_brand","embeddable":true,"href":"https:\/\/roveyayinevi.com.tr\/index.php\/wp-json\/wp\/v2\/product_brand?post=736748"},{"taxonomy":"product_cat","embeddable":true,"href":"https:\/\/roveyayinevi.com.tr\/index.php\/wp-json\/wp\/v2\/product_cat?post=736748"},{"taxonomy":"product_tag","embeddable":true,"href":"https:\/\/roveyayinevi.com.tr\/index.php\/wp-json\/wp\/v2\/product_tag?post=736748"}],"curies":[{"name":"wp","href":"https:\/\/api.w.org\/{rel}","templated":true}]}}