{"id":736747,"date":"2025-08-27T23:14:14","date_gmt":"2025-08-27T20:14:14","guid":{"rendered":"https:\/\/roveyayinevi.com.tr\/index.php\/urun\/hayat-bilgisi\/"},"modified":"2026-04-16T02:45:48","modified_gmt":"2026-04-15T23:45:48","slug":"hayat-bilgisi","status":"publish","type":"product","link":"https:\/\/roveyayinevi.com.tr\/index.php\/urun\/hayat-bilgisi\/","title":{"rendered":"Hayat Bilgisi"},"content":{"rendered":"<p>Yazmak, d\u00fc\u015f\u00fcncenin netle\u015fip belli bir kanalda akabilmesi i\u00e7in zorunlu bir yaz\u0131nsal terbiye eylemidir. Bu dosya, benim i\u00e7in gurbet veya s\u00fcrg\u00fcn yerinden ziyade, bir \u00f6zg\u00fcrle\u015fme imkan\u0131 olan Almanya\u2019da kendi d\u00fc\u015f\u00fcnsel eylemimin \u2018g\u00fcnl\u00fck\u2019 bi\u00e7imindeki d\u0131\u015favurumudur. Yaz\u0131lar\u0131m, sosyal medyada tutulan bir g\u00fcnceye dayanmaktad\u0131r. Dosyadaki konular olduk\u00e7a de\u011fi\u015fik ve \u00e7e\u015fitli, bak\u0131\u015f a\u00e7\u0131s\u0131 ise alabildi\u011fine ele\u015ftireldir. Pek \u00e7ok konuya de\u011finmeye ve olaylara farkl\u0131 bir bi\u00e7imde bakmaya \u00e7al\u0131\u015ft\u0131m. Dosyan\u0131n motivasyon kayna\u011f\u0131, T\u00fcrkiye sorunlar\u0131yla hemhal olan bir zihnin kendisini i\u00e7inde hissetti\u011fi sorumluluk duygusu, ayd\u0131n olman\u0131n gere\u011fi, bir m\u00fcdahil olma bi\u00e7imi, yap\u0131y\u0131 de\u011fi\u015ftirme iste\u011finin bir g\u00f6stergesidir. Umar\u0131m okurlar bu dosyada, \u00fclke sorunlar\u0131 ve bilim d\u00fcnyas\u0131ndaki meselelere dair yeni bir bak\u0131\u015f a\u00e7\u0131s\u0131 edinir. <\/p>\n","protected":false},"excerpt":{"rendered":"<p>Yazmak, d\u00fc\u015f\u00fcncenin netle\u015fip belli bir kanalda akabilmesi i\u00e7in zorunlu bir yaz\u0131nsal terbiye eylemidir. Bu dosya, benim i\u00e7in gurbet veya s\u00fcrg\u00fcn yerinden ziyade, bir \u00f6zg\u00fcrle\u015fme imkan\u0131 olan<span class=\"excerpt-hellip\"> [\u2026]<\/span><\/p>\n","protected":false},"featured_media":0,"template":"","meta":{"_monsterinsights_skip_tracking":false,"_monsterinsights_sitenote_active":false,"_monsterinsights_sitenote_note":"","_monsterinsights_sitenote_category":0},"product_brand":[],"product_cat":[12777,12291],"product_tag":[],"class_list":{"0":"post-736747","1":"product","2":"type-product","3":"status-publish","5":"product_cat-deneme","6":"product_cat-edebiyat","7":"pa_cilt-ciltsiz","8":"pa_tur-kitap","9":"pa_yayinevi-sinirsiz-kitap","10":"pa_yazar-kemal-inal","12":"first","13":"instock","14":"sale","15":"shipping-taxable","16":"purchasable","17":"product-type-simple"},"_links":{"self":[{"href":"https:\/\/roveyayinevi.com.tr\/index.php\/wp-json\/wp\/v2\/product\/736747","targetHints":{"allow":["GET"]}}],"collection":[{"href":"https:\/\/roveyayinevi.com.tr\/index.php\/wp-json\/wp\/v2\/product"}],"about":[{"href":"https:\/\/roveyayinevi.com.tr\/index.php\/wp-json\/wp\/v2\/types\/product"}],"wp:attachment":[{"href":"https:\/\/roveyayinevi.com.tr\/index.php\/wp-json\/wp\/v2\/media?parent=736747"}],"wp:term":[{"taxonomy":"product_brand","embeddable":true,"href":"https:\/\/roveyayinevi.com.tr\/index.php\/wp-json\/wp\/v2\/product_brand?post=736747"},{"taxonomy":"product_cat","embeddable":true,"href":"https:\/\/roveyayinevi.com.tr\/index.php\/wp-json\/wp\/v2\/product_cat?post=736747"},{"taxonomy":"product_tag","embeddable":true,"href":"https:\/\/roveyayinevi.com.tr\/index.php\/wp-json\/wp\/v2\/product_tag?post=736747"}],"curies":[{"name":"wp","href":"https:\/\/api.w.org\/{rel}","templated":true}]}}