{"id":736746,"date":"2025-08-27T23:14:14","date_gmt":"2025-08-27T20:14:14","guid":{"rendered":"https:\/\/roveyayinevi.com.tr\/index.php\/urun\/gor-a-zinde\/"},"modified":"2026-04-16T02:45:48","modified_gmt":"2026-04-15T23:45:48","slug":"gor-a-zinde","status":"publish","type":"product","link":"https:\/\/roveyayinevi.com.tr\/index.php\/urun\/gor-a-zinde\/","title":{"rendered":"Gor A Zinde"},"content":{"rendered":"<p>Gava ku li ber gor a Miko ra derbas b\u00fbn deng\u00ea hewarek\u00ee bih\u00eestin, ji d\u00fbr dihat, ji k\u00fbr dihat, Q\u00ear\u00eeneke b\u00eay xwed\u00ee hewareke winda b\u00fb, lawiseke ku xwed\u00ee ji xwe ra got\u00ee \u00fb teyrek\u00ee b\u00eay h\u00eal\u00een b\u00fb, Dareke b\u00eay reh \u00fb p\u00fb\u015fek\u00ee b\u00eay s\u00eeh b\u00fb, Kevokeke baskot kir\u00ee \u00fb \u00e7\u00ealikeke b\u00eay d\u00ea may\u00ee b\u00fb, Agirek\u00ee ku her der diqeland l\u00ea bi xwe dicemid\u00ee b\u00fb, Axeke bej\u00ee \u00fb aveke qeris\u00ee b\u00fb, mirineke b\u00eay rihst\u00een \u00fb kahniyeke mi\u00e7iq\u00ee b\u00fb, daristaneke b\u00eay pel \u00fb teyrek\u00ee per we\u015fiyay\u00ee b\u00fb, Hewareke b\u00eay xwed\u00ee b\u00fb. <\/p>\n","protected":false},"excerpt":{"rendered":"<p>Gava ku li ber gor a Miko ra derbas b\u00fbn deng\u00ea hewarek\u00ee bih\u00eestin, ji d\u00fbr dihat, ji k\u00fbr dihat, Q\u00ear\u00eeneke b\u00eay xwed\u00ee hewareke winda b\u00fb, lawiseke<span class=\"excerpt-hellip\"> [\u2026]<\/span><\/p>\n","protected":false},"featured_media":0,"template":"","meta":{"_monsterinsights_skip_tracking":false,"_monsterinsights_sitenote_active":false,"_monsterinsights_sitenote_note":"","_monsterinsights_sitenote_category":0},"product_brand":[],"product_cat":[12472],"product_tag":[],"class_list":{"0":"post-736746","1":"product","2":"type-product","3":"status-publish","5":"product_cat-yabanci-dilde-kitaplar","6":"pa_cilt-ciltsiz","7":"pa_tur-kitap","8":"pa_yayinevi-sinirsiz-kitap","9":"pa_yazar-ciwan-serhedyan","11":"first","12":"instock","13":"sale","14":"shipping-taxable","15":"purchasable","16":"product-type-simple"},"_links":{"self":[{"href":"https:\/\/roveyayinevi.com.tr\/index.php\/wp-json\/wp\/v2\/product\/736746","targetHints":{"allow":["GET"]}}],"collection":[{"href":"https:\/\/roveyayinevi.com.tr\/index.php\/wp-json\/wp\/v2\/product"}],"about":[{"href":"https:\/\/roveyayinevi.com.tr\/index.php\/wp-json\/wp\/v2\/types\/product"}],"wp:attachment":[{"href":"https:\/\/roveyayinevi.com.tr\/index.php\/wp-json\/wp\/v2\/media?parent=736746"}],"wp:term":[{"taxonomy":"product_brand","embeddable":true,"href":"https:\/\/roveyayinevi.com.tr\/index.php\/wp-json\/wp\/v2\/product_brand?post=736746"},{"taxonomy":"product_cat","embeddable":true,"href":"https:\/\/roveyayinevi.com.tr\/index.php\/wp-json\/wp\/v2\/product_cat?post=736746"},{"taxonomy":"product_tag","embeddable":true,"href":"https:\/\/roveyayinevi.com.tr\/index.php\/wp-json\/wp\/v2\/product_tag?post=736746"}],"curies":[{"name":"wp","href":"https:\/\/api.w.org\/{rel}","templated":true}]}}