{"id":736745,"date":"2025-08-27T23:14:12","date_gmt":"2025-08-27T20:14:12","guid":{"rendered":"https:\/\/roveyayinevi.com.tr\/index.php\/urun\/falci-kadinlarin-seruvenleri\/"},"modified":"2026-04-16T02:45:48","modified_gmt":"2026-04-15T23:45:48","slug":"falci-kadinlarin-seruvenleri","status":"publish","type":"product","link":"https:\/\/roveyayinevi.com.tr\/index.php\/urun\/falci-kadinlarin-seruvenleri\/","title":{"rendered":"Falc\u0131 Kad\u0131nlar\u0131n Ser\u00fcvenleri"},"content":{"rendered":"<p>Tarih boyunca insanl\u0131k hep gelece\u011fi \u00f6nceden \u00f6\u011frenme ve gerek kendi kaderine gerekse etraf\u0131nda bulunanlar\u0131n kaderine h\u00fckmedebilme aray\u0131\u015f\u0131nda olmu\u015ftur. \u015e\u00fcphesiz ki bunun alt\u0131nda insan do\u011fas\u0131n\u0131n \u00f6ng\u00f6r\u00fclebilir olana e\u011filimi, bilinmeyene olan tahamm\u00fcls\u00fczl\u00fc\u011f\u00fc yat\u0131yor. Ve elbette insan, \u00f6n\u00fcne \u00e7\u0131kan her sorunu a\u015ft\u0131\u011f\u0131 gibi bu soruna da bir \u00e7\u00f6z\u00fcm bulma aray\u0131\u015f\u0131na giriyor. \u0130\u015fte falc\u0131l\u0131k binlerce y\u0131ld\u0131r bu aray\u0131\u015f\u0131n sonucu olarak hayat\u0131m\u0131zda kendini var ediyor. Bug\u00fcn bu co\u011frafyada i\u015fleyen falc\u0131l\u0131k sistemi ise toplumun mecbur b\u0131rak\u0131ld\u0131\u011f\u0131 imkans\u0131zl\u0131klar\u0131n, yoksunluklar\u0131n bir aynas\u0131 olmu\u015f halde. \u0130\u015fte elinizde tuttu\u011funuz bu kitap o aynay\u0131 size \u00e7eviriyor. <\/p>\n","protected":false},"excerpt":{"rendered":"<p>Tarih boyunca insanl\u0131k hep gelece\u011fi \u00f6nceden \u00f6\u011frenme ve gerek kendi kaderine gerekse etraf\u0131nda bulunanlar\u0131n kaderine h\u00fckmedebilme aray\u0131\u015f\u0131nda olmu\u015ftur. \u015e\u00fcphesiz ki bunun alt\u0131nda insan do\u011fas\u0131n\u0131n \u00f6ng\u00f6r\u00fclebilir olana<span class=\"excerpt-hellip\"> [\u2026]<\/span><\/p>\n","protected":false},"featured_media":0,"template":"","meta":{"_monsterinsights_skip_tracking":false,"_monsterinsights_sitenote_active":false,"_monsterinsights_sitenote_note":"","_monsterinsights_sitenote_category":0},"product_brand":[],"product_cat":[12777,12291],"product_tag":[],"class_list":{"0":"post-736745","1":"product","2":"type-product","3":"status-publish","5":"product_cat-deneme","6":"product_cat-edebiyat","7":"pa_cilt-ciltsiz","8":"pa_tur-kitap","9":"pa_yayinevi-sinirsiz-kitap","10":"pa_yazar-selahattin-keser","12":"first","13":"instock","14":"sale","15":"shipping-taxable","16":"purchasable","17":"product-type-simple"},"_links":{"self":[{"href":"https:\/\/roveyayinevi.com.tr\/index.php\/wp-json\/wp\/v2\/product\/736745","targetHints":{"allow":["GET"]}}],"collection":[{"href":"https:\/\/roveyayinevi.com.tr\/index.php\/wp-json\/wp\/v2\/product"}],"about":[{"href":"https:\/\/roveyayinevi.com.tr\/index.php\/wp-json\/wp\/v2\/types\/product"}],"wp:attachment":[{"href":"https:\/\/roveyayinevi.com.tr\/index.php\/wp-json\/wp\/v2\/media?parent=736745"}],"wp:term":[{"taxonomy":"product_brand","embeddable":true,"href":"https:\/\/roveyayinevi.com.tr\/index.php\/wp-json\/wp\/v2\/product_brand?post=736745"},{"taxonomy":"product_cat","embeddable":true,"href":"https:\/\/roveyayinevi.com.tr\/index.php\/wp-json\/wp\/v2\/product_cat?post=736745"},{"taxonomy":"product_tag","embeddable":true,"href":"https:\/\/roveyayinevi.com.tr\/index.php\/wp-json\/wp\/v2\/product_tag?post=736745"}],"curies":[{"name":"wp","href":"https:\/\/api.w.org\/{rel}","templated":true}]}}