{"id":736743,"date":"2025-08-27T23:14:10","date_gmt":"2025-08-27T20:14:10","guid":{"rendered":"https:\/\/roveyayinevi.com.tr\/index.php\/urun\/gercege-hu-alevilik-yazilari-1\/"},"modified":"2026-04-16T02:45:47","modified_gmt":"2026-04-15T23:45:47","slug":"gercege-hu-alevilik-yazilari-1","status":"publish","type":"product","link":"https:\/\/roveyayinevi.com.tr\/index.php\/urun\/gercege-hu-alevilik-yazilari-1\/","title":{"rendered":"Ger\u00e7e\u011fe Hu &#8211; Alevilik Yaz\u0131lar\u0131 1"},"content":{"rendered":"<p>Bu \u00e7al\u0131\u015fma ile Alevi inan\u00e7 yolunda hakikat aray\u0131\u015f\u0131n\u0131 s\u00fcrd\u00fcren canlara bir g\u00f6n\u00fcl penceresi a\u00e7abilirsek; D\u00f6rt kap\u0131dan ge\u00e7enlerin katar\u0131na kat\u0131lacak yol erenlerine yak\u0131nla\u015ft\u0131rabilirsek; inan\u00e7tan akla atlaman\u0131n ilim ve bilimde m\u00fcr\u015fit arayanlara delil olabilirsek, Hakk\u2019a ve Hakikate yol alma hizmetinde bir damla olabilirsek, g\u00f6n\u00fcl rahatl\u0131\u011f\u0131 ile GER\u00c7E\u011eE H\u00db diyece\u011fiz. A\u015fk ile\u2026 <\/p>\n","protected":false},"excerpt":{"rendered":"<p>Bu \u00e7al\u0131\u015fma ile Alevi inan\u00e7 yolunda hakikat aray\u0131\u015f\u0131n\u0131 s\u00fcrd\u00fcren canlara bir g\u00f6n\u00fcl penceresi a\u00e7abilirsek; D\u00f6rt kap\u0131dan ge\u00e7enlerin katar\u0131na kat\u0131lacak yol erenlerine yak\u0131nla\u015ft\u0131rabilirsek; inan\u00e7tan akla atlaman\u0131n ilim<span class=\"excerpt-hellip\"> [\u2026]<\/span><\/p>\n","protected":false},"featured_media":0,"template":"","meta":{"_monsterinsights_skip_tracking":false,"_monsterinsights_sitenote_active":false,"_monsterinsights_sitenote_note":"","_monsterinsights_sitenote_category":0},"product_brand":[],"product_cat":[13575,12718,12719],"product_tag":[],"class_list":{"0":"post-736743","1":"product","2":"type-product","3":"status-publish","5":"product_cat-alevilik-bektasilik","6":"product_cat-din","7":"product_cat-islam","8":"pa_cilt-ciltsiz","9":"pa_tur-kitap","10":"pa_yayinevi-sinirsiz-kitap","11":"pa_yazar-ali-koyluce","13":"first","14":"instock","15":"sale","16":"shipping-taxable","17":"purchasable","18":"product-type-simple"},"_links":{"self":[{"href":"https:\/\/roveyayinevi.com.tr\/index.php\/wp-json\/wp\/v2\/product\/736743","targetHints":{"allow":["GET"]}}],"collection":[{"href":"https:\/\/roveyayinevi.com.tr\/index.php\/wp-json\/wp\/v2\/product"}],"about":[{"href":"https:\/\/roveyayinevi.com.tr\/index.php\/wp-json\/wp\/v2\/types\/product"}],"wp:attachment":[{"href":"https:\/\/roveyayinevi.com.tr\/index.php\/wp-json\/wp\/v2\/media?parent=736743"}],"wp:term":[{"taxonomy":"product_brand","embeddable":true,"href":"https:\/\/roveyayinevi.com.tr\/index.php\/wp-json\/wp\/v2\/product_brand?post=736743"},{"taxonomy":"product_cat","embeddable":true,"href":"https:\/\/roveyayinevi.com.tr\/index.php\/wp-json\/wp\/v2\/product_cat?post=736743"},{"taxonomy":"product_tag","embeddable":true,"href":"https:\/\/roveyayinevi.com.tr\/index.php\/wp-json\/wp\/v2\/product_tag?post=736743"}],"curies":[{"name":"wp","href":"https:\/\/api.w.org\/{rel}","templated":true}]}}