{"id":736742,"date":"2025-08-27T23:14:09","date_gmt":"2025-08-27T20:14:09","guid":{"rendered":"https:\/\/roveyayinevi.com.tr\/index.php\/urun\/dicleden-firata\/"},"modified":"2026-04-16T02:45:47","modified_gmt":"2026-04-15T23:45:47","slug":"dicleden-firata","status":"publish","type":"product","link":"https:\/\/roveyayinevi.com.tr\/index.php\/urun\/dicleden-firata\/","title":{"rendered":"Dicle&#8217;den F\u0131rat&#8217;a"},"content":{"rendered":"<p>Oysa, o ate\u015fi tutu\u015fturan \u00e7oktan beri terk etmi\u015ftir taht kurdu\u011fu yeri ve d\u00f6n\u00fcp bakmam\u0131\u015ft\u0131r ard\u0131na.   Bense k\u00fcle d\u00f6nm\u00fc\u015f g\u00f6n\u00fcl saray\u0131mda, tomurcuk versin diye, g\u00f6zya\u015flar\u0131mla sular\u0131m, senden geriye kalanlar\u0131m\u0131. <\/p>\n","protected":false},"excerpt":{"rendered":"<p>Oysa, o ate\u015fi tutu\u015fturan \u00e7oktan beri terk etmi\u015ftir taht kurdu\u011fu yeri ve d\u00f6n\u00fcp bakmam\u0131\u015ft\u0131r ard\u0131na. Bense k\u00fcle d\u00f6nm\u00fc\u015f g\u00f6n\u00fcl saray\u0131mda, tomurcuk versin diye, g\u00f6zya\u015flar\u0131mla sular\u0131m, senden<span class=\"excerpt-hellip\"> [\u2026]<\/span><\/p>\n","protected":false},"featured_media":0,"template":"","meta":{"_monsterinsights_skip_tracking":false,"_monsterinsights_sitenote_active":false,"_monsterinsights_sitenote_note":"","_monsterinsights_sitenote_category":0},"product_brand":[],"product_cat":[12291,12509],"product_tag":[],"class_list":{"0":"post-736742","1":"product","2":"type-product","3":"status-publish","5":"product_cat-edebiyat","6":"product_cat-siir","7":"pa_cilt-ciltsiz","8":"pa_tur-kitap","9":"pa_yayinevi-sinirsiz-kitap","10":"pa_yazar-h-selda-aksoy","12":"first","13":"instock","14":"sale","15":"shipping-taxable","16":"purchasable","17":"product-type-simple"},"_links":{"self":[{"href":"https:\/\/roveyayinevi.com.tr\/index.php\/wp-json\/wp\/v2\/product\/736742","targetHints":{"allow":["GET"]}}],"collection":[{"href":"https:\/\/roveyayinevi.com.tr\/index.php\/wp-json\/wp\/v2\/product"}],"about":[{"href":"https:\/\/roveyayinevi.com.tr\/index.php\/wp-json\/wp\/v2\/types\/product"}],"wp:attachment":[{"href":"https:\/\/roveyayinevi.com.tr\/index.php\/wp-json\/wp\/v2\/media?parent=736742"}],"wp:term":[{"taxonomy":"product_brand","embeddable":true,"href":"https:\/\/roveyayinevi.com.tr\/index.php\/wp-json\/wp\/v2\/product_brand?post=736742"},{"taxonomy":"product_cat","embeddable":true,"href":"https:\/\/roveyayinevi.com.tr\/index.php\/wp-json\/wp\/v2\/product_cat?post=736742"},{"taxonomy":"product_tag","embeddable":true,"href":"https:\/\/roveyayinevi.com.tr\/index.php\/wp-json\/wp\/v2\/product_tag?post=736742"}],"curies":[{"name":"wp","href":"https:\/\/api.w.org\/{rel}","templated":true}]}}