{"id":736741,"date":"2025-08-27T23:14:08","date_gmt":"2025-08-27T20:14:08","guid":{"rendered":"https:\/\/roveyayinevi.com.tr\/index.php\/urun\/gordesli-makbule-ve-demirci-akincilari\/"},"modified":"2026-04-16T02:45:47","modified_gmt":"2026-04-15T23:45:47","slug":"gordesli-makbule-ve-demirci-akincilari","status":"publish","type":"product","link":"https:\/\/roveyayinevi.com.tr\/index.php\/urun\/gordesli-makbule-ve-demirci-akincilari\/","title":{"rendered":"G\u00f6rdesli Makbule ve Demirci Ak\u0131nc\u0131lar\u0131"},"content":{"rendered":"<p>Yazar\u0131m\u0131z Serra Menekay\u2019\u0131n, 10\u2019uncu kitab\u0131 tarihi bir roman\u2026 \u201cG\u00f6rdesli Makbule ve Demirci Ak\u0131nc\u0131lar\u0131\u201d\u2026 Kitaba ad\u0131n\u0131 veren G\u00f6rdesli Makbule\u2019nin \u015fehadetinin bu sene 100\u2019\u00fcnc\u00fc y\u0131ld\u00f6n\u00fcm\u00fc olunca son tahlilde kitap farkl\u0131 bir anlam kazan\u0131yor. Roman i\u00e7erisinde, Makbule ile birlikte, kurtulu\u015f m\u00fccadelemizde \u00f6nemli bir yer edinmi\u015f Demirci Ak\u0131nc\u0131lar\u0131 gibi bir\u00e7ok kahraman\u0131 da tekrar kucaklamak ve anmak, yine bir\u00e7ok tarihi olay\u0131 tekrar ya\u015famak f\u0131rsat\u0131na da sahip oluyoruz. Sanat\u00e7\u0131 P\u0131nar Ayhan kitap ile g\u00f6r\u00fc\u015flerini arka kapakta \u015fu \u015fekilde ifade ediyor:  \u201cKurtulu\u015f tarihimizin kahramanlar\u0131 bu kitapta, y\u00fcz y\u0131l sonra onlar\u0131n fedak\u00e2rl\u0131klar\u0131n\u0131 en iyi anlayan yazarlardan biri taraf\u0131ndan an\u0131l\u0131yor. Serra Menekay, titiz ara\u015ft\u0131rmac\u0131l\u0131\u011f\u0131n\u0131 y\u00fcre\u011finin en derinlerindeki vatan sevgisiyle harmanlayarak anlat\u0131yor topraklar\u0131m\u0131zda ya\u015fananlar\u0131. K\u0131sac\u0131k \u00f6mr\u00fcndeki varl\u0131\u011f\u0131n\u0131 vatan\u0131n\u0131n ba\u011f\u0131ms\u0131zl\u0131\u011f\u0131na arma\u011fan eden efelerin k\u0131nal\u0131s\u0131 G\u00f6rdesli Makbule\u2019yi, y\u00fcrekli yavuklusu Halil Efe\u2019yi, yi\u011fit Parti Pehlivan A\u011fa\u2019y\u0131, s\u00f6z\u00fc \u00f6z\u00fc bir \u0130brahim Ethem\u2019i ve vicdan\u0131n a\u011f\u0131rl\u0131\u011f\u0131nda ezilerek yitip giden \u00c7erkes Ethem\u2019i ve nicelerini anlatan bu kitap sayesinde elinizde bir pusula tutuyormu\u015f gibi hissedeceksiniz. Bu pusula ihanette, haks\u0131zl\u0131kta kaybolan ruhlara d\u00fcr\u00fcstl\u00fc\u011f\u00fcn, mertli\u011fin, cesaretin ve vatan a\u015fk\u0131n\u0131n y\u00f6n\u00fcn\u00fc g\u00f6sterirken y\u00fcz y\u0131l \u00f6nce bize bu topraklar\u0131 arma\u011fan edenlere te\u015fekk\u00fcr etmemizi de sa\u011flayacak. Serra Menekay bu eseriyle hepimizin yerine \u015fanl\u0131 tarihimizin kahramanlar\u0131n\u0131 y\u00e2d ederek yine bir vefa borcunu \u00f6dememize f\u0131rsat tan\u0131yor\u2026\u201d \u0130yi okumalar diliyoruz\u2026     <\/p>\n","protected":false},"excerpt":{"rendered":"<p>Yazar\u0131m\u0131z Serra Menekay\u2019\u0131n, 10\u2019uncu kitab\u0131 tarihi bir roman\u2026 \u201cG\u00f6rdesli Makbule ve Demirci Ak\u0131nc\u0131lar\u0131\u201d\u2026 Kitaba ad\u0131n\u0131 veren G\u00f6rdesli Makbule\u2019nin \u015fehadetinin bu sene 100\u2019\u00fcnc\u00fc y\u0131ld\u00f6n\u00fcm\u00fc olunca son tahlilde<span class=\"excerpt-hellip\"> [\u2026]<\/span><\/p>\n","protected":false},"featured_media":0,"template":"","meta":{"_monsterinsights_skip_tracking":false,"_monsterinsights_sitenote_active":false,"_monsterinsights_sitenote_note":"","_monsterinsights_sitenote_category":0},"product_brand":[],"product_cat":[12291,12745],"product_tag":[],"class_list":{"0":"post-736741","1":"product","2":"type-product","3":"status-publish","5":"product_cat-edebiyat","6":"product_cat-tarihi-roman","7":"pa_cilt-ciltsiz","8":"pa_tur-kitap","9":"pa_yayinevi-galeati-yayincilik","10":"pa_yazar-serra-menekay","12":"first","13":"instock","14":"sale","15":"shipping-taxable","16":"purchasable","17":"product-type-simple"},"_links":{"self":[{"href":"https:\/\/roveyayinevi.com.tr\/index.php\/wp-json\/wp\/v2\/product\/736741","targetHints":{"allow":["GET"]}}],"collection":[{"href":"https:\/\/roveyayinevi.com.tr\/index.php\/wp-json\/wp\/v2\/product"}],"about":[{"href":"https:\/\/roveyayinevi.com.tr\/index.php\/wp-json\/wp\/v2\/types\/product"}],"wp:attachment":[{"href":"https:\/\/roveyayinevi.com.tr\/index.php\/wp-json\/wp\/v2\/media?parent=736741"}],"wp:term":[{"taxonomy":"product_brand","embeddable":true,"href":"https:\/\/roveyayinevi.com.tr\/index.php\/wp-json\/wp\/v2\/product_brand?post=736741"},{"taxonomy":"product_cat","embeddable":true,"href":"https:\/\/roveyayinevi.com.tr\/index.php\/wp-json\/wp\/v2\/product_cat?post=736741"},{"taxonomy":"product_tag","embeddable":true,"href":"https:\/\/roveyayinevi.com.tr\/index.php\/wp-json\/wp\/v2\/product_tag?post=736741"}],"curies":[{"name":"wp","href":"https:\/\/api.w.org\/{rel}","templated":true}]}}