{"id":736740,"date":"2025-08-27T23:14:07","date_gmt":"2025-08-27T20:14:07","guid":{"rendered":"https:\/\/roveyayinevi.com.tr\/index.php\/urun\/tarih-atlasi-ciltli\/"},"modified":"2026-04-16T02:45:47","modified_gmt":"2026-04-15T23:45:47","slug":"tarih-atlasi-ciltli","status":"publish","type":"product","link":"https:\/\/roveyayinevi.com.tr\/index.php\/urun\/tarih-atlasi-ciltli\/","title":{"rendered":"Tarih Atlas\u0131 (Ciltli)"},"content":{"rendered":"<p>D\u00fcnya turuna haz\u0131r m\u0131s\u0131n\u0131z?Kahramanlar\u0131yla, k\u00f6t\u00fc karakterleriyle ve muhte\u015fem haritalar\u0131yla birbirinden ola\u011fan\u00fcst\u00fc on be\u015f uygarl\u0131k.  Detayl\u0131, \u00f6\u011fretici ve birbirinden renkli \u00e7izimlerle bezeli bu Tarih Atlas\u0131 gizemli uygarl\u0131klar\u0131n kadim tarihine \u0131\u015f\u0131k tutuyor. Kendi \u00e7a\u011flar\u0131na damga vuran imparatorlar, korsanlar, k\u00e2\u015fifler, mucitler ve daha fazlas\u0131\u2026 T\u00fcm uygarl\u0131klar\u0131n d\u00fcnya tarihine yapt\u0131klar\u0131 katk\u0131lar\u0131 ke\u015ffederken maceran\u0131n tad\u0131na varacaks\u0131n\u0131z.<\/p>\n","protected":false},"excerpt":{"rendered":"<p>D\u00fcnya turuna haz\u0131r m\u0131s\u0131n\u0131z?Kahramanlar\u0131yla, k\u00f6t\u00fc karakterleriyle ve muhte\u015fem haritalar\u0131yla birbirinden ola\u011fan\u00fcst\u00fc on be\u015f uygarl\u0131k. Detayl\u0131, \u00f6\u011fretici ve birbirinden renkli \u00e7izimlerle bezeli bu Tarih Atlas\u0131 gizemli uygarl\u0131klar\u0131n<span class=\"excerpt-hellip\"> [\u2026]<\/span><\/p>\n","protected":false},"featured_media":0,"template":"","meta":{"_monsterinsights_skip_tracking":false,"_monsterinsights_sitenote_active":false,"_monsterinsights_sitenote_note":"","_monsterinsights_sitenote_category":0},"product_brand":[],"product_cat":[12274,15842],"product_tag":[],"class_list":{"0":"post-736740","1":"product","2":"type-product","3":"status-publish","5":"product_cat-cocuk-ve-genclik-kitaplari","6":"product_cat-egitici-kitaplar","7":"pa_cilt-ciltli","8":"pa_tur-kitap","9":"pa_yayinevi-epsilon-yayinlari","10":"pa_yazar-thiago-de-moraes","12":"first","13":"instock","14":"sale","15":"shipping-taxable","16":"purchasable","17":"product-type-simple"},"_links":{"self":[{"href":"https:\/\/roveyayinevi.com.tr\/index.php\/wp-json\/wp\/v2\/product\/736740","targetHints":{"allow":["GET"]}}],"collection":[{"href":"https:\/\/roveyayinevi.com.tr\/index.php\/wp-json\/wp\/v2\/product"}],"about":[{"href":"https:\/\/roveyayinevi.com.tr\/index.php\/wp-json\/wp\/v2\/types\/product"}],"wp:attachment":[{"href":"https:\/\/roveyayinevi.com.tr\/index.php\/wp-json\/wp\/v2\/media?parent=736740"}],"wp:term":[{"taxonomy":"product_brand","embeddable":true,"href":"https:\/\/roveyayinevi.com.tr\/index.php\/wp-json\/wp\/v2\/product_brand?post=736740"},{"taxonomy":"product_cat","embeddable":true,"href":"https:\/\/roveyayinevi.com.tr\/index.php\/wp-json\/wp\/v2\/product_cat?post=736740"},{"taxonomy":"product_tag","embeddable":true,"href":"https:\/\/roveyayinevi.com.tr\/index.php\/wp-json\/wp\/v2\/product_tag?post=736740"}],"curies":[{"name":"wp","href":"https:\/\/api.w.org\/{rel}","templated":true}]}}