{"id":736739,"date":"2025-08-27T23:14:06","date_gmt":"2025-08-27T20:14:06","guid":{"rendered":"https:\/\/roveyayinevi.com.tr\/index.php\/urun\/allah-icin-sevmek\/"},"modified":"2026-04-16T02:45:47","modified_gmt":"2026-04-15T23:45:47","slug":"allah-icin-sevmek","status":"publish","type":"product","link":"https:\/\/roveyayinevi.com.tr\/index.php\/urun\/allah-icin-sevmek\/","title":{"rendered":"Allah \u0130\u00e7in Sevmek"},"content":{"rendered":"<p>\u201cSevdi\u011fi insandan ilim, amel veya onun vas\u0131tas\u0131yla onun \u00f6tesinde bulunan bir hedefe varmay\u0131 elde etmek i\u00e7in de\u011fil sadece Allah i\u00e7in sevmektir. Sevginin bu derecesi, derecelerin en y\u00fcce, en ince ve en s\u0131rl\u0131 derecesidir. Bu t\u00fcr sevgi de m\u00fcmk\u00fcnd\u00fcr. \u00c7\u00fcnk\u00fc sevginin \u00e7ok olmas\u0131n\u0131n alameti \u015fudur: Sevgi, sevgili ile ilgili bulunan her \u015feye sirayet eder. Uzaktan olsa dahi sevgili ile m\u00fcnasebeti bulunan her \u015feye ge\u00e7er. Bu bak\u0131mdan \u015fiddetli bir \u015fekilde herhangi bir insan\u0131 seven bir kimse, o insan\u0131n sevdiklerini de sever. Onun dostlar\u0131n\u0131 dost edinir. Ona hizmet edeni sever. Dostunu \u00f6veni de sever. Dostunun r\u0131zas\u0131na ko\u015fan\u0131 da sever.\u201d *** Asr\u0131n\u0131n m\u00fcceddidi H\u00fcccet\u00fc\u2019l-\u0130slam \u0130mam Gazal\u00ee bu kitab\u0131nda \u201csevgi\u201d kelimesini merkeze al\u0131yor. Sevginin mahiyetini, \u00f6zelli\u011fini, kime ve neye nas\u0131l y\u00f6nlendirilmesi gerekti\u011fini a\u00e7\u0131kl\u0131yor. <\/p>\n","protected":false},"excerpt":{"rendered":"<p>\u201cSevdi\u011fi insandan ilim, amel veya onun vas\u0131tas\u0131yla onun \u00f6tesinde bulunan bir hedefe varmay\u0131 elde etmek i\u00e7in de\u011fil sadece Allah i\u00e7in sevmektir. Sevginin bu derecesi, derecelerin en<span class=\"excerpt-hellip\"> [\u2026]<\/span><\/p>\n","protected":false},"featured_media":0,"template":"","meta":{"_monsterinsights_skip_tracking":false,"_monsterinsights_sitenote_active":false,"_monsterinsights_sitenote_note":"","_monsterinsights_sitenote_category":0},"product_brand":[],"product_cat":[20502,12357],"product_tag":[],"class_list":{"0":"post-736739","1":"product","2":"type-product","3":"status-publish","5":"product_cat-basvuru-kitaplari-psikoloji","6":"product_cat-psikoloji","7":"pa_cilt-ciltsiz","8":"pa_tur-kitap","9":"pa_yayinevi-nesil-yayinlari","10":"pa_yazar-imam-i-gazali","12":"first","13":"instock","14":"sale","15":"shipping-taxable","16":"purchasable","17":"product-type-simple"},"_links":{"self":[{"href":"https:\/\/roveyayinevi.com.tr\/index.php\/wp-json\/wp\/v2\/product\/736739","targetHints":{"allow":["GET"]}}],"collection":[{"href":"https:\/\/roveyayinevi.com.tr\/index.php\/wp-json\/wp\/v2\/product"}],"about":[{"href":"https:\/\/roveyayinevi.com.tr\/index.php\/wp-json\/wp\/v2\/types\/product"}],"wp:attachment":[{"href":"https:\/\/roveyayinevi.com.tr\/index.php\/wp-json\/wp\/v2\/media?parent=736739"}],"wp:term":[{"taxonomy":"product_brand","embeddable":true,"href":"https:\/\/roveyayinevi.com.tr\/index.php\/wp-json\/wp\/v2\/product_brand?post=736739"},{"taxonomy":"product_cat","embeddable":true,"href":"https:\/\/roveyayinevi.com.tr\/index.php\/wp-json\/wp\/v2\/product_cat?post=736739"},{"taxonomy":"product_tag","embeddable":true,"href":"https:\/\/roveyayinevi.com.tr\/index.php\/wp-json\/wp\/v2\/product_tag?post=736739"}],"curies":[{"name":"wp","href":"https:\/\/api.w.org\/{rel}","templated":true}]}}