{"id":736737,"date":"2025-08-27T23:14:04","date_gmt":"2025-08-27T20:14:04","guid":{"rendered":"https:\/\/roveyayinevi.com.tr\/index.php\/urun\/evliligimi-nasil-kurtaririm\/"},"modified":"2026-04-03T02:52:04","modified_gmt":"2026-04-02T23:52:04","slug":"evliligimi-nasil-kurtaririm","status":"publish","type":"product","link":"https:\/\/roveyayinevi.com.tr\/index.php\/urun\/evliligimi-nasil-kurtaririm\/","title":{"rendered":"Evlili\u011fimi Nas\u0131l Kurtar\u0131r\u0131m?"},"content":{"rendered":"<p>Hepimiz hayat yolculu\u011funda kendimiz i\u00e7in \u201cen iyi\u201d olan\u0131 ar\u0131yoruz. Bu kitap, i\u00e7inde bulundu\u011fumuz \u00e7a\u011f\u0131n insana sundu\u011fu imk\u00e2n ve olas\u0131l\u0131klara kar\u015f\u0131n artan \u00e7at\u0131\u015fma ve zorluklar kar\u015f\u0131s\u0131nda yeni bir bak\u0131\u015f a\u00e7\u0131s\u0131 ve \u00e7\u00f6z\u00fcm yollar\u0131 bulunmas\u0131n\u0131 kolayla\u015ft\u0131rmak i\u00e7in kaleme al\u0131nd\u0131. \u00dc\u00e7 b\u00f6l\u00fcmden olu\u015fan kitab\u0131n her bir b\u00f6l\u00fcm\u00fc bir psikoterapi seans\u0131 tad\u0131nda planland\u0131. Kendinizi g\u00fcvenle emanet etti\u011finiz bir terapist rehberli\u011fi ile size kendinizi, e\u015finizi ve ili\u015fkinizi tan\u0131ma imk\u00e2n\u0131 sunuyor. Biliyoruz ki bir birlikteli\u011fin en \u00f6nemli \u00fcyesi \u201cili\u015fkileri\u201ddir. <\/p>\n","protected":false},"excerpt":{"rendered":"<p>Hepimiz hayat yolculu\u011funda kendimiz i\u00e7in \u201cen iyi\u201d olan\u0131 ar\u0131yoruz. Bu kitap, i\u00e7inde bulundu\u011fumuz \u00e7a\u011f\u0131n insana sundu\u011fu imk\u00e2n ve olas\u0131l\u0131klara kar\u015f\u0131n artan \u00e7at\u0131\u015fma ve zorluklar kar\u015f\u0131s\u0131nda yeni<span class=\"excerpt-hellip\"> [\u2026]<\/span><\/p>\n","protected":false},"featured_media":0,"template":"","meta":{"_monsterinsights_skip_tracking":false,"_monsterinsights_sitenote_active":false,"_monsterinsights_sitenote_note":"","_monsterinsights_sitenote_category":0},"product_brand":[],"product_cat":[12364,12376],"product_tag":[],"class_list":{"0":"post-736737","1":"product","2":"type-product","3":"status-publish","5":"product_cat-genel-konular","6":"product_cat-kisisel-gelisim","7":"pa_cilt-ciltsiz","8":"pa_tur-kitap","9":"pa_yayinevi-nesil-yayinlari","10":"pa_yazar-filiz-tepe-ilknur-ozhan","12":"first","13":"instock","14":"sale","15":"shipping-taxable","16":"purchasable","17":"product-type-simple"},"_links":{"self":[{"href":"https:\/\/roveyayinevi.com.tr\/index.php\/wp-json\/wp\/v2\/product\/736737","targetHints":{"allow":["GET"]}}],"collection":[{"href":"https:\/\/roveyayinevi.com.tr\/index.php\/wp-json\/wp\/v2\/product"}],"about":[{"href":"https:\/\/roveyayinevi.com.tr\/index.php\/wp-json\/wp\/v2\/types\/product"}],"wp:attachment":[{"href":"https:\/\/roveyayinevi.com.tr\/index.php\/wp-json\/wp\/v2\/media?parent=736737"}],"wp:term":[{"taxonomy":"product_brand","embeddable":true,"href":"https:\/\/roveyayinevi.com.tr\/index.php\/wp-json\/wp\/v2\/product_brand?post=736737"},{"taxonomy":"product_cat","embeddable":true,"href":"https:\/\/roveyayinevi.com.tr\/index.php\/wp-json\/wp\/v2\/product_cat?post=736737"},{"taxonomy":"product_tag","embeddable":true,"href":"https:\/\/roveyayinevi.com.tr\/index.php\/wp-json\/wp\/v2\/product_tag?post=736737"}],"curies":[{"name":"wp","href":"https:\/\/api.w.org\/{rel}","templated":true}]}}